{"id":47490,"date":"2023-05-19T12:26:23","date_gmt":"2023-05-19T09:26:23","guid":{"rendered":"https:\/\/exlibris.ee\/toode\/miteinander-deutsch-fur-alltag-und-beruf-a1-2-add-on-zum-kurs-und-arbeitsbuch-auf-hueber-interaktiv-digitaler-unterrichtsplaner\/"},"modified":"2026-04-11T01:26:11","modified_gmt":"2026-04-10T22:26:11","slug":"miteinander-deutsch-fur-alltag-und-beruf-a1-2-add-on-zum-kurs-und-arbeitsbuch-auf-hueber-interaktiv-digitaler-unterrichtsplaner","status":"publish","type":"product","link":"https:\/\/exlibris.ee\/en\/product\/miteinander-deutsch-fur-alltag-und-beruf-a1-2-add-on-zum-kurs-und-arbeitsbuch-auf-hueber-interaktiv-digitaler-unterrichtsplaner\/","title":{"rendered":"Miteinander! Deutsch f\u00fcr Alltag und Beruf A1.2  Add-on zum Kurs- und Arbeitsbuch auf Hueber interaktiv: Digitaler Unterrichtsplaner"},"content":{"rendered":"<p>Miteinander! A1.2 Digitaler Unterrichtsplaner Der digitale Unterrichtsplaner ist eine Erweiterung der interaktiven Version des Kurs- und Arbeitsbuchs auf Hueber interaktiv: &#8211; Das besondere Plus: Ein Didaktik-Glossar erkl\u00e4rt didaktische Fachbegriffe anschaulich und praxisnah und das Methodenglossar gibt Erkl\u00e4rungen f\u00fcr die Umsetzung im Unterricht. &#8211; Unterrichtspl\u00e4ne zu allen Lektionen und Tipps f\u00fcr den digitalgest\u00fctzten Unterricht &#8211; Schnelltests mit L\u00f6sungen zu allen Lektionen sowie Evaluierungsb\u00f6gen f\u00fcr die Lernfortschrittstests im Arbeitsbuch &#8211; zahlreiche Kopiervorlagen f\u00fcr spielerische Aktivit\u00e4ten &#8211; alle L\u00f6sungen des Kurs- und Arbeitsbuchs &#8211; alle Transkriptionen der Audios und Videos.<\/p>\n","protected":false},"excerpt":{"rendered":"<p>Miteinander! A1.2 Digitaler Unterrichtsplaner Der digitale Unterrichtsplaner ist eine Erweiterung der interaktiven Version des Kurs- und Arbeitsbuchs auf Hueber interaktiv: &#8211; Das besondere Plus: Ein Didaktik-Glossar erkl\u00e4rt didaktische Fachbegriffe anschaulich und praxisnah und das Methodenglossar gibt Erkl\u00e4rungen f\u00fcr die Umsetzung&#8230;<\/p>\n","protected":false},"featured_media":58048,"template":"","meta":{"_acf_changed":false,"inline_featured_image":false},"product_brand":[],"product_cat":[885],"product_tag":[],"series":[{"id":1132,"name":"Miteinander","slug":"miteinander"}],"publisher":[{"id":497,"name":"Hueber Verlag","slug":"hueber-verlag"}],"class_list":{"0":"post-47490","1":"product","2":"type-product","3":"status-publish","4":"has-post-thumbnail","6":"product_cat-berufssprache","7":"series-miteinander","8":"publisher-hueber-verlag","10":"first","11":"onbackorder","12":"taxable","13":"shipping-taxable","14":"purchasable","15":"product-type-simple"},"acf":[],"_links":{"self":[{"href":"https:\/\/exlibris.ee\/en\/wp-json\/wp\/v2\/product\/47490","targetHints":{"allow":["GET"]}}],"collection":[{"href":"https:\/\/exlibris.ee\/en\/wp-json\/wp\/v2\/product"}],"about":[{"href":"https:\/\/exlibris.ee\/en\/wp-json\/wp\/v2\/types\/product"}],"wp:featuredmedia":[{"embeddable":true,"href":"https:\/\/exlibris.ee\/en\/wp-json\/wp\/v2\/media\/58048"}],"wp:attachment":[{"href":"https:\/\/exlibris.ee\/en\/wp-json\/wp\/v2\/media?parent=47490"}],"wp:term":[{"taxonomy":"product_brand","embeddable":true,"href":"https:\/\/exlibris.ee\/en\/wp-json\/wp\/v2\/product_brand?post=47490"},{"taxonomy":"product_cat","embeddable":true,"href":"https:\/\/exlibris.ee\/en\/wp-json\/wp\/v2\/product_cat?post=47490"},{"taxonomy":"product_tag","embeddable":true,"href":"https:\/\/exlibris.ee\/en\/wp-json\/wp\/v2\/product_tag?post=47490"},{"taxonomy":"series","embeddable":true,"href":"https:\/\/exlibris.ee\/en\/wp-json\/wp\/v2\/series?post=47490"},{"taxonomy":"publisher","embeddable":true,"href":"https:\/\/exlibris.ee\/en\/wp-json\/wp\/v2\/publisher?post=47490"}],"curies":[{"name":"wp","href":"https:\/\/api.w.org\/{rel}","templated":true}]}}