{"id":47494,"date":"2023-05-19T12:26:24","date_gmt":"2023-05-19T09:26:24","guid":{"rendered":"https:\/\/exlibris.ee\/toode\/kikus-englisch-language-learning-for-children-11-pictures-to-colour-in-plus-song-lyrics-and-suggestions-for-movement-to-accompany-the-kikus-hello-cd-songbook-hello\/"},"modified":"2026-04-20T09:49:16","modified_gmt":"2026-04-20T06:49:16","slug":"kikus-englisch-language-learning-for-children-11-pictures-to-colour-in-plus-song-lyrics-and-suggestions-for-movement-to-accompany-the-kikus-hello-cd-songbook-hello","status":"publish","type":"product","link":"https:\/\/exlibris.ee\/en\/product\/kikus-englisch-language-learning-for-children-11-pictures-to-colour-in-plus-song-lyrics-and-suggestions-for-movement-to-accompany-the-kikus-hello-cd-songbook-hello\/","title":{"rendered":"KIKUS Englisch  Language Learning for Children \u2013 11 pictures to colour in plus song lyrics and suggestions for movement to accompany the KIKUS &#8220;Hello&#8221; CD \/ Songbook &#8220;Hello&#8221;"},"content":{"rendered":"<p>Liederheft Es enth\u00e4lt die Texte sowie Ausmalbilder, Bewegungsanleitungen und sprachdidaktische Hinweise zu den 11 Liedern. Idealerweise werden die Bl\u00e4tter einzeln an die Kinder vergeben, nachdem das Lied im Sprachf\u00f6rderkurs eingef\u00fchrt worden ist. Die Kinder k\u00f6nnen dann zu Hause das Lied immer wieder h\u00f6ren und sich mit den Bildern und \u201e\u00dcbungen\u201c der Bl\u00e4tter besch\u00e4ftigen. Das Liederheft bietet zu jedem Lied ein Arbeitsblatt zum Ausmalen mit Erz\u00e4hlanlass, Zuordnungs\u00fcbung etc. sowie dem Liedtext auf der R\u00fcckseite.<\/p>\n","protected":false},"excerpt":{"rendered":"<p>Liederheft Es enth\u00e4lt die Texte sowie Ausmalbilder, Bewegungsanleitungen und sprachdidaktische Hinweise zu den 11 Liedern. Idealerweise werden die Bl\u00e4tter einzeln an die Kinder vergeben, nachdem das Lied im Sprachf\u00f6rderkurs eingef\u00fchrt worden ist. Die Kinder k\u00f6nnen dann zu Hause das Lied&#8230;<\/p>\n","protected":false},"featured_media":58057,"template":"","meta":{"_acf_changed":false,"inline_featured_image":false},"product_brand":[],"product_cat":[897],"product_tag":[],"series":[{"id":575,"name":"Kikus","slug":"kikus"}],"publisher":[{"id":497,"name":"Hueber Verlag","slug":"hueber-verlag"}],"class_list":{"0":"post-47494","1":"product","2":"type-product","3":"status-publish","4":"has-post-thumbnail","6":"product_cat-keeleope-leiunurk","7":"series-kikus","8":"publisher-hueber-verlag","10":"first","11":"instock","12":"taxable","13":"shipping-taxable","14":"purchasable","15":"product-type-simple"},"acf":[],"_links":{"self":[{"href":"https:\/\/exlibris.ee\/en\/wp-json\/wp\/v2\/product\/47494","targetHints":{"allow":["GET"]}}],"collection":[{"href":"https:\/\/exlibris.ee\/en\/wp-json\/wp\/v2\/product"}],"about":[{"href":"https:\/\/exlibris.ee\/en\/wp-json\/wp\/v2\/types\/product"}],"wp:featuredmedia":[{"embeddable":true,"href":"https:\/\/exlibris.ee\/en\/wp-json\/wp\/v2\/media\/58057"}],"wp:attachment":[{"href":"https:\/\/exlibris.ee\/en\/wp-json\/wp\/v2\/media?parent=47494"}],"wp:term":[{"taxonomy":"product_brand","embeddable":true,"href":"https:\/\/exlibris.ee\/en\/wp-json\/wp\/v2\/product_brand?post=47494"},{"taxonomy":"product_cat","embeddable":true,"href":"https:\/\/exlibris.ee\/en\/wp-json\/wp\/v2\/product_cat?post=47494"},{"taxonomy":"product_tag","embeddable":true,"href":"https:\/\/exlibris.ee\/en\/wp-json\/wp\/v2\/product_tag?post=47494"},{"taxonomy":"series","embeddable":true,"href":"https:\/\/exlibris.ee\/en\/wp-json\/wp\/v2\/series?post=47494"},{"taxonomy":"publisher","embeddable":true,"href":"https:\/\/exlibris.ee\/en\/wp-json\/wp\/v2\/publisher?post=47494"}],"curies":[{"name":"wp","href":"https:\/\/api.w.org\/{rel}","templated":true}]}}