{"id":47504,"date":"2023-05-19T12:26:26","date_gmt":"2023-05-19T09:26:26","guid":{"rendered":"https:\/\/exlibris.ee\/toode\/momente-a2-kursbuch-interaktive-version-2\/"},"modified":"2026-04-21T10:08:12","modified_gmt":"2026-04-21T07:08:12","slug":"momente-a2-kursbuch-interaktive-version-2","status":"publish","type":"product","link":"https:\/\/exlibris.ee\/en\/product\/momente-a2-kursbuch-interaktive-version-2\/","title":{"rendered":"Momente A2  Kursbuch \u2013 Interaktive Version"},"content":{"rendered":"<p>Momente \u2013 das intermediale Grundstufenlehrwerk f\u00fcr Deutsch als Fremdsprache Kursbuch A2 \u2013 Interaktive Version der dreib\u00e4ndigen Ausgabe (rein digitales Produkt) Zielgruppe: Erwachsene und Jugendliche ab 16 Jahren in A2-Kursen weltweit &#8211; digitales Kursbuch f\u00fcr Whiteboard, PC\/Mac und Tablet &#8211; alle H\u00f6rdateien und Filme des Buches, direkt bei der jeweiligen Aufgabe abrufbar &#8211; interaktiv umgesetzte Kursbuch\u00fcbungen zum Einsatz im Unterricht oder zum individuellen Wiederholen der Kursinhalte &#8211; Erkl\u00e4r-Clips zu Grammatik, Wortschatz und Kommunikation greifen den gesamten Lernstoff des Buches auf. &#8211; passgenau auf diese Erkl\u00e4r-Clips abgestimmte interaktive \u00dcbungen: damit lassen sich die neuen Lerninhalte individuell oder im Kurs wiederholen und vertiefen &#8211; binnendifferenzierende interaktive \u00dcbungen zu den Schnelltests am Ende jeder Lektion &#8211; eine umfangreiche Toolbar mit vielseitigen Funktionen f\u00fcr den Einsatz am Whiteboard (u. a. markieren, Notizen, Schreibwerkzeuge u.v.m.) &#8211; alle H\u00f6rdateien und Filme des Buches, direkt bei der jeweiligen Aufgabe abrufbar &#8211; interaktiv umgesetzte Kursbuch\u00fcbungen zum Einsatz im Unterricht oder zum individuellen Wiederholen der Kursinhalte &#8211; Erkl\u00e4r-Clips zu Grammatik, Wortschatz und Kommunikation greifen den gesamten Lernstoff des Buches auf. &#8211; passgenau auf diese Erkl\u00e4r-Clips abgestimmte interaktive \u00dcbungen: damit lassen sich die neuen Lerninhalte individuell oder im Kurs wiederholen und vertiefen &#8211; binnendifferenzierende interaktive \u00dcbungen zu den Schnelltests am Ende jeder Lektion &#8211; eine umfangreiche Toolbar mit vielseitigen Funktionen f\u00fcr den Einsatz am Whiteboard (u. a. markieren, Notizen, Schreibwerkzeuge u.v.m.).<\/p>\n","protected":false},"excerpt":{"rendered":"<p>Momente \u2013 das intermediale Grundstufenlehrwerk f\u00fcr Deutsch als Fremdsprache Kursbuch A2 \u2013 Interaktive Version der dreib\u00e4ndigen Ausgabe (rein digitales Produkt) Zielgruppe: Erwachsene und Jugendliche ab 16 Jahren in A2-Kursen weltweit &#8211; digitales Kursbuch f\u00fcr Whiteboard, PC\/Mac und Tablet &#8211; alle&#8230;<\/p>\n","protected":false},"featured_media":58111,"template":"","meta":{"_acf_changed":false,"inline_featured_image":false},"product_brand":[],"product_cat":[1121],"product_tag":[],"series":[{"id":1128,"name":"Momente","slug":"momente"}],"publisher":[{"id":497,"name":"Hueber Verlag","slug":"hueber-verlag"}],"class_list":{"0":"post-47504","1":"product","2":"type-product","3":"status-publish","4":"has-post-thumbnail","6":"product_cat-lehrwerke-fur-jugendliche-und-erwachsene","7":"series-momente","8":"publisher-hueber-verlag","10":"first","11":"onbackorder","12":"taxable","13":"shipping-taxable","14":"purchasable","15":"product-type-simple"},"acf":[],"_links":{"self":[{"href":"https:\/\/exlibris.ee\/en\/wp-json\/wp\/v2\/product\/47504","targetHints":{"allow":["GET"]}}],"collection":[{"href":"https:\/\/exlibris.ee\/en\/wp-json\/wp\/v2\/product"}],"about":[{"href":"https:\/\/exlibris.ee\/en\/wp-json\/wp\/v2\/types\/product"}],"wp:featuredmedia":[{"embeddable":true,"href":"https:\/\/exlibris.ee\/en\/wp-json\/wp\/v2\/media\/58111"}],"wp:attachment":[{"href":"https:\/\/exlibris.ee\/en\/wp-json\/wp\/v2\/media?parent=47504"}],"wp:term":[{"taxonomy":"product_brand","embeddable":true,"href":"https:\/\/exlibris.ee\/en\/wp-json\/wp\/v2\/product_brand?post=47504"},{"taxonomy":"product_cat","embeddable":true,"href":"https:\/\/exlibris.ee\/en\/wp-json\/wp\/v2\/product_cat?post=47504"},{"taxonomy":"product_tag","embeddable":true,"href":"https:\/\/exlibris.ee\/en\/wp-json\/wp\/v2\/product_tag?post=47504"},{"taxonomy":"series","embeddable":true,"href":"https:\/\/exlibris.ee\/en\/wp-json\/wp\/v2\/series?post=47504"},{"taxonomy":"publisher","embeddable":true,"href":"https:\/\/exlibris.ee\/en\/wp-json\/wp\/v2\/publisher?post=47504"}],"curies":[{"name":"wp","href":"https:\/\/api.w.org\/{rel}","templated":true}]}}