{"id":47508,"date":"2023-05-19T12:26:26","date_gmt":"2023-05-19T09:26:26","guid":{"rendered":"https:\/\/exlibris.ee\/toode\/menschen-hier-a2-2-arbeitsbuch-mit-audio-cd\/"},"modified":"2026-04-14T01:24:27","modified_gmt":"2026-04-13T22:24:27","slug":"menschen-hier-a2-2-arbeitsbuch-mit-audio-cd","status":"publish","type":"product","link":"https:\/\/exlibris.ee\/en\/product\/menschen-hier-a2-2-arbeitsbuch-mit-audio-cd\/","title":{"rendered":"Menschen hier A2.2: Arbeitsbuch mit Audio-CD"},"content":{"rendered":"<p>Arbeitsbuch Niveau A2.2 der sechsb\u00e4ndigen Ausgabe Das Arbeitsbuch Menschen hier erleichtert die Integration in den deutschsprachigen Alltag. Menschen hier deckt alle alltags- und berufsrelevanten Lernziele innerhalb der wichtigsten Handlungsfelder von Arbeit bis Wohnen ab, die durch das Rahmencurriculum des Bundesamts f\u00fcr Migration und Fl\u00fcchtlinge (BAMF) vorgegeben sind. Sprachhandlungen, Grammatik und Wortschatz entsprechen den Anforderungen des f\u00fcr Teilnehmer in Integrationskursen verbindlichen Deutsch-Tests f\u00fcr Zuwanderer (Niveau A2-B1).<\/p>\n","protected":false},"excerpt":{"rendered":"<p>Arbeitsbuch Niveau A2.2 der sechsb\u00e4ndigen Ausgabe Das Arbeitsbuch Menschen hier erleichtert die Integration in den deutschsprachigen Alltag. Menschen hier deckt alle alltags- und berufsrelevanten Lernziele innerhalb der wichtigsten Handlungsfelder von Arbeit bis Wohnen ab, die durch das Rahmencurriculum des Bundesamts&#8230;<\/p>\n","protected":false},"featured_media":253201,"template":"","meta":{"_acf_changed":false,"inline_featured_image":false},"product_brand":[],"product_cat":[897],"product_tag":[],"series":[{"id":555,"name":"Menschen A2","slug":"menschen-a2"}],"publisher":[{"id":497,"name":"Hueber Verlag","slug":"hueber-verlag"}],"class_list":{"0":"post-47508","1":"product","2":"type-product","3":"status-publish","4":"has-post-thumbnail","6":"product_cat-keeleope-leiunurk","7":"series-menschen-a2","8":"publisher-hueber-verlag","10":"first","11":"instock","12":"taxable","13":"shipping-taxable","14":"purchasable","15":"product-type-simple"},"acf":[],"_links":{"self":[{"href":"https:\/\/exlibris.ee\/en\/wp-json\/wp\/v2\/product\/47508","targetHints":{"allow":["GET"]}}],"collection":[{"href":"https:\/\/exlibris.ee\/en\/wp-json\/wp\/v2\/product"}],"about":[{"href":"https:\/\/exlibris.ee\/en\/wp-json\/wp\/v2\/types\/product"}],"wp:featuredmedia":[{"embeddable":true,"href":"https:\/\/exlibris.ee\/en\/wp-json\/wp\/v2\/media\/253201"}],"wp:attachment":[{"href":"https:\/\/exlibris.ee\/en\/wp-json\/wp\/v2\/media?parent=47508"}],"wp:term":[{"taxonomy":"product_brand","embeddable":true,"href":"https:\/\/exlibris.ee\/en\/wp-json\/wp\/v2\/product_brand?post=47508"},{"taxonomy":"product_cat","embeddable":true,"href":"https:\/\/exlibris.ee\/en\/wp-json\/wp\/v2\/product_cat?post=47508"},{"taxonomy":"product_tag","embeddable":true,"href":"https:\/\/exlibris.ee\/en\/wp-json\/wp\/v2\/product_tag?post=47508"},{"taxonomy":"series","embeddable":true,"href":"https:\/\/exlibris.ee\/en\/wp-json\/wp\/v2\/series?post=47508"},{"taxonomy":"publisher","embeddable":true,"href":"https:\/\/exlibris.ee\/en\/wp-json\/wp\/v2\/publisher?post=47508"}],"curies":[{"name":"wp","href":"https:\/\/api.w.org\/{rel}","templated":true}]}}