{"id":47520,"date":"2023-05-19T12:26:29","date_gmt":"2023-05-19T09:26:29","guid":{"rendered":"https:\/\/exlibris.ee\/toode\/paul-lisa-co-a1-2-deutsch-fur-kinder-interaktives-kursbuch-fur-whiteboard-und-beamer-dvd-rom\/"},"modified":"2026-04-10T05:17:48","modified_gmt":"2026-04-10T02:17:48","slug":"paul-lisa-co-a1-2-deutsch-fur-kinder-interaktives-kursbuch-fur-whiteboard-und-beamer-dvd-rom","status":"publish","type":"product","link":"https:\/\/exlibris.ee\/en\/product\/paul-lisa-co-a1-2-deutsch-fur-kinder-interaktives-kursbuch-fur-whiteboard-und-beamer-dvd-rom\/","title":{"rendered":"Paul, Lisa &amp; Co A1.2  Deutsch f\u00fcr Kinder \/ Interaktives Kursbuch f\u00fcr Whiteboard und Beamer \u2013  DVD-ROM"},"content":{"rendered":"<p>Interaktives Kurs- und Arbeitsbuch mit Spielen &#8211; alle Kursbuch-Spiele sind interaktiv umgesetzt, zahlreiche zus\u00e4tzliche interaktive Spiele lockern den Unterricht auf &#8211; viele interaktive \u00dcbungen aus Kurs- und Arbeitsbuch &#8211; modularer Aufbau: f\u00fcnf Module mit je zwei kurzen Lektionen &#8211; die attraktive Moduleinstiegsseite stellt jeweils einen oder mehrere Protagonisten in einer konkreten Lebenssituation vor und fasst die Lernziele des Moduls zusammen &#8211; die vielseitigen Modulendseiten greifen Gelerntes in Form von Projekten, Reimen, Liedern, Aussprache\u00fcbungen und einem altersgerechten Portfolio auf &#8211; die Lernziel\u00fcbersicht erfasst noch einmal \u00fcbersichtlich und transparent die Modulinhalte &#8211; intuitives Unterrichten: die Lektionen sind kleinschrittig aufgebaut und vermitteln Lernziele kontextualisiert, die Progression ist etwas steiler als bei Paul, Lisa &amp; Co Starter &#8211; fakultative und erg\u00e4nzende Seiten im Anhang mit landeskundlichem Schwerpunkt &#8211; Anregungen f\u00fcr f\u00e4cher\u00fcbergreifenden Unterricht.<\/p>\n","protected":false},"excerpt":{"rendered":"<p>Interaktives Kurs- und Arbeitsbuch mit Spielen &#8211; alle Kursbuch-Spiele sind interaktiv umgesetzt, zahlreiche zus\u00e4tzliche interaktive Spiele lockern den Unterricht auf &#8211; viele interaktive \u00dcbungen aus Kurs- und Arbeitsbuch &#8211; modularer Aufbau: f\u00fcnf Module mit je zwei kurzen Lektionen &#8211; die&#8230;<\/p>\n","protected":false},"featured_media":58189,"template":"","meta":{"_acf_changed":false,"inline_featured_image":false},"product_brand":[],"product_cat":[471],"product_tag":[],"series":[{"id":1119,"name":"Paul, Lisa &amp; Co","slug":"paul-lisa-co"}],"publisher":[{"id":497,"name":"Hueber Verlag","slug":"hueber-verlag"}],"class_list":{"0":"post-47520","1":"product","2":"type-product","3":"status-publish","4":"has-post-thumbnail","6":"product_cat-lehrwerke-fur-kinder","7":"series-paul-lisa-co","8":"publisher-hueber-verlag","10":"first","11":"onbackorder","12":"taxable","13":"shipping-taxable","14":"purchasable","15":"product-type-simple"},"acf":[],"_links":{"self":[{"href":"https:\/\/exlibris.ee\/en\/wp-json\/wp\/v2\/product\/47520","targetHints":{"allow":["GET"]}}],"collection":[{"href":"https:\/\/exlibris.ee\/en\/wp-json\/wp\/v2\/product"}],"about":[{"href":"https:\/\/exlibris.ee\/en\/wp-json\/wp\/v2\/types\/product"}],"wp:featuredmedia":[{"embeddable":true,"href":"https:\/\/exlibris.ee\/en\/wp-json\/wp\/v2\/media\/58189"}],"wp:attachment":[{"href":"https:\/\/exlibris.ee\/en\/wp-json\/wp\/v2\/media?parent=47520"}],"wp:term":[{"taxonomy":"product_brand","embeddable":true,"href":"https:\/\/exlibris.ee\/en\/wp-json\/wp\/v2\/product_brand?post=47520"},{"taxonomy":"product_cat","embeddable":true,"href":"https:\/\/exlibris.ee\/en\/wp-json\/wp\/v2\/product_cat?post=47520"},{"taxonomy":"product_tag","embeddable":true,"href":"https:\/\/exlibris.ee\/en\/wp-json\/wp\/v2\/product_tag?post=47520"},{"taxonomy":"series","embeddable":true,"href":"https:\/\/exlibris.ee\/en\/wp-json\/wp\/v2\/series?post=47520"},{"taxonomy":"publisher","embeddable":true,"href":"https:\/\/exlibris.ee\/en\/wp-json\/wp\/v2\/publisher?post=47520"}],"curies":[{"name":"wp","href":"https:\/\/api.w.org\/{rel}","templated":true}]}}