{"id":47575,"date":"2023-05-19T12:26:54","date_gmt":"2023-05-19T09:26:54","guid":{"rendered":"https:\/\/exlibris.ee\/toode\/prufung-express-dsd-i-pro-ubungsbuch-interaktive-version\/"},"modified":"2026-04-17T17:35:28","modified_gmt":"2026-04-17T14:35:28","slug":"prufung-express-dsd-i-pro-ubungsbuch-interaktive-version","status":"publish","type":"product","link":"https:\/\/exlibris.ee\/en\/product\/prufung-express-dsd-i-pro-ubungsbuch-interaktive-version\/","title":{"rendered":"Pr\u00fcfung Express &#8211; DSD I PRO  \u00dcbungsbuch &#8211; interaktive Version"},"content":{"rendered":"<p>Das Deutsche Sprachdiplom der Kultusministerkonferenz an beruflichen Schulen im In- und Ausland f\u00fcr Sch\u00fcler:innen ab ca. 16 Jahren hat zum Ziel, einen Nachweis deutscher Sprachkenntnisse mit berufssprachlichem Schwerpunkt auf dem Niveau B1 zu erbringen. Das kompakte und \u00fcbersichtliche Pr\u00fcfungsvorbereitungsmaterial richtet sich an Lernende, die die Niveaustufe erreicht haben und sich schnell auf die Pr\u00fcfung vorbereiten wollen, sowie an Lehrende, die sich einen schnellen \u00dcberblick \u00fcber die Pr\u00fcfung und deren Anforderungen verschaffen wollen bzw. auf ein ausf\u00fchrliches Pr\u00fcfungstraining am Ende eines Sprachkurses verzichten k\u00f6nnen. Es enth\u00e4lt zwei Pr\u00fcfungss\u00e4tze: einer mit Hinweisen und Strategien f\u00fcr ein erfolgreiches Bestehen, einer ohne Tipps als Probelauf. Zudem finden sich kommentierte L\u00f6sungen mit Hinweisen, warum eine L\u00f6sung richtig oder falsch ist.<\/p>\n","protected":false},"excerpt":{"rendered":"<p>Das Deutsche Sprachdiplom der Kultusministerkonferenz an beruflichen Schulen im In- und Ausland f\u00fcr Sch\u00fcler:innen ab ca. 16 Jahren hat zum Ziel, einen Nachweis deutscher Sprachkenntnisse mit berufssprachlichem Schwerpunkt auf dem Niveau B1 zu erbringen. Das kompakte und \u00fcbersichtliche Pr\u00fcfungsvorbereitungsmaterial richtet&#8230;<\/p>\n","protected":false},"featured_media":58381,"template":"","meta":{"_acf_changed":false,"inline_featured_image":false},"product_brand":[],"product_cat":[507],"product_tag":[],"series":[{"id":1187,"name":"Pr\u00fcfung Express","slug":"prufung-express"}],"publisher":[{"id":497,"name":"Hueber Verlag","slug":"hueber-verlag"}],"class_list":{"0":"post-47575","1":"product","2":"type-product","3":"status-publish","4":"has-post-thumbnail","6":"product_cat-prufungsvorbereitung","7":"series-prufung-express","8":"publisher-hueber-verlag","10":"first","11":"onbackorder","12":"taxable","13":"shipping-taxable","14":"purchasable","15":"product-type-simple"},"acf":[],"_links":{"self":[{"href":"https:\/\/exlibris.ee\/en\/wp-json\/wp\/v2\/product\/47575","targetHints":{"allow":["GET"]}}],"collection":[{"href":"https:\/\/exlibris.ee\/en\/wp-json\/wp\/v2\/product"}],"about":[{"href":"https:\/\/exlibris.ee\/en\/wp-json\/wp\/v2\/types\/product"}],"wp:featuredmedia":[{"embeddable":true,"href":"https:\/\/exlibris.ee\/en\/wp-json\/wp\/v2\/media\/58381"}],"wp:attachment":[{"href":"https:\/\/exlibris.ee\/en\/wp-json\/wp\/v2\/media?parent=47575"}],"wp:term":[{"taxonomy":"product_brand","embeddable":true,"href":"https:\/\/exlibris.ee\/en\/wp-json\/wp\/v2\/product_brand?post=47575"},{"taxonomy":"product_cat","embeddable":true,"href":"https:\/\/exlibris.ee\/en\/wp-json\/wp\/v2\/product_cat?post=47575"},{"taxonomy":"product_tag","embeddable":true,"href":"https:\/\/exlibris.ee\/en\/wp-json\/wp\/v2\/product_tag?post=47575"},{"taxonomy":"series","embeddable":true,"href":"https:\/\/exlibris.ee\/en\/wp-json\/wp\/v2\/series?post=47575"},{"taxonomy":"publisher","embeddable":true,"href":"https:\/\/exlibris.ee\/en\/wp-json\/wp\/v2\/publisher?post=47575"}],"curies":[{"name":"wp","href":"https:\/\/api.w.org\/{rel}","templated":true}]}}