{"id":47577,"date":"2023-05-19T12:26:55","date_gmt":"2023-05-19T09:26:55","guid":{"rendered":"https:\/\/exlibris.ee\/toode\/im-beruf-neu-b1-b2-digitale-ausgabe-digitalisiertes-kursbuch-mit-integrierten-audiodateien\/"},"modified":"2026-04-17T17:35:30","modified_gmt":"2026-04-17T14:35:30","slug":"im-beruf-neu-b1-b2-digitale-ausgabe-digitalisiertes-kursbuch-mit-integrierten-audiodateien","status":"publish","type":"product","link":"https:\/\/exlibris.ee\/en\/product\/im-beruf-neu-b1-b2-digitale-ausgabe-digitalisiertes-kursbuch-mit-integrierten-audiodateien\/","title":{"rendered":"Im Beruf NEU B1+\/B2 &#8211; Digitale Ausgabe  Digitalisiertes Kursbuch mit integrierten Audiodateien"},"content":{"rendered":"<p>Digitalisiertes Kursbuch mit integrierten Audiodateien (rein digitales Produkt) Berufssprachliches Lehrwerk f\u00fcr Lernende mit abgeschlossener Grundstufe, die erweiterte Sprachkenntnisse ben\u00f6tigen, um sich auf eine ihrer Ausbildung ad\u00e4quate Stelle bewerben zu k\u00f6nnen Das Kursbuch umfasst 15 kurze Lektionen mit je 6 Seiten. Die erste Seite mit gr\u00f6\u00dferen Fotos bietet einen attraktiven Einstieg und aktiviert mit Aufgaben das Vorwissen. Die folgenden vier Einzelseiten, die jeweils eine Sprachhandlung in den Mittelpunkt stellen und jeweils nur sehr lose miteinander verbunden sind, erm\u00f6glichen eine flexible Unterrichtsgestaltung nach den Bed\u00fcrfnissen der Lernenden. Die \u00dcbersicht Kommunikation &amp; Grammatik schlie\u00dft jede Lektion mit einer Zusammenstellung der Redemittel und Grammatikerkl\u00e4rungen ab. Die Neubearbeitung wurde erg\u00e4nzt mit Themen wie \u201earbeitsrechtliche Informationen verstehen\u201c, \u201eArbeitsvertrag\u201c, \u201eMedienberichte verstehen\u201c, \u201ekomplexe Arbeitsabl\u00e4ufe beschreiben\u201c oder \u201eeine Sicherheitsunterweisung verstehen\u201c. Im Vordergrund stehen die Kommunikationsstrategien im beruflichen Kontext.<\/p>\n","protected":false},"excerpt":{"rendered":"<p>Digitalisiertes Kursbuch mit integrierten Audiodateien (rein digitales Produkt) Berufssprachliches Lehrwerk f\u00fcr Lernende mit abgeschlossener Grundstufe, die erweiterte Sprachkenntnisse ben\u00f6tigen, um sich auf eine ihrer Ausbildung ad\u00e4quate Stelle bewerben zu k\u00f6nnen Das Kursbuch umfasst 15 kurze Lektionen mit je 6 Seiten&#8230;.<\/p>\n","protected":false},"featured_media":58417,"template":"","meta":{"_acf_changed":false,"inline_featured_image":false},"product_brand":[],"product_cat":[885],"product_tag":[],"series":[{"id":1172,"name":"Im Beruf NEU","slug":"im-beruf-neu"}],"publisher":[{"id":497,"name":"Hueber Verlag","slug":"hueber-verlag"}],"class_list":{"0":"post-47577","1":"product","2":"type-product","3":"status-publish","4":"has-post-thumbnail","6":"product_cat-berufssprache","7":"series-im-beruf-neu","8":"publisher-hueber-verlag","10":"first","11":"onbackorder","12":"taxable","13":"shipping-taxable","14":"purchasable","15":"product-type-simple"},"acf":[],"_links":{"self":[{"href":"https:\/\/exlibris.ee\/en\/wp-json\/wp\/v2\/product\/47577","targetHints":{"allow":["GET"]}}],"collection":[{"href":"https:\/\/exlibris.ee\/en\/wp-json\/wp\/v2\/product"}],"about":[{"href":"https:\/\/exlibris.ee\/en\/wp-json\/wp\/v2\/types\/product"}],"wp:featuredmedia":[{"embeddable":true,"href":"https:\/\/exlibris.ee\/en\/wp-json\/wp\/v2\/media\/58417"}],"wp:attachment":[{"href":"https:\/\/exlibris.ee\/en\/wp-json\/wp\/v2\/media?parent=47577"}],"wp:term":[{"taxonomy":"product_brand","embeddable":true,"href":"https:\/\/exlibris.ee\/en\/wp-json\/wp\/v2\/product_brand?post=47577"},{"taxonomy":"product_cat","embeddable":true,"href":"https:\/\/exlibris.ee\/en\/wp-json\/wp\/v2\/product_cat?post=47577"},{"taxonomy":"product_tag","embeddable":true,"href":"https:\/\/exlibris.ee\/en\/wp-json\/wp\/v2\/product_tag?post=47577"},{"taxonomy":"series","embeddable":true,"href":"https:\/\/exlibris.ee\/en\/wp-json\/wp\/v2\/series?post=47577"},{"taxonomy":"publisher","embeddable":true,"href":"https:\/\/exlibris.ee\/en\/wp-json\/wp\/v2\/publisher?post=47577"}],"curies":[{"name":"wp","href":"https:\/\/api.w.org\/{rel}","templated":true}]}}