{"id":47584,"date":"2023-05-19T12:26:58","date_gmt":"2023-05-19T09:26:58","guid":{"rendered":"https:\/\/exlibris.ee\/toode\/gluck-kommt-nicht-von-allein-pdf-download\/"},"modified":"2026-04-04T05:15:31","modified_gmt":"2026-04-04T02:15:31","slug":"gluck-kommt-nicht-von-allein-pdf-download","status":"publish","type":"product","link":"https:\/\/exlibris.ee\/en\/product\/gluck-kommt-nicht-von-allein-pdf-download\/","title":{"rendered":"Gl\u00fcck kommt nicht von allein  PDF-Download"},"content":{"rendered":"<p>Zielgruppe: Jugendliche von 12\u201316 Jahren (Niveaustufe A2) Ida, Pia und Emil haben alle einen Herzenswunsch. Ida geht zu jedem Poetry Slam und schreibt selbst super Texte, traut sich aber nicht, damit aufzutreten. Pia ist begeisterte Surferin und will unbedingt mal auf der Eisbach-Welle surfen. Emil ist in Jule verliebt, traut sich aber nicht, sie mal zu einem Spaziergang oder ins Kino einzuladen. Das Problem: Mut kann man nicht kaufen \u2013 und Gl\u00fcck kommt eben nicht von allein. Die drei schlie\u00dfen einen Vertrag: Wenn Pia sich traut auf der Eisbach-Welle zu surfen, wird Emil in der Schule zu Jule gehen und mit ihr sprechen und Ida beim Sommerfest ihrer Stra\u00dfe n\u00e4chsten Freitag auf der B\u00fchne einen Text vorlesen. Pia traut sich \u2013 jetzt sind die anderen gefragt. Vierfarbige Illustrationen sprechen die Zielgruppe an und unterst\u00fctzen die Wortschatzarbeit. \u00dcbungen zum H\u00f6r- und Leseverstehen erg\u00e4nzen die Lekt\u00fcre. Ein kostenloser MP3-Download liefert den kompletten Lekt\u00fcretext als H\u00f6rbuch und erm\u00f6glicht zus\u00e4tzlich das Training des H\u00f6rverstehens.<\/p>\n","protected":false},"excerpt":{"rendered":"<p>Zielgruppe: Jugendliche von 12\u201316 Jahren (Niveaustufe A2) Ida, Pia und Emil haben alle einen Herzenswunsch. Ida geht zu jedem Poetry Slam und schreibt selbst super Texte, traut sich aber nicht, damit aufzutreten. Pia ist begeisterte Surferin und will unbedingt mal&#8230;<\/p>\n","protected":false},"featured_media":58462,"template":"","meta":{"_acf_changed":false,"inline_featured_image":false},"product_brand":[],"product_cat":[851],"product_tag":[],"series":[{"id":1186,"name":"Gl\u00fcck kommt","slug":"gluck-kommt"}],"publisher":[{"id":497,"name":"Hueber Verlag","slug":"hueber-verlag"}],"class_list":{"0":"post-47584","1":"product","2":"type-product","3":"status-publish","4":"has-post-thumbnail","6":"product_cat-lesetexte-deutsch","7":"series-gluck-kommt","8":"publisher-hueber-verlag","10":"first","11":"onbackorder","12":"taxable","13":"shipping-taxable","14":"purchasable","15":"product-type-simple"},"acf":[],"_links":{"self":[{"href":"https:\/\/exlibris.ee\/en\/wp-json\/wp\/v2\/product\/47584","targetHints":{"allow":["GET"]}}],"collection":[{"href":"https:\/\/exlibris.ee\/en\/wp-json\/wp\/v2\/product"}],"about":[{"href":"https:\/\/exlibris.ee\/en\/wp-json\/wp\/v2\/types\/product"}],"wp:featuredmedia":[{"embeddable":true,"href":"https:\/\/exlibris.ee\/en\/wp-json\/wp\/v2\/media\/58462"}],"wp:attachment":[{"href":"https:\/\/exlibris.ee\/en\/wp-json\/wp\/v2\/media?parent=47584"}],"wp:term":[{"taxonomy":"product_brand","embeddable":true,"href":"https:\/\/exlibris.ee\/en\/wp-json\/wp\/v2\/product_brand?post=47584"},{"taxonomy":"product_cat","embeddable":true,"href":"https:\/\/exlibris.ee\/en\/wp-json\/wp\/v2\/product_cat?post=47584"},{"taxonomy":"product_tag","embeddable":true,"href":"https:\/\/exlibris.ee\/en\/wp-json\/wp\/v2\/product_tag?post=47584"},{"taxonomy":"series","embeddable":true,"href":"https:\/\/exlibris.ee\/en\/wp-json\/wp\/v2\/series?post=47584"},{"taxonomy":"publisher","embeddable":true,"href":"https:\/\/exlibris.ee\/en\/wp-json\/wp\/v2\/publisher?post=47584"}],"curies":[{"name":"wp","href":"https:\/\/api.w.org\/{rel}","templated":true}]}}