{"id":47586,"date":"2023-05-19T12:26:59","date_gmt":"2023-05-19T09:26:59","guid":{"rendered":"https:\/\/exlibris.ee\/toode\/im-beruf-neu-b2-c1-digitale-ausgabe-digitalisiertes-arbeitsbuch\/"},"modified":"2026-04-14T21:21:59","modified_gmt":"2026-04-14T18:21:59","slug":"im-beruf-neu-b2-c1-digitale-ausgabe-digitalisiertes-arbeitsbuch","status":"publish","type":"product","link":"https:\/\/exlibris.ee\/en\/product\/im-beruf-neu-b2-c1-digitale-ausgabe-digitalisiertes-arbeitsbuch\/","title":{"rendered":"Im Beruf NEU B2+\/C1 &#8211; Digitale Ausgabe  Digitalisiertes Arbeitsbuch"},"content":{"rendered":"<p>Digitalisiertes Arbeitsbuch mit integrierten Audiodateien (rein digitales Produkt) Berufssprachliches Lehrwerk f\u00fcr Erwachsene und Jugendliche ab 16 Jahren, die aus beruflichen Gr\u00fcnden Sprachkenntnisse auf dem Niveau C1 erwerben m\u00f6chten. Das Arbeitsbuch ist sowohl f\u00fcr die Integration in den Unterricht als auch f\u00fcr die selbstst\u00e4ndige Nachbereitung des Unterrichtsstoffes geeignet. Es ist sehr gut zur Binnendifferenzierung im Unterricht einsetzbar. Es enth\u00e4lt ein umfangreiches Angebot abwechslungsreicher \u00dcbungen zum Vertiefen und \u00dcben von Grammatik, Wortschatz, Fertigkeiten sowie Redemitteln f\u00fcr typische berufliche Situationen. Inklusive einer \u00dcbersicht \u00fcber den Lernwortschatz der Lektion. Im Beruf NEU B2+\/C1 setzt auf aktive Kommunikation \u2013 im Vordergrund stehen die Kommunikationsstrategien im beruflichen Kontext. Umfangreiche H\u00f6r- und Lesetexte pr\u00e4sentieren das sprachliche Material typischer Situationen von Berufen, die C1-Sprachkenntnisse erfordern. Abwechslungsreiche Aufgaben, \u00dcbungen, Rollenspiele und Szenarien dienen als Sprechanl\u00e4sse f\u00fcr das Ein\u00fcben, Anwenden und eigenst\u00e4ndige Weiterentwickeln des Gelernten.<\/p>\n","protected":false},"excerpt":{"rendered":"<p>Digitalisiertes Arbeitsbuch mit integrierten Audiodateien (rein digitales Produkt) Berufssprachliches Lehrwerk f\u00fcr Erwachsene und Jugendliche ab 16 Jahren, die aus beruflichen Gr\u00fcnden Sprachkenntnisse auf dem Niveau C1 erwerben m\u00f6chten. Das Arbeitsbuch ist sowohl f\u00fcr die Integration in den Unterricht als auch&#8230;<\/p>\n","protected":false},"featured_media":58483,"template":"","meta":{"_acf_changed":false,"inline_featured_image":false},"product_brand":[],"product_cat":[885],"product_tag":[],"series":[{"id":1172,"name":"Im Beruf NEU","slug":"im-beruf-neu"}],"publisher":[{"id":497,"name":"Hueber Verlag","slug":"hueber-verlag"}],"class_list":{"0":"post-47586","1":"product","2":"type-product","3":"status-publish","4":"has-post-thumbnail","6":"product_cat-berufssprache","7":"series-im-beruf-neu","8":"publisher-hueber-verlag","10":"first","11":"onbackorder","12":"taxable","13":"shipping-taxable","14":"purchasable","15":"product-type-simple"},"acf":[],"_links":{"self":[{"href":"https:\/\/exlibris.ee\/en\/wp-json\/wp\/v2\/product\/47586","targetHints":{"allow":["GET"]}}],"collection":[{"href":"https:\/\/exlibris.ee\/en\/wp-json\/wp\/v2\/product"}],"about":[{"href":"https:\/\/exlibris.ee\/en\/wp-json\/wp\/v2\/types\/product"}],"wp:featuredmedia":[{"embeddable":true,"href":"https:\/\/exlibris.ee\/en\/wp-json\/wp\/v2\/media\/58483"}],"wp:attachment":[{"href":"https:\/\/exlibris.ee\/en\/wp-json\/wp\/v2\/media?parent=47586"}],"wp:term":[{"taxonomy":"product_brand","embeddable":true,"href":"https:\/\/exlibris.ee\/en\/wp-json\/wp\/v2\/product_brand?post=47586"},{"taxonomy":"product_cat","embeddable":true,"href":"https:\/\/exlibris.ee\/en\/wp-json\/wp\/v2\/product_cat?post=47586"},{"taxonomy":"product_tag","embeddable":true,"href":"https:\/\/exlibris.ee\/en\/wp-json\/wp\/v2\/product_tag?post=47586"},{"taxonomy":"series","embeddable":true,"href":"https:\/\/exlibris.ee\/en\/wp-json\/wp\/v2\/series?post=47586"},{"taxonomy":"publisher","embeddable":true,"href":"https:\/\/exlibris.ee\/en\/wp-json\/wp\/v2\/publisher?post=47586"}],"curies":[{"name":"wp","href":"https:\/\/api.w.org\/{rel}","templated":true}]}}