{"id":47594,"date":"2023-05-19T12:27:04","date_gmt":"2023-05-19T09:27:04","guid":{"rendered":"https:\/\/exlibris.ee\/toode\/lernwortschatz-deutsch-deutsch-englisch-pdf-download-ausgabe-englisch\/"},"modified":"2026-04-16T17:50:01","modified_gmt":"2026-04-16T14:50:01","slug":"lernwortschatz-deutsch-deutsch-englisch-pdf-download-ausgabe-englisch","status":"publish","type":"product","link":"https:\/\/exlibris.ee\/en\/product\/lernwortschatz-deutsch-deutsch-englisch-pdf-download-ausgabe-englisch\/","title":{"rendered":"Lernwortschatz Deutsch  Deutsch-Englisch \/ PDF-Download Ausgabe Englisch"},"content":{"rendered":"<p>Das nach Sachgruppen geordnete Lernw\u00f6rterbuch Deutsch als Fremdsprache bietet ca. 4.000 Eintr\u00e4ge mit vielen n\u00fctzlichen W\u00f6rtern und Wendungen. Der Weg zum Aufbau solider Wortschatzkenntnisse und zum sicheren und fl\u00fcssigen Umgang mit der deutschen Sprache ist damit gesichert. Die Inhalte sind in lernerfreundlichem Layout \u00fcbersichtlich in drei Spalten gegliedert: In der ersten Spalte steht das deutsche Stichwort, in der zweiten Spalte die \u00dcbersetzung in der jeweiligen Muttersprache. In der dritten Spalte folgen Anwendungsbeispiele und wichtige Zusatzinformationen zum richtigen Gebrauch. Angaben zur Aussprache schwieriger W\u00f6rter geben zus\u00e4tzliche Hilfestellung und erh\u00f6hen den praktischen Wert dieses Lernw\u00f6rterbuchs. Mehrere Tests am Ende eines jeden Themenbereiches dienen der unmittelbaren Kontrolle des gerade Gelernten. Ein zweifaches Register macht diesen Lernwortschatz zu einem aktiven und passiven Lexikon f\u00fcr die Textarbeit auf Zertifikatsniveau. Der Lernwortschatz ist geeignet f\u00fcr Deutschlernende auf Grundstufenniveau oder zum systematischen Wiederholen und Vertiefen in der Mittelstufe.<\/p>\n","protected":false},"excerpt":{"rendered":"<p>Das nach Sachgruppen geordnete Lernw\u00f6rterbuch Deutsch als Fremdsprache bietet ca. 4.000 Eintr\u00e4ge mit vielen n\u00fctzlichen W\u00f6rtern und Wendungen. Der Weg zum Aufbau solider Wortschatzkenntnisse und zum sicheren und fl\u00fcssigen Umgang mit der deutschen Sprache ist damit gesichert. Die Inhalte sind&#8230;<\/p>\n","protected":false},"featured_media":58525,"template":"","meta":{"_acf_changed":false,"inline_featured_image":false},"product_brand":[],"product_cat":[884],"product_tag":[],"series":[],"publisher":[{"id":497,"name":"Hueber Verlag","slug":"hueber-verlag"}],"class_list":{"0":"post-47594","1":"product","2":"type-product","3":"status-publish","4":"has-post-thumbnail","6":"product_cat-wortschatz","7":"publisher-hueber-verlag","9":"first","10":"onbackorder","11":"taxable","12":"shipping-taxable","13":"purchasable","14":"product-type-simple"},"acf":[],"_links":{"self":[{"href":"https:\/\/exlibris.ee\/en\/wp-json\/wp\/v2\/product\/47594","targetHints":{"allow":["GET"]}}],"collection":[{"href":"https:\/\/exlibris.ee\/en\/wp-json\/wp\/v2\/product"}],"about":[{"href":"https:\/\/exlibris.ee\/en\/wp-json\/wp\/v2\/types\/product"}],"wp:featuredmedia":[{"embeddable":true,"href":"https:\/\/exlibris.ee\/en\/wp-json\/wp\/v2\/media\/58525"}],"wp:attachment":[{"href":"https:\/\/exlibris.ee\/en\/wp-json\/wp\/v2\/media?parent=47594"}],"wp:term":[{"taxonomy":"product_brand","embeddable":true,"href":"https:\/\/exlibris.ee\/en\/wp-json\/wp\/v2\/product_brand?post=47594"},{"taxonomy":"product_cat","embeddable":true,"href":"https:\/\/exlibris.ee\/en\/wp-json\/wp\/v2\/product_cat?post=47594"},{"taxonomy":"product_tag","embeddable":true,"href":"https:\/\/exlibris.ee\/en\/wp-json\/wp\/v2\/product_tag?post=47594"},{"taxonomy":"series","embeddable":true,"href":"https:\/\/exlibris.ee\/en\/wp-json\/wp\/v2\/series?post=47594"},{"taxonomy":"publisher","embeddable":true,"href":"https:\/\/exlibris.ee\/en\/wp-json\/wp\/v2\/publisher?post=47594"}],"curies":[{"name":"wp","href":"https:\/\/api.w.org\/{rel}","templated":true}]}}