{"id":47595,"date":"2023-05-19T12:27:04","date_gmt":"2023-05-19T09:27:04","guid":{"rendered":"https:\/\/exlibris.ee\/toode\/sags-besser-teil-1-ein-arbeitsbuch-fur-fortgeschrittene-pdf-download\/"},"modified":"2026-04-05T17:25:02","modified_gmt":"2026-04-05T14:25:02","slug":"sags-besser-teil-1-ein-arbeitsbuch-fur-fortgeschrittene-pdf-download","status":"publish","type":"product","link":"https:\/\/exlibris.ee\/en\/product\/sags-besser-teil-1-ein-arbeitsbuch-fur-fortgeschrittene-pdf-download\/","title":{"rendered":"Sag\u00b4s besser! (Teil 1)  Ein Arbeitsbuch f\u00fcr Fortgeschrittene \/ PDF-Download"},"content":{"rendered":"<p>\u00dcbungsziele: &#8211; Festigung und Vertiefung der Grammatikkenntnisse &#8211; Erweiterung des Wortschatzes &#8211; Verbesserung der m\u00fcndlichen und schriftlichen Ausdrucksf\u00e4higkeit, auch f\u00fcr Muttersprachler \u00dcbungsschwerpunkte: &#8211; Funktions- und Formenvielfalt des Verbs, Nomenbildung, Pr\u00e4positionen &#8211; Satzverbindungen durch Konjunktionen; Bildung und Umformung von Nebens\u00e4tzen &#8211; Verbesserung der Ausdrucksf\u00e4higkeit durch Satz- und Textger\u00fcste Einsatzm\u00f6glichkeiten: &#8211; Mit dem L\u00f6sungsschl\u00fcssel geeignet f\u00fcr Selbstlerner, die sich auf eine Pr\u00fcfung oder einen Deutschlandaufenthalt vorbereiten wollen &#8211; Kurstragend oder kurserg\u00e4nzend in fortgeschrittenen Sprachkursen.<\/p>\n","protected":false},"excerpt":{"rendered":"<p>\u00dcbungsziele: &#8211; Festigung und Vertiefung der Grammatikkenntnisse &#8211; Erweiterung des Wortschatzes &#8211; Verbesserung der m\u00fcndlichen und schriftlichen Ausdrucksf\u00e4higkeit, auch f\u00fcr Muttersprachler \u00dcbungsschwerpunkte: &#8211; Funktions- und Formenvielfalt des Verbs, Nomenbildung, Pr\u00e4positionen &#8211; Satzverbindungen durch Konjunktionen; Bildung und Umformung von Nebens\u00e4tzen &#8211;&#8230;<\/p>\n","protected":false},"featured_media":58528,"template":"","meta":{"_acf_changed":false,"inline_featured_image":false},"product_brand":[],"product_cat":[558],"product_tag":[],"series":[{"id":1134,"name":"Sag\u00b4s besser!","slug":"sags-besser"}],"publisher":[{"id":497,"name":"Hueber Verlag","slug":"hueber-verlag"}],"class_list":{"0":"post-47595","1":"product","2":"type-product","3":"status-publish","4":"has-post-thumbnail","6":"product_cat-deutsch-uben","7":"series-sags-besser","8":"publisher-hueber-verlag","10":"first","11":"onbackorder","12":"taxable","13":"shipping-taxable","14":"purchasable","15":"product-type-simple"},"acf":[],"_links":{"self":[{"href":"https:\/\/exlibris.ee\/en\/wp-json\/wp\/v2\/product\/47595","targetHints":{"allow":["GET"]}}],"collection":[{"href":"https:\/\/exlibris.ee\/en\/wp-json\/wp\/v2\/product"}],"about":[{"href":"https:\/\/exlibris.ee\/en\/wp-json\/wp\/v2\/types\/product"}],"wp:featuredmedia":[{"embeddable":true,"href":"https:\/\/exlibris.ee\/en\/wp-json\/wp\/v2\/media\/58528"}],"wp:attachment":[{"href":"https:\/\/exlibris.ee\/en\/wp-json\/wp\/v2\/media?parent=47595"}],"wp:term":[{"taxonomy":"product_brand","embeddable":true,"href":"https:\/\/exlibris.ee\/en\/wp-json\/wp\/v2\/product_brand?post=47595"},{"taxonomy":"product_cat","embeddable":true,"href":"https:\/\/exlibris.ee\/en\/wp-json\/wp\/v2\/product_cat?post=47595"},{"taxonomy":"product_tag","embeddable":true,"href":"https:\/\/exlibris.ee\/en\/wp-json\/wp\/v2\/product_tag?post=47595"},{"taxonomy":"series","embeddable":true,"href":"https:\/\/exlibris.ee\/en\/wp-json\/wp\/v2\/series?post=47595"},{"taxonomy":"publisher","embeddable":true,"href":"https:\/\/exlibris.ee\/en\/wp-json\/wp\/v2\/publisher?post=47595"}],"curies":[{"name":"wp","href":"https:\/\/api.w.org\/{rel}","templated":true}]}}