{"id":71957,"date":"2023-06-12T15:17:09","date_gmt":"2023-06-12T12:17:09","guid":{"rendered":"https:\/\/exlibris.ee\/toode\/schritte-plus-neu-3-6-deutsch-fur-ihren-beruf-kopiervorlagen\/"},"modified":"2026-04-06T09:11:04","modified_gmt":"2026-04-06T06:11:04","slug":"schritte-plus-neu-3-6-deutsch-fur-ihren-beruf-kopiervorlagen","status":"publish","type":"product","link":"https:\/\/exlibris.ee\/en\/product\/schritte-plus-neu-3-6-deutsch-fur-ihren-beruf-kopiervorlagen\/","title":{"rendered":"Schritte plus Neu 3\u20136 Deutsch f\u00fcr Ihren Beruf  Kopiervorlagen"},"content":{"rendered":"<p>Kopiervorlagen f\u00fcr zwanzig verschiedene Berufe vermitteln den relevanten Fachwortschatz und berufstypische Redemittel, die die Kursteilnehmer in Rollenspielen frei anzuwenden lernen. Pro Beruf umfassen die Materialien 6 bis 8 Seiten und enthalten eine gro\u00dfformatige vierfarbige Illustration des Arbeitsplatzes (z.B. Kellner\/in , Schneider\/in , Kfz-Mechatroniker\/in , Reinigungspersonal). Auf den folgenden Seiten werden die f\u00fcr diesen Beruf wichtigsten Verben und Redemittel eingef\u00fchrt und einge\u00fcbt.<\/p>\n","protected":false},"excerpt":{"rendered":"<p>Kopiervorlagen f\u00fcr zwanzig verschiedene Berufe vermitteln den relevanten Fachwortschatz und berufstypische Redemittel, die die Kursteilnehmer in Rollenspielen frei anzuwenden lernen. Pro Beruf umfassen die Materialien 6 bis 8 Seiten und enthalten eine gro\u00dfformatige vierfarbige Illustration des Arbeitsplatzes (z.B. Kellner\/in ,&#8230;<\/p>\n","protected":false},"featured_media":71806,"template":"","meta":{"_acf_changed":false,"inline_featured_image":false},"product_brand":[],"product_cat":[1121],"product_tag":[],"series":[{"id":1257,"name":"Schritte plus Neu","slug":"schritte-plus-neu"}],"publisher":[{"id":497,"name":"Hueber Verlag","slug":"hueber-verlag"}],"class_list":{"0":"post-71957","1":"product","2":"type-product","3":"status-publish","4":"has-post-thumbnail","6":"product_cat-lehrwerke-fur-jugendliche-und-erwachsene","7":"series-schritte-plus-neu","8":"publisher-hueber-verlag","10":"first","11":"onbackorder","12":"taxable","13":"shipping-taxable","14":"purchasable","15":"product-type-simple"},"acf":[],"_links":{"self":[{"href":"https:\/\/exlibris.ee\/en\/wp-json\/wp\/v2\/product\/71957","targetHints":{"allow":["GET"]}}],"collection":[{"href":"https:\/\/exlibris.ee\/en\/wp-json\/wp\/v2\/product"}],"about":[{"href":"https:\/\/exlibris.ee\/en\/wp-json\/wp\/v2\/types\/product"}],"wp:featuredmedia":[{"embeddable":true,"href":"https:\/\/exlibris.ee\/en\/wp-json\/wp\/v2\/media\/71806"}],"wp:attachment":[{"href":"https:\/\/exlibris.ee\/en\/wp-json\/wp\/v2\/media?parent=71957"}],"wp:term":[{"taxonomy":"product_brand","embeddable":true,"href":"https:\/\/exlibris.ee\/en\/wp-json\/wp\/v2\/product_brand?post=71957"},{"taxonomy":"product_cat","embeddable":true,"href":"https:\/\/exlibris.ee\/en\/wp-json\/wp\/v2\/product_cat?post=71957"},{"taxonomy":"product_tag","embeddable":true,"href":"https:\/\/exlibris.ee\/en\/wp-json\/wp\/v2\/product_tag?post=71957"},{"taxonomy":"series","embeddable":true,"href":"https:\/\/exlibris.ee\/en\/wp-json\/wp\/v2\/series?post=71957"},{"taxonomy":"publisher","embeddable":true,"href":"https:\/\/exlibris.ee\/en\/wp-json\/wp\/v2\/publisher?post=71957"}],"curies":[{"name":"wp","href":"https:\/\/api.w.org\/{rel}","templated":true}]}}