{"id":72539,"date":"2023-06-12T15:18:02","date_gmt":"2023-06-12T12:18:02","guid":{"rendered":"https:\/\/exlibris.ee\/toode\/schritte-plus-alpha-kompakt-ausgabe-fur-jugendliche-2-audio-cds-zum-kursbuch\/"},"modified":"2026-04-14T19:22:44","modified_gmt":"2026-04-14T16:22:44","slug":"schritte-plus-alpha-kompakt-ausgabe-fur-jugendliche-2-audio-cds-zum-kursbuch","status":"publish","type":"product","link":"https:\/\/exlibris.ee\/en\/product\/schritte-plus-alpha-kompakt-ausgabe-fur-jugendliche-2-audio-cds-zum-kursbuch\/","title":{"rendered":"Schritte plus Alpha kompakt &#8211; Ausgabe f\u00fcr Jugendliche  2 Audio-CDs zum Kursbuch"},"content":{"rendered":"<p>Alle H\u00f6rtexte zum Kursbuch mit Laut-Differenzierungs\u00fcbungen, Diktaten uvm.<\/p>\n","protected":false},"excerpt":{"rendered":"<p>Alle H\u00f6rtexte zum Kursbuch mit Laut-Differenzierungs\u00fcbungen, Diktaten uvm.<\/p>\n","protected":false},"featured_media":269359,"template":"","meta":{"_acf_changed":false,"inline_featured_image":false},"product_brand":[],"product_cat":[477],"product_tag":[],"series":[{"id":1256,"name":"Schritte plus Alpha","slug":"schritte-plus-alpha"}],"publisher":[{"id":497,"name":"Hueber Verlag","slug":"hueber-verlag"}],"class_list":{"0":"post-72539","1":"product","2":"type-product","3":"status-publish","4":"has-post-thumbnail","6":"product_cat-lehrwerke-fur-jugendliche","7":"series-schritte-plus-alpha","8":"publisher-hueber-verlag","10":"first","11":"onbackorder","12":"taxable","13":"shipping-taxable","14":"purchasable","15":"product-type-simple"},"acf":[],"_links":{"self":[{"href":"https:\/\/exlibris.ee\/en\/wp-json\/wp\/v2\/product\/72539","targetHints":{"allow":["GET"]}}],"collection":[{"href":"https:\/\/exlibris.ee\/en\/wp-json\/wp\/v2\/product"}],"about":[{"href":"https:\/\/exlibris.ee\/en\/wp-json\/wp\/v2\/types\/product"}],"wp:featuredmedia":[{"embeddable":true,"href":"https:\/\/exlibris.ee\/en\/wp-json\/wp\/v2\/media\/269359"}],"wp:attachment":[{"href":"https:\/\/exlibris.ee\/en\/wp-json\/wp\/v2\/media?parent=72539"}],"wp:term":[{"taxonomy":"product_brand","embeddable":true,"href":"https:\/\/exlibris.ee\/en\/wp-json\/wp\/v2\/product_brand?post=72539"},{"taxonomy":"product_cat","embeddable":true,"href":"https:\/\/exlibris.ee\/en\/wp-json\/wp\/v2\/product_cat?post=72539"},{"taxonomy":"product_tag","embeddable":true,"href":"https:\/\/exlibris.ee\/en\/wp-json\/wp\/v2\/product_tag?post=72539"},{"taxonomy":"series","embeddable":true,"href":"https:\/\/exlibris.ee\/en\/wp-json\/wp\/v2\/series?post=72539"},{"taxonomy":"publisher","embeddable":true,"href":"https:\/\/exlibris.ee\/en\/wp-json\/wp\/v2\/publisher?post=72539"}],"curies":[{"name":"wp","href":"https:\/\/api.w.org\/{rel}","templated":true}]}}