{"id":72555,"date":"2023-06-12T15:18:04","date_gmt":"2023-06-12T12:18:04","guid":{"rendered":"https:\/\/exlibris.ee\/toode\/schritte-plus-3-lehrerhandbuch\/"},"modified":"2026-04-21T08:00:09","modified_gmt":"2026-04-21T05:00:09","slug":"schritte-plus-3-lehrerhandbuch","status":"publish","type":"product","link":"https:\/\/exlibris.ee\/en\/product\/schritte-plus-3-lehrerhandbuch\/","title":{"rendered":"Schritte plus 3  Lehrerhandbuch"},"content":{"rendered":"<p>Das Lehrerhandbuch bietet &#8211; ausf\u00fchrliche Hinweise zum Vorgehen im Unterricht mit methodischen Tipps und Vorschl\u00e4gen zur Binnendifferenzierung &#8211; zahlreiche Kopiervorlagen, um die Unterrichtsvorbereitung zu erleichtern: zus\u00e4tzliche \u00dcbungen f\u00fcr den Unterricht, Tests zu jeder Lektion, Spiele und Wiederholungs\u00fcbungen nach jeder zweiten Lektion &#8211; die L\u00f6sungen aller Aufgaben der Kurs- und Arbeitsb\u00fccher sowie die Transkriptionen aller H\u00f6rtexte &#8211; Das Plus: landeskundliche Hintergrundinformationen.<\/p>\n","protected":false},"excerpt":{"rendered":"<p>Das Lehrerhandbuch bietet &#8211; ausf\u00fchrliche Hinweise zum Vorgehen im Unterricht mit methodischen Tipps und Vorschl\u00e4gen zur Binnendifferenzierung &#8211; zahlreiche Kopiervorlagen, um die Unterrichtsvorbereitung zu erleichtern: zus\u00e4tzliche \u00dcbungen f\u00fcr den Unterricht, Tests zu jeder Lektion, Spiele und Wiederholungs\u00fcbungen nach jeder zweiten&#8230;<\/p>\n","protected":false},"featured_media":389663,"template":"","meta":{"_acf_changed":false,"inline_featured_image":false},"product_brand":[],"product_cat":[1121],"product_tag":[],"series":[{"id":1253,"name":"Schritte plus","slug":"schritte-plus"}],"publisher":[{"id":497,"name":"Hueber Verlag","slug":"hueber-verlag"}],"class_list":{"0":"post-72555","1":"product","2":"type-product","3":"status-publish","4":"has-post-thumbnail","6":"product_cat-lehrwerke-fur-jugendliche-und-erwachsene","7":"series-schritte-plus","8":"publisher-hueber-verlag","10":"first","11":"instock","12":"taxable","13":"shipping-taxable","14":"purchasable","15":"product-type-simple"},"acf":[],"_links":{"self":[{"href":"https:\/\/exlibris.ee\/en\/wp-json\/wp\/v2\/product\/72555","targetHints":{"allow":["GET"]}}],"collection":[{"href":"https:\/\/exlibris.ee\/en\/wp-json\/wp\/v2\/product"}],"about":[{"href":"https:\/\/exlibris.ee\/en\/wp-json\/wp\/v2\/types\/product"}],"wp:featuredmedia":[{"embeddable":true,"href":"https:\/\/exlibris.ee\/en\/wp-json\/wp\/v2\/media\/389663"}],"wp:attachment":[{"href":"https:\/\/exlibris.ee\/en\/wp-json\/wp\/v2\/media?parent=72555"}],"wp:term":[{"taxonomy":"product_brand","embeddable":true,"href":"https:\/\/exlibris.ee\/en\/wp-json\/wp\/v2\/product_brand?post=72555"},{"taxonomy":"product_cat","embeddable":true,"href":"https:\/\/exlibris.ee\/en\/wp-json\/wp\/v2\/product_cat?post=72555"},{"taxonomy":"product_tag","embeddable":true,"href":"https:\/\/exlibris.ee\/en\/wp-json\/wp\/v2\/product_tag?post=72555"},{"taxonomy":"series","embeddable":true,"href":"https:\/\/exlibris.ee\/en\/wp-json\/wp\/v2\/series?post=72555"},{"taxonomy":"publisher","embeddable":true,"href":"https:\/\/exlibris.ee\/en\/wp-json\/wp\/v2\/publisher?post=72555"}],"curies":[{"name":"wp","href":"https:\/\/api.w.org\/{rel}","templated":true}]}}