{"id":72560,"date":"2023-06-12T15:18:04","date_gmt":"2023-06-12T12:18:04","guid":{"rendered":"https:\/\/exlibris.ee\/toode\/schritt-fur-schritt-in-alltag-und-beruf-34-medienpaket\/"},"modified":"2026-04-18T15:35:43","modified_gmt":"2026-04-18T12:35:43","slug":"schritt-fur-schritt-in-alltag-und-beruf-34-medienpaket","status":"publish","type":"product","link":"https:\/\/exlibris.ee\/en\/product\/schritt-fur-schritt-in-alltag-und-beruf-34-medienpaket\/","title":{"rendered":"Schritt f\u00fcr Schritt in Alltag und Beruf 3+4  Medienpaket"},"content":{"rendered":"<p>Das Medienpaket Schritt f\u00fcr Schritt in Alltag und Beruf 3+4 enth\u00e4lt: &#8211; 1 DVD mit allen Filmen und Slide-Shows &#8211; 6 Audio-CDs mit dem kompletten H\u00f6rmaterial zu den Kursb\u00fcchern &#8211; 2 Audio-CDs mit dem kompletten H\u00f6rmaterial zu den Arbeitsb\u00fcchern.<\/p>\n","protected":false},"excerpt":{"rendered":"<p>Das Medienpaket Schritt f\u00fcr Schritt in Alltag und Beruf 3+4 enth\u00e4lt: &#8211; 1 DVD mit allen Filmen und Slide-Shows &#8211; 6 Audio-CDs mit dem kompletten H\u00f6rmaterial zu den Kursb\u00fcchern &#8211; 2 Audio-CDs mit dem kompletten H\u00f6rmaterial zu den Arbeitsb\u00fcchern.<\/p>\n","protected":false},"featured_media":337952,"template":"","meta":{"_acf_changed":false,"inline_featured_image":false},"product_brand":[],"product_cat":[538],"product_tag":[],"series":[{"id":1146,"name":"Schritt f\u00fcr Schritt in Alltag und Beruf","slug":"schritt-fur-schritt-in-alltag-und-beruf"}],"publisher":[{"id":497,"name":"Hueber Verlag","slug":"hueber-verlag"}],"class_list":{"0":"post-72560","1":"product","2":"type-product","3":"status-publish","4":"has-post-thumbnail","6":"product_cat-lehrwerke-fur-erwachsene","7":"series-schritt-fur-schritt-in-alltag-und-beruf","8":"publisher-hueber-verlag","10":"first","11":"onbackorder","12":"taxable","13":"shipping-taxable","14":"purchasable","15":"product-type-simple"},"acf":[],"_links":{"self":[{"href":"https:\/\/exlibris.ee\/en\/wp-json\/wp\/v2\/product\/72560","targetHints":{"allow":["GET"]}}],"collection":[{"href":"https:\/\/exlibris.ee\/en\/wp-json\/wp\/v2\/product"}],"about":[{"href":"https:\/\/exlibris.ee\/en\/wp-json\/wp\/v2\/types\/product"}],"wp:featuredmedia":[{"embeddable":true,"href":"https:\/\/exlibris.ee\/en\/wp-json\/wp\/v2\/media\/337952"}],"wp:attachment":[{"href":"https:\/\/exlibris.ee\/en\/wp-json\/wp\/v2\/media?parent=72560"}],"wp:term":[{"taxonomy":"product_brand","embeddable":true,"href":"https:\/\/exlibris.ee\/en\/wp-json\/wp\/v2\/product_brand?post=72560"},{"taxonomy":"product_cat","embeddable":true,"href":"https:\/\/exlibris.ee\/en\/wp-json\/wp\/v2\/product_cat?post=72560"},{"taxonomy":"product_tag","embeddable":true,"href":"https:\/\/exlibris.ee\/en\/wp-json\/wp\/v2\/product_tag?post=72560"},{"taxonomy":"series","embeddable":true,"href":"https:\/\/exlibris.ee\/en\/wp-json\/wp\/v2\/series?post=72560"},{"taxonomy":"publisher","embeddable":true,"href":"https:\/\/exlibris.ee\/en\/wp-json\/wp\/v2\/publisher?post=72560"}],"curies":[{"name":"wp","href":"https:\/\/api.w.org\/{rel}","templated":true}]}}