{"id":73128,"date":"2023-06-12T15:18:59","date_gmt":"2023-06-12T12:18:59","guid":{"rendered":"https:\/\/exlibris.ee\/toode\/schritt-fur-schritt-in-alltag-und-beruf-4-lehrerhandbuch\/"},"modified":"2026-04-18T15:37:27","modified_gmt":"2026-04-18T12:37:27","slug":"schritt-fur-schritt-in-alltag-und-beruf-4-lehrerhandbuch","status":"publish","type":"product","link":"https:\/\/exlibris.ee\/en\/product\/schritt-fur-schritt-in-alltag-und-beruf-4-lehrerhandbuch\/","title":{"rendered":"Schritt f\u00fcr Schritt in Alltag und Beruf 4  Lehrerhandbuch"},"content":{"rendered":"<p>Das Lehrerhandbuch enth\u00e4lt: &#8211; eine detaillierte Einf\u00fchrung in die Konzeption des Lehrwerks und zu den einzelnen Bestandteilen &#8211; methodisch-didaktische Hinweise zu jeder Kursbuchseite, u.a. zu den Foto-H\u00f6rgeschichten, zu den Film-Clips zur Foto-H\u00f6rgeschichte, zu den Interaktionsaufgaben, zur \u00dcbersichtsseite \u201eGrammatik und Kommunikation\u201c, zu den \u201eZwischendurch mal &#8230;\u201c-Seiten &#8211; methodisch-didaktische Hinweise zum Arbeitsbuch, u.a. zu den Tests, zu den Lernwortschatz-Seiten, zur Grammatik\u00fcbersicht &#8211; zahlreiche Kopiervorlagen &#8211; Wiederholungsspiele zu jeder Lektion &#8211; Tests zu jeder Lektion (inkl. L\u00f6sungen) &#8211; L\u00f6sungen aller Kurs- und Arbeitsbuch-Aufgaben &#8211; Transkriptionen aller H\u00f6rtexte des Kurs- und Arbeitsbuchs sowie aller Filme &#8211; landeskundliche Hintergrundinformationen.<\/p>\n","protected":false},"excerpt":{"rendered":"<p>Das Lehrerhandbuch enth\u00e4lt: &#8211; eine detaillierte Einf\u00fchrung in die Konzeption des Lehrwerks und zu den einzelnen Bestandteilen &#8211; methodisch-didaktische Hinweise zu jeder Kursbuchseite, u.a. zu den Foto-H\u00f6rgeschichten, zu den Film-Clips zur Foto-H\u00f6rgeschichte, zu den Interaktionsaufgaben, zur \u00dcbersichtsseite \u201eGrammatik und Kommunikation\u201c,&#8230;<\/p>\n","protected":false},"featured_media":338007,"template":"","meta":{"_acf_changed":false,"inline_featured_image":false},"product_brand":[],"product_cat":[538],"product_tag":[],"series":[{"id":1146,"name":"Schritt f\u00fcr Schritt in Alltag und Beruf","slug":"schritt-fur-schritt-in-alltag-und-beruf"}],"publisher":[{"id":497,"name":"Hueber Verlag","slug":"hueber-verlag"}],"class_list":{"0":"post-73128","1":"product","2":"type-product","3":"status-publish","4":"has-post-thumbnail","6":"product_cat-lehrwerke-fur-erwachsene","7":"series-schritt-fur-schritt-in-alltag-und-beruf","8":"publisher-hueber-verlag","10":"first","11":"onbackorder","12":"taxable","13":"shipping-taxable","14":"purchasable","15":"product-type-simple"},"acf":[],"_links":{"self":[{"href":"https:\/\/exlibris.ee\/en\/wp-json\/wp\/v2\/product\/73128","targetHints":{"allow":["GET"]}}],"collection":[{"href":"https:\/\/exlibris.ee\/en\/wp-json\/wp\/v2\/product"}],"about":[{"href":"https:\/\/exlibris.ee\/en\/wp-json\/wp\/v2\/types\/product"}],"wp:featuredmedia":[{"embeddable":true,"href":"https:\/\/exlibris.ee\/en\/wp-json\/wp\/v2\/media\/338007"}],"wp:attachment":[{"href":"https:\/\/exlibris.ee\/en\/wp-json\/wp\/v2\/media?parent=73128"}],"wp:term":[{"taxonomy":"product_brand","embeddable":true,"href":"https:\/\/exlibris.ee\/en\/wp-json\/wp\/v2\/product_brand?post=73128"},{"taxonomy":"product_cat","embeddable":true,"href":"https:\/\/exlibris.ee\/en\/wp-json\/wp\/v2\/product_cat?post=73128"},{"taxonomy":"product_tag","embeddable":true,"href":"https:\/\/exlibris.ee\/en\/wp-json\/wp\/v2\/product_tag?post=73128"},{"taxonomy":"series","embeddable":true,"href":"https:\/\/exlibris.ee\/en\/wp-json\/wp\/v2\/series?post=73128"},{"taxonomy":"publisher","embeddable":true,"href":"https:\/\/exlibris.ee\/en\/wp-json\/wp\/v2\/publisher?post=73128"}],"curies":[{"name":"wp","href":"https:\/\/api.w.org\/{rel}","templated":true}]}}