{"id":73130,"date":"2023-06-12T15:19:00","date_gmt":"2023-06-12T12:19:00","guid":{"rendered":"https:\/\/exlibris.ee\/toode\/schritte-plus-neu-34-arbeitsbuch-2-audio-cds-zum-arbeitsbuch\/"},"modified":"2026-04-06T09:12:46","modified_gmt":"2026-04-06T06:12:46","slug":"schritte-plus-neu-34-arbeitsbuch-2-audio-cds-zum-arbeitsbuch","status":"publish","type":"product","link":"https:\/\/exlibris.ee\/en\/product\/schritte-plus-neu-34-arbeitsbuch-2-audio-cds-zum-arbeitsbuch\/","title":{"rendered":"Schritte plus Neu 3+4  Arbeitsbuch + 2 Audio-CDs zum Arbeitsbuch"},"content":{"rendered":"<p>Arbeitsbuch der dreib\u00e4ndigen Ausgabe mit Audio-CDs Vollband Niveau A2 &#8211; \u00dcbungen und Wiederholungs\u00fcbungen in verschiedenen Schwierigkeitsstufen zur Binnendifferenzierung &#8211; systematisch aufgebautes Schreibtraining &#8211; Wortschatztraining f\u00fcr gezielten Wortschatzerwerb &#8211; ausf\u00fchrliches Phonetikprogramm &#8211; Pr\u00fcfungsaufgaben &#8211; Lernertest mit Selbstauswertung und weiterf\u00fchrendem Trainingsprogramm &#8211; integrierte Fokus-Seiten mit besonderem Berufsschwerpunkt.<\/p>\n","protected":false},"excerpt":{"rendered":"<p>Arbeitsbuch der dreib\u00e4ndigen Ausgabe mit Audio-CDs Vollband Niveau A2 &#8211; \u00dcbungen und Wiederholungs\u00fcbungen in verschiedenen Schwierigkeitsstufen zur Binnendifferenzierung &#8211; systematisch aufgebautes Schreibtraining &#8211; Wortschatztraining f\u00fcr gezielten Wortschatzerwerb &#8211; ausf\u00fchrliches Phonetikprogramm &#8211; Pr\u00fcfungsaufgaben &#8211; Lernertest mit Selbstauswertung und weiterf\u00fchrendem Trainingsprogramm &#8211;&#8230;<\/p>\n","protected":false},"featured_media":72764,"template":"","meta":{"_acf_changed":false,"inline_featured_image":false},"product_brand":[],"product_cat":[1121],"product_tag":[],"series":[{"id":1257,"name":"Schritte plus Neu","slug":"schritte-plus-neu"}],"publisher":[{"id":497,"name":"Hueber Verlag","slug":"hueber-verlag"}],"class_list":{"0":"post-73130","1":"product","2":"type-product","3":"status-publish","4":"has-post-thumbnail","6":"product_cat-lehrwerke-fur-jugendliche-und-erwachsene","7":"series-schritte-plus-neu","8":"publisher-hueber-verlag","10":"first","11":"onbackorder","12":"taxable","13":"shipping-taxable","14":"purchasable","15":"product-type-simple"},"acf":[],"_links":{"self":[{"href":"https:\/\/exlibris.ee\/en\/wp-json\/wp\/v2\/product\/73130","targetHints":{"allow":["GET"]}}],"collection":[{"href":"https:\/\/exlibris.ee\/en\/wp-json\/wp\/v2\/product"}],"about":[{"href":"https:\/\/exlibris.ee\/en\/wp-json\/wp\/v2\/types\/product"}],"wp:featuredmedia":[{"embeddable":true,"href":"https:\/\/exlibris.ee\/en\/wp-json\/wp\/v2\/media\/72764"}],"wp:attachment":[{"href":"https:\/\/exlibris.ee\/en\/wp-json\/wp\/v2\/media?parent=73130"}],"wp:term":[{"taxonomy":"product_brand","embeddable":true,"href":"https:\/\/exlibris.ee\/en\/wp-json\/wp\/v2\/product_brand?post=73130"},{"taxonomy":"product_cat","embeddable":true,"href":"https:\/\/exlibris.ee\/en\/wp-json\/wp\/v2\/product_cat?post=73130"},{"taxonomy":"product_tag","embeddable":true,"href":"https:\/\/exlibris.ee\/en\/wp-json\/wp\/v2\/product_tag?post=73130"},{"taxonomy":"series","embeddable":true,"href":"https:\/\/exlibris.ee\/en\/wp-json\/wp\/v2\/series?post=73130"},{"taxonomy":"publisher","embeddable":true,"href":"https:\/\/exlibris.ee\/en\/wp-json\/wp\/v2\/publisher?post=73130"}],"curies":[{"name":"wp","href":"https:\/\/api.w.org\/{rel}","templated":true}]}}