{"id":73720,"date":"2023-06-12T15:19:55","date_gmt":"2023-06-12T12:19:55","guid":{"rendered":"https:\/\/exlibris.ee\/toode\/schritte-plus-12-intensivtrainer-mit-audio-cd-zu-band-1-und-2\/"},"modified":"2026-04-11T17:37:59","modified_gmt":"2026-04-11T14:37:59","slug":"schritte-plus-12-intensivtrainer-mit-audio-cd-zu-band-1-und-2","status":"publish","type":"product","link":"https:\/\/exlibris.ee\/en\/product\/schritte-plus-12-intensivtrainer-mit-audio-cd-zu-band-1-und-2\/","title":{"rendered":"Schritte plus 1+2  Intensivtrainer mit Audio-CD zu Band 1 und 2"},"content":{"rendered":"<p>Der Intensivtrainer ist eine Verbindung aus Testheft und \u00dcbungsbuch f\u00fcr das selbstst\u00e4ndige Lernen zu Hause. Zu jeder Lektion gibt es \u00dcbungen zu den Bereichen Grammatik, Wortschatz, H\u00f6ren, Lesen, Sprechen und Schreiben. Durch ein Punktesystem erh\u00e4lt der Lernende die M\u00f6glichkeit zur Selbstevaluation.<\/p>\n","protected":false},"excerpt":{"rendered":"<p>Der Intensivtrainer ist eine Verbindung aus Testheft und \u00dcbungsbuch f\u00fcr das selbstst\u00e4ndige Lernen zu Hause. Zu jeder Lektion gibt es \u00dcbungen zu den Bereichen Grammatik, Wortschatz, H\u00f6ren, Lesen, Sprechen und Schreiben. Durch ein Punktesystem erh\u00e4lt der Lernende die M\u00f6glichkeit zur&#8230;<\/p>\n","protected":false},"featured_media":202574,"template":"","meta":{"_acf_changed":false,"inline_featured_image":false},"product_brand":[],"product_cat":[897],"product_tag":[],"series":[{"id":1253,"name":"Schritte plus","slug":"schritte-plus"}],"publisher":[{"id":497,"name":"Hueber Verlag","slug":"hueber-verlag"}],"class_list":{"0":"post-73720","1":"product","2":"type-product","3":"status-publish","4":"has-post-thumbnail","6":"product_cat-keeleope-leiunurk","7":"series-schritte-plus","8":"publisher-hueber-verlag","10":"first","11":"instock","12":"taxable","13":"shipping-taxable","14":"purchasable","15":"product-type-simple"},"acf":[],"_links":{"self":[{"href":"https:\/\/exlibris.ee\/en\/wp-json\/wp\/v2\/product\/73720","targetHints":{"allow":["GET"]}}],"collection":[{"href":"https:\/\/exlibris.ee\/en\/wp-json\/wp\/v2\/product"}],"about":[{"href":"https:\/\/exlibris.ee\/en\/wp-json\/wp\/v2\/types\/product"}],"wp:featuredmedia":[{"embeddable":true,"href":"https:\/\/exlibris.ee\/en\/wp-json\/wp\/v2\/media\/202574"}],"wp:attachment":[{"href":"https:\/\/exlibris.ee\/en\/wp-json\/wp\/v2\/media?parent=73720"}],"wp:term":[{"taxonomy":"product_brand","embeddable":true,"href":"https:\/\/exlibris.ee\/en\/wp-json\/wp\/v2\/product_brand?post=73720"},{"taxonomy":"product_cat","embeddable":true,"href":"https:\/\/exlibris.ee\/en\/wp-json\/wp\/v2\/product_cat?post=73720"},{"taxonomy":"product_tag","embeddable":true,"href":"https:\/\/exlibris.ee\/en\/wp-json\/wp\/v2\/product_tag?post=73720"},{"taxonomy":"series","embeddable":true,"href":"https:\/\/exlibris.ee\/en\/wp-json\/wp\/v2\/series?post=73720"},{"taxonomy":"publisher","embeddable":true,"href":"https:\/\/exlibris.ee\/en\/wp-json\/wp\/v2\/publisher?post=73720"}],"curies":[{"name":"wp","href":"https:\/\/api.w.org\/{rel}","templated":true}]}}