{"id":73728,"date":"2023-06-12T15:19:55","date_gmt":"2023-06-12T12:19:55","guid":{"rendered":"https:\/\/exlibris.ee\/toode\/schritte-plus-prufungstraining-start-deutsch-2-pdf-mp3-download\/"},"modified":"2026-04-08T15:20:36","modified_gmt":"2026-04-08T12:20:36","slug":"schritte-plus-prufungstraining-start-deutsch-2-pdf-mp3-download","status":"publish","type":"product","link":"https:\/\/exlibris.ee\/en\/product\/schritte-plus-prufungstraining-start-deutsch-2-pdf-mp3-download\/","title":{"rendered":"Schritte plus &#8211; Pr\u00fcfungstraining Start Deutsch 2  PDF\/MP3-Download"},"content":{"rendered":"<p>\u00dcbungspr\u00fcfung zu allen Pr\u00fcfungsaufgaben und Tipps zur erfolgreichen Bew\u00e4ltigung der Pr\u00fcfung.<\/p>\n","protected":false},"excerpt":{"rendered":"<p>\u00dcbungspr\u00fcfung zu allen Pr\u00fcfungsaufgaben und Tipps zur erfolgreichen Bew\u00e4ltigung der Pr\u00fcfung.<\/p>\n","protected":false},"featured_media":73634,"template":"","meta":{"_acf_changed":false,"inline_featured_image":false},"product_brand":[],"product_cat":[1121],"product_tag":[],"series":[{"id":1253,"name":"Schritte plus","slug":"schritte-plus"}],"publisher":[{"id":497,"name":"Hueber Verlag","slug":"hueber-verlag"}],"class_list":{"0":"post-73728","1":"product","2":"type-product","3":"status-publish","4":"has-post-thumbnail","6":"product_cat-lehrwerke-fur-jugendliche-und-erwachsene","7":"series-schritte-plus","8":"publisher-hueber-verlag","10":"first","11":"onbackorder","12":"taxable","13":"shipping-taxable","14":"purchasable","15":"product-type-simple"},"acf":[],"_links":{"self":[{"href":"https:\/\/exlibris.ee\/en\/wp-json\/wp\/v2\/product\/73728","targetHints":{"allow":["GET"]}}],"collection":[{"href":"https:\/\/exlibris.ee\/en\/wp-json\/wp\/v2\/product"}],"about":[{"href":"https:\/\/exlibris.ee\/en\/wp-json\/wp\/v2\/types\/product"}],"wp:featuredmedia":[{"embeddable":true,"href":"https:\/\/exlibris.ee\/en\/wp-json\/wp\/v2\/media\/73634"}],"wp:attachment":[{"href":"https:\/\/exlibris.ee\/en\/wp-json\/wp\/v2\/media?parent=73728"}],"wp:term":[{"taxonomy":"product_brand","embeddable":true,"href":"https:\/\/exlibris.ee\/en\/wp-json\/wp\/v2\/product_brand?post=73728"},{"taxonomy":"product_cat","embeddable":true,"href":"https:\/\/exlibris.ee\/en\/wp-json\/wp\/v2\/product_cat?post=73728"},{"taxonomy":"product_tag","embeddable":true,"href":"https:\/\/exlibris.ee\/en\/wp-json\/wp\/v2\/product_tag?post=73728"},{"taxonomy":"series","embeddable":true,"href":"https:\/\/exlibris.ee\/en\/wp-json\/wp\/v2\/series?post=73728"},{"taxonomy":"publisher","embeddable":true,"href":"https:\/\/exlibris.ee\/en\/wp-json\/wp\/v2\/publisher?post=73728"}],"curies":[{"name":"wp","href":"https:\/\/api.w.org\/{rel}","templated":true}]}}