{"id":74302,"date":"2023-06-12T15:20:51","date_gmt":"2023-06-12T12:20:51","guid":{"rendered":"https:\/\/exlibris.ee\/toode\/schritte-international-1-2-dvd-pal-zu-band-1-und-2\/"},"modified":"2026-04-04T21:27:25","modified_gmt":"2026-04-04T18:27:25","slug":"schritte-international-1-2-dvd-pal-zu-band-1-und-2","status":"publish","type":"product","link":"https:\/\/exlibris.ee\/en\/product\/schritte-international-1-2-dvd-pal-zu-band-1-und-2\/","title":{"rendered":"Schritte international 1\/2  DVD (PAL) zu Band 1 und 2"},"content":{"rendered":"<p>Die DVD vermittelt einen lebendigen Einblick in den deutschsprachigen Alltag. Die f\u00fcnf unterhaltsamen Geschichten mit den sympathischen jungen Leuten Emma und Walter drehen sich um die Themen &#8220;Vorstellen und Kennenlernen&#8221;, &#8220;Essen und Wohnen&#8221;, &#8220;Arbeit und Jobsuche&#8221;, &#8220;Unterwegs in der Stadt&#8221; sowie &#8220;Kleidung und Aussehen&#8221;. Die Beitr\u00e4ge wurden sorgf\u00e4ltig an die Lehrwerksprogression von Schritte international 1 und 2 angepasst, sodass eine problemlose Einsetzbarkeit der DVD sowohl im Unterricht als auch f\u00fcr das individuelle Sprachtraining garantiert ist. Acht Bonusbeitr\u00e4ge mit landeskundlichen Informationen vervollst\u00e4ndigen die DVD.<\/p>\n","protected":false},"excerpt":{"rendered":"<p>Die DVD vermittelt einen lebendigen Einblick in den deutschsprachigen Alltag. Die f\u00fcnf unterhaltsamen Geschichten mit den sympathischen jungen Leuten Emma und Walter drehen sich um die Themen &#8220;Vorstellen und Kennenlernen&#8221;, &#8220;Essen und Wohnen&#8221;, &#8220;Arbeit und Jobsuche&#8221;, &#8220;Unterwegs in der Stadt&#8221;&#8230;<\/p>\n","protected":false},"featured_media":73759,"template":"","meta":{"_acf_changed":false,"inline_featured_image":false},"product_brand":[],"product_cat":[897],"product_tag":[],"series":[{"id":1252,"name":"Schritte international","slug":"schritte-international"}],"publisher":[{"id":497,"name":"Hueber Verlag","slug":"hueber-verlag"}],"class_list":{"0":"post-74302","1":"product","2":"type-product","3":"status-publish","4":"has-post-thumbnail","6":"product_cat-keeleope-leiunurk","7":"series-schritte-international","8":"publisher-hueber-verlag","10":"first","11":"instock","12":"taxable","13":"shipping-taxable","14":"purchasable","15":"product-type-simple"},"acf":[],"_links":{"self":[{"href":"https:\/\/exlibris.ee\/en\/wp-json\/wp\/v2\/product\/74302","targetHints":{"allow":["GET"]}}],"collection":[{"href":"https:\/\/exlibris.ee\/en\/wp-json\/wp\/v2\/product"}],"about":[{"href":"https:\/\/exlibris.ee\/en\/wp-json\/wp\/v2\/types\/product"}],"wp:featuredmedia":[{"embeddable":true,"href":"https:\/\/exlibris.ee\/en\/wp-json\/wp\/v2\/media\/73759"}],"wp:attachment":[{"href":"https:\/\/exlibris.ee\/en\/wp-json\/wp\/v2\/media?parent=74302"}],"wp:term":[{"taxonomy":"product_brand","embeddable":true,"href":"https:\/\/exlibris.ee\/en\/wp-json\/wp\/v2\/product_brand?post=74302"},{"taxonomy":"product_cat","embeddable":true,"href":"https:\/\/exlibris.ee\/en\/wp-json\/wp\/v2\/product_cat?post=74302"},{"taxonomy":"product_tag","embeddable":true,"href":"https:\/\/exlibris.ee\/en\/wp-json\/wp\/v2\/product_tag?post=74302"},{"taxonomy":"series","embeddable":true,"href":"https:\/\/exlibris.ee\/en\/wp-json\/wp\/v2\/series?post=74302"},{"taxonomy":"publisher","embeddable":true,"href":"https:\/\/exlibris.ee\/en\/wp-json\/wp\/v2\/publisher?post=74302"}],"curies":[{"name":"wp","href":"https:\/\/api.w.org\/{rel}","templated":true}]}}