{"id":74309,"date":"2023-06-12T15:20:52","date_gmt":"2023-06-12T12:20:52","guid":{"rendered":"https:\/\/exlibris.ee\/toode\/schritte-plus-neu-5-kurs-und-arbeitsbuch-interaktive-version\/"},"modified":"2026-04-18T15:43:07","modified_gmt":"2026-04-18T12:43:07","slug":"schritte-plus-neu-5-kurs-und-arbeitsbuch-interaktive-version","status":"publish","type":"product","link":"https:\/\/exlibris.ee\/en\/product\/schritte-plus-neu-5-kurs-und-arbeitsbuch-interaktive-version\/","title":{"rendered":"Schritte plus NEU 5  Kurs- und Arbeitsbuch \u2013 Interaktive Version"},"content":{"rendered":"<p>Kurs- und Arbeitsbuch mit zahlreichen interaktiven \u00dcbungen und integrierten Audio- und Videodateien Zus\u00e4tzliche Funktionen auf der Lern-Plattform BlinkLearning In der Version f\u00fcr Lernende: Notenanzeige und Leistungsstandspeicherung bei den interaktiven \u00dcbungen. In der Version f\u00fcr Lehrkr\u00e4fte: Der Leistungsstand Ihrer einzelnen Sch\u00fcler\/innen und Ihrer Klasse wird Ihnen \u00fcbersichtlich angezeigt. Mit einem Klick k\u00f6nnen Sie Ihren Sch\u00fcler\/innen eine passende \u00dcbung zuweisen.<\/p>\n","protected":false},"excerpt":{"rendered":"<p>Kurs- und Arbeitsbuch mit zahlreichen interaktiven \u00dcbungen und integrierten Audio- und Videodateien Zus\u00e4tzliche Funktionen auf der Lern-Plattform BlinkLearning In der Version f\u00fcr Lernende: Notenanzeige und Leistungsstandspeicherung bei den interaktiven \u00dcbungen. In der Version f\u00fcr Lehrkr\u00e4fte: Der Leistungsstand Ihrer einzelnen Sch\u00fcler\/innen&#8230;<\/p>\n","protected":false},"featured_media":338298,"template":"","meta":{"_acf_changed":false,"inline_featured_image":false},"product_brand":[],"product_cat":[1121],"product_tag":[],"series":[{"id":1257,"name":"Schritte plus Neu","slug":"schritte-plus-neu"}],"publisher":[{"id":497,"name":"Hueber Verlag","slug":"hueber-verlag"}],"class_list":{"0":"post-74309","1":"product","2":"type-product","3":"status-publish","4":"has-post-thumbnail","6":"product_cat-lehrwerke-fur-jugendliche-und-erwachsene","7":"series-schritte-plus-neu","8":"publisher-hueber-verlag","10":"first","11":"onbackorder","12":"taxable","13":"shipping-taxable","14":"purchasable","15":"product-type-simple"},"acf":[],"_links":{"self":[{"href":"https:\/\/exlibris.ee\/en\/wp-json\/wp\/v2\/product\/74309","targetHints":{"allow":["GET"]}}],"collection":[{"href":"https:\/\/exlibris.ee\/en\/wp-json\/wp\/v2\/product"}],"about":[{"href":"https:\/\/exlibris.ee\/en\/wp-json\/wp\/v2\/types\/product"}],"wp:featuredmedia":[{"embeddable":true,"href":"https:\/\/exlibris.ee\/en\/wp-json\/wp\/v2\/media\/338298"}],"wp:attachment":[{"href":"https:\/\/exlibris.ee\/en\/wp-json\/wp\/v2\/media?parent=74309"}],"wp:term":[{"taxonomy":"product_brand","embeddable":true,"href":"https:\/\/exlibris.ee\/en\/wp-json\/wp\/v2\/product_brand?post=74309"},{"taxonomy":"product_cat","embeddable":true,"href":"https:\/\/exlibris.ee\/en\/wp-json\/wp\/v2\/product_cat?post=74309"},{"taxonomy":"product_tag","embeddable":true,"href":"https:\/\/exlibris.ee\/en\/wp-json\/wp\/v2\/product_tag?post=74309"},{"taxonomy":"series","embeddable":true,"href":"https:\/\/exlibris.ee\/en\/wp-json\/wp\/v2\/series?post=74309"},{"taxonomy":"publisher","embeddable":true,"href":"https:\/\/exlibris.ee\/en\/wp-json\/wp\/v2\/publisher?post=74309"}],"curies":[{"name":"wp","href":"https:\/\/api.w.org\/{rel}","templated":true}]}}