{"id":74318,"date":"2023-06-12T15:20:52","date_gmt":"2023-06-12T12:20:52","guid":{"rendered":"https:\/\/exlibris.ee\/toode\/schritte-plus-34-spielesammlung-zu-band-3-und-4\/"},"modified":"2026-04-05T15:35:10","modified_gmt":"2026-04-05T12:35:10","slug":"schritte-plus-34-spielesammlung-zu-band-3-und-4","status":"publish","type":"product","link":"https:\/\/exlibris.ee\/en\/product\/schritte-plus-34-spielesammlung-zu-band-3-und-4\/","title":{"rendered":"Schritte plus 3+4  Spielesammlung zu Band 3 und 4"},"content":{"rendered":"<p>Die Spielesammlung ist geeignet sowohl f\u00fcr lernungewohnte als auch ge\u00fcbte Kursteilnehmer und enth\u00e4lt Grammatikspiele, Wortschatzspiele, Artikelspiele, Minidialoge f\u00fcr stark gesteuertes Sprechen und Gespr\u00e4chsanl\u00e4sse f\u00fcr freies Sprechen. Zu allen Kopiervorlagen (Spielkarten, Spielfelder, Rollenspiele) gibt es klare und einfache Anleitungen mit vielen Variationsm\u00f6glichkeiten. Die Materialien sind f\u00fcr den Kursleiter leicht herzustellen und wiederverwendbar. Die Lernenden k\u00f6nnen sich mithilfe des L\u00f6sungsschl\u00fcssels auf der Kartenr\u00fcckseite selbst korrigieren.<\/p>\n","protected":false},"excerpt":{"rendered":"<p>Die Spielesammlung ist geeignet sowohl f\u00fcr lernungewohnte als auch ge\u00fcbte Kursteilnehmer und enth\u00e4lt Grammatikspiele, Wortschatzspiele, Artikelspiele, Minidialoge f\u00fcr stark gesteuertes Sprechen und Gespr\u00e4chsanl\u00e4sse f\u00fcr freies Sprechen. Zu allen Kopiervorlagen (Spielkarten, Spielfelder, Rollenspiele) gibt es klare und einfache Anleitungen mit vielen&#8230;<\/p>\n","protected":false},"featured_media":73945,"template":"","meta":{"_acf_changed":false,"inline_featured_image":false},"product_brand":[],"product_cat":[1121],"product_tag":[],"series":[{"id":1253,"name":"Schritte plus","slug":"schritte-plus"}],"publisher":[{"id":497,"name":"Hueber Verlag","slug":"hueber-verlag"}],"class_list":{"0":"post-74318","1":"product","2":"type-product","3":"status-publish","4":"has-post-thumbnail","6":"product_cat-lehrwerke-fur-jugendliche-und-erwachsene","7":"series-schritte-plus","8":"publisher-hueber-verlag","10":"first","11":"onbackorder","12":"taxable","13":"shipping-taxable","14":"purchasable","15":"product-type-simple"},"acf":[],"_links":{"self":[{"href":"https:\/\/exlibris.ee\/en\/wp-json\/wp\/v2\/product\/74318","targetHints":{"allow":["GET"]}}],"collection":[{"href":"https:\/\/exlibris.ee\/en\/wp-json\/wp\/v2\/product"}],"about":[{"href":"https:\/\/exlibris.ee\/en\/wp-json\/wp\/v2\/types\/product"}],"wp:featuredmedia":[{"embeddable":true,"href":"https:\/\/exlibris.ee\/en\/wp-json\/wp\/v2\/media\/73945"}],"wp:attachment":[{"href":"https:\/\/exlibris.ee\/en\/wp-json\/wp\/v2\/media?parent=74318"}],"wp:term":[{"taxonomy":"product_brand","embeddable":true,"href":"https:\/\/exlibris.ee\/en\/wp-json\/wp\/v2\/product_brand?post=74318"},{"taxonomy":"product_cat","embeddable":true,"href":"https:\/\/exlibris.ee\/en\/wp-json\/wp\/v2\/product_cat?post=74318"},{"taxonomy":"product_tag","embeddable":true,"href":"https:\/\/exlibris.ee\/en\/wp-json\/wp\/v2\/product_tag?post=74318"},{"taxonomy":"series","embeddable":true,"href":"https:\/\/exlibris.ee\/en\/wp-json\/wp\/v2\/series?post=74318"},{"taxonomy":"publisher","embeddable":true,"href":"https:\/\/exlibris.ee\/en\/wp-json\/wp\/v2\/publisher?post=74318"}],"curies":[{"name":"wp","href":"https:\/\/api.w.org\/{rel}","templated":true}]}}