{"id":74324,"date":"2023-06-12T15:20:53","date_gmt":"2023-06-12T12:20:53","guid":{"rendered":"https:\/\/exlibris.ee\/toode\/schritte-plus-neu-56-spielesammlung\/"},"modified":"2026-04-19T12:04:14","modified_gmt":"2026-04-19T09:04:14","slug":"schritte-plus-neu-56-spielesammlung","status":"publish","type":"product","link":"https:\/\/exlibris.ee\/en\/product\/schritte-plus-neu-56-spielesammlung\/","title":{"rendered":"Schritte plus Neu 5+6  Spielesammlung"},"content":{"rendered":"<p>F\u00fcr Lernende, die mit Schritte plus Neu 5 und 6 arbeiten &#8211; Verschiedene Spiele zur Wiederholung, Vertiefung und Erg\u00e4nzung des Lernstoffs &#8211; Kopiervorlagen (Spielkarten, Spielfelder, Rollenspiele), dazu Anleitungen mit vielen Ideen zum vielseitigen Einsatz im Unterricht &#8211; Angepasst an die Progression von Schritte plus Neu, k\u00f6nnen auch lehrwerkunabh\u00e4ngig eingesetzt werden &#8211; Einfache Erkl\u00e4rungen, leicht herzustellendes Material f\u00fcr den Kursleiter &#8211; Lernende k\u00f6nnen sich mithilfe des L\u00f6sungsschl\u00fcssels (auf der Kartenr\u00fcckseite) selbst korrigieren.<\/p>\n","protected":false},"excerpt":{"rendered":"<p>F\u00fcr Lernende, die mit Schritte plus Neu 5 und 6 arbeiten &#8211; Verschiedene Spiele zur Wiederholung, Vertiefung und Erg\u00e4nzung des Lernstoffs &#8211; Kopiervorlagen (Spielkarten, Spielfelder, Rollenspiele), dazu Anleitungen mit vielen Ideen zum vielseitigen Einsatz im Unterricht &#8211; Angepasst an die&#8230;<\/p>\n","protected":false},"featured_media":355440,"template":"","meta":{"_acf_changed":false,"inline_featured_image":false},"product_brand":[],"product_cat":[1121],"product_tag":[],"series":[{"id":1257,"name":"Schritte plus Neu","slug":"schritte-plus-neu"}],"publisher":[{"id":497,"name":"Hueber Verlag","slug":"hueber-verlag"}],"class_list":{"0":"post-74324","1":"product","2":"type-product","3":"status-publish","4":"has-post-thumbnail","6":"product_cat-lehrwerke-fur-jugendliche-und-erwachsene","7":"series-schritte-plus-neu","8":"publisher-hueber-verlag","10":"first","11":"onbackorder","12":"taxable","13":"shipping-taxable","14":"purchasable","15":"product-type-simple"},"acf":[],"_links":{"self":[{"href":"https:\/\/exlibris.ee\/en\/wp-json\/wp\/v2\/product\/74324","targetHints":{"allow":["GET"]}}],"collection":[{"href":"https:\/\/exlibris.ee\/en\/wp-json\/wp\/v2\/product"}],"about":[{"href":"https:\/\/exlibris.ee\/en\/wp-json\/wp\/v2\/types\/product"}],"wp:featuredmedia":[{"embeddable":true,"href":"https:\/\/exlibris.ee\/en\/wp-json\/wp\/v2\/media\/355440"}],"wp:attachment":[{"href":"https:\/\/exlibris.ee\/en\/wp-json\/wp\/v2\/media?parent=74324"}],"wp:term":[{"taxonomy":"product_brand","embeddable":true,"href":"https:\/\/exlibris.ee\/en\/wp-json\/wp\/v2\/product_brand?post=74324"},{"taxonomy":"product_cat","embeddable":true,"href":"https:\/\/exlibris.ee\/en\/wp-json\/wp\/v2\/product_cat?post=74324"},{"taxonomy":"product_tag","embeddable":true,"href":"https:\/\/exlibris.ee\/en\/wp-json\/wp\/v2\/product_tag?post=74324"},{"taxonomy":"series","embeddable":true,"href":"https:\/\/exlibris.ee\/en\/wp-json\/wp\/v2\/series?post=74324"},{"taxonomy":"publisher","embeddable":true,"href":"https:\/\/exlibris.ee\/en\/wp-json\/wp\/v2\/publisher?post=74324"}],"curies":[{"name":"wp","href":"https:\/\/api.w.org\/{rel}","templated":true}]}}