{"id":74328,"date":"2023-06-12T15:20:53","date_gmt":"2023-06-12T12:20:53","guid":{"rendered":"https:\/\/exlibris.ee\/toode\/schritte-plus-neu-34-testtrainer-mit-audio-cd\/"},"modified":"2026-04-05T15:35:56","modified_gmt":"2026-04-05T12:35:56","slug":"schritte-plus-neu-34-testtrainer-mit-audio-cd","status":"publish","type":"product","link":"https:\/\/exlibris.ee\/en\/product\/schritte-plus-neu-34-testtrainer-mit-audio-cd\/","title":{"rendered":"Schritte plus Neu 3+4  Testtrainer mit Audio-CD"},"content":{"rendered":"<p>F\u00fcr Erwachsene und Jugendliche ab 16 Jahren, die mit Schritte plus Neu A2 arbeiten. &#8211; Der Testtrainer dient der \u00dcberpr\u00fcfung des gelernten Stoffs. &#8211; Es gibt insgesamt 3 Testtrainer (1 Testtrainer pro Niveaustufe) &#8211; Zu jeder Kursbuchlektion gibt es jeweils vier Test-Seiten, unterteilt in zwei Tests: &#8211; Test 1 (2 Seiten): Testaufgaben zu Wortschatz, Grammatik und Kommunikation &#8211; Test 2 (2 Seiten): Testaufgaben zu allen vier Fertigkeiten (Lesen, H\u00f6ren, Schreiben, Sprechen). &#8211; Die Testaufgaben decken die jeweiligen Pr\u00fcfungsformate ab. &#8211; L\u00f6sungen und Transkriptionen sind im Anhang enthalten.<\/p>\n","protected":false},"excerpt":{"rendered":"<p>F\u00fcr Erwachsene und Jugendliche ab 16 Jahren, die mit Schritte plus Neu A2 arbeiten. &#8211; Der Testtrainer dient der \u00dcberpr\u00fcfung des gelernten Stoffs. &#8211; Es gibt insgesamt 3 Testtrainer (1 Testtrainer pro Niveaustufe) &#8211; Zu jeder Kursbuchlektion gibt es jeweils&#8230;<\/p>\n","protected":false},"featured_media":74008,"template":"","meta":{"_acf_changed":false,"inline_featured_image":false},"product_brand":[],"product_cat":[1121],"product_tag":[],"series":[{"id":1257,"name":"Schritte plus Neu","slug":"schritte-plus-neu"}],"publisher":[{"id":497,"name":"Hueber Verlag","slug":"hueber-verlag"}],"class_list":{"0":"post-74328","1":"product","2":"type-product","3":"status-publish","4":"has-post-thumbnail","6":"product_cat-lehrwerke-fur-jugendliche-und-erwachsene","7":"series-schritte-plus-neu","8":"publisher-hueber-verlag","10":"first","11":"instock","12":"taxable","13":"shipping-taxable","14":"purchasable","15":"product-type-simple"},"acf":[],"_links":{"self":[{"href":"https:\/\/exlibris.ee\/en\/wp-json\/wp\/v2\/product\/74328","targetHints":{"allow":["GET"]}}],"collection":[{"href":"https:\/\/exlibris.ee\/en\/wp-json\/wp\/v2\/product"}],"about":[{"href":"https:\/\/exlibris.ee\/en\/wp-json\/wp\/v2\/types\/product"}],"wp:featuredmedia":[{"embeddable":true,"href":"https:\/\/exlibris.ee\/en\/wp-json\/wp\/v2\/media\/74008"}],"wp:attachment":[{"href":"https:\/\/exlibris.ee\/en\/wp-json\/wp\/v2\/media?parent=74328"}],"wp:term":[{"taxonomy":"product_brand","embeddable":true,"href":"https:\/\/exlibris.ee\/en\/wp-json\/wp\/v2\/product_brand?post=74328"},{"taxonomy":"product_cat","embeddable":true,"href":"https:\/\/exlibris.ee\/en\/wp-json\/wp\/v2\/product_cat?post=74328"},{"taxonomy":"product_tag","embeddable":true,"href":"https:\/\/exlibris.ee\/en\/wp-json\/wp\/v2\/product_tag?post=74328"},{"taxonomy":"series","embeddable":true,"href":"https:\/\/exlibris.ee\/en\/wp-json\/wp\/v2\/series?post=74328"},{"taxonomy":"publisher","embeddable":true,"href":"https:\/\/exlibris.ee\/en\/wp-json\/wp\/v2\/publisher?post=74328"}],"curies":[{"name":"wp","href":"https:\/\/api.w.org\/{rel}","templated":true}]}}