{"id":74333,"date":"2023-06-12T15:20:54","date_gmt":"2023-06-12T12:20:54","guid":{"rendered":"https:\/\/exlibris.ee\/toode\/schritte-plus-alpha-neu-3-deutsch-im-alpha-kurs-kursbuch\/"},"modified":"2026-04-05T15:35:59","modified_gmt":"2026-04-05T12:35:59","slug":"schritte-plus-alpha-neu-3-deutsch-im-alpha-kurs-kursbuch","status":"publish","type":"product","link":"https:\/\/exlibris.ee\/en\/product\/schritte-plus-alpha-neu-3-deutsch-im-alpha-kurs-kursbuch\/","title":{"rendered":"Schritte plus Alpha Neu 3  Deutsch im Alpha-Kurs \/ Kursbuch"},"content":{"rendered":"<p>Zielgruppe: Teilnehmer:innen an Alphabetisierungskursen im In- und Ausland: prim\u00e4re und funktionale Analphabet:innen sowie Zweitschriftlernende Das 3-b\u00e4ndige Lehrwerk Schritte plus Alpha Neu entspricht den curricularen Vorgaben des BAMF f\u00fcr den Basis-Alpha-Kurs. Schritte plus Alpha Neu 3 vermittelt Lernenden ohne jegliche Einstiegsvoraussetzungen gezielt eine Grundalphabetisierung und elementare Deutschkenntnisse im m\u00fcndlichen Bereich. Schritte plus Alpha Neu 3 bietet vielf\u00e4ltige Methoden sowohl f\u00fcr die Grundalphabetisierung als auch f\u00fcr den \u201eSprachunterricht ohne Schrift\u201c. \u00dcber die Hueber Media App k\u00f6nnen die Audiodateien und Aussprachevideos abgerufen werden. Kostenlose Zusatzmaterialien wie etwa ein detailliertes Lehrerhandbuch, Unterrichtspl\u00e4ne etc. werden im Lehrwerkservice angeboten.<\/p>\n","protected":false},"excerpt":{"rendered":"<p>Zielgruppe: Teilnehmer:innen an Alphabetisierungskursen im In- und Ausland: prim\u00e4re und funktionale Analphabet:innen sowie Zweitschriftlernende Das 3-b\u00e4ndige Lehrwerk Schritte plus Alpha Neu entspricht den curricularen Vorgaben des BAMF f\u00fcr den Basis-Alpha-Kurs. Schritte plus Alpha Neu 3 vermittelt Lernenden ohne jegliche Einstiegsvoraussetzungen&#8230;<\/p>\n","protected":false},"featured_media":74113,"template":"","meta":{"_acf_changed":false,"inline_featured_image":false},"product_brand":[],"product_cat":[477],"product_tag":[],"series":[{"id":1259,"name":"Schritte plus Alpha Neu","slug":"schritte-plus-alpha-neu"}],"publisher":[{"id":497,"name":"Hueber Verlag","slug":"hueber-verlag"}],"class_list":{"0":"post-74333","1":"product","2":"type-product","3":"status-publish","4":"has-post-thumbnail","6":"product_cat-lehrwerke-fur-jugendliche","7":"series-schritte-plus-alpha-neu","8":"publisher-hueber-verlag","10":"first","11":"instock","12":"taxable","13":"shipping-taxable","14":"purchasable","15":"product-type-simple"},"acf":[],"_links":{"self":[{"href":"https:\/\/exlibris.ee\/en\/wp-json\/wp\/v2\/product\/74333","targetHints":{"allow":["GET"]}}],"collection":[{"href":"https:\/\/exlibris.ee\/en\/wp-json\/wp\/v2\/product"}],"about":[{"href":"https:\/\/exlibris.ee\/en\/wp-json\/wp\/v2\/types\/product"}],"wp:featuredmedia":[{"embeddable":true,"href":"https:\/\/exlibris.ee\/en\/wp-json\/wp\/v2\/media\/74113"}],"wp:attachment":[{"href":"https:\/\/exlibris.ee\/en\/wp-json\/wp\/v2\/media?parent=74333"}],"wp:term":[{"taxonomy":"product_brand","embeddable":true,"href":"https:\/\/exlibris.ee\/en\/wp-json\/wp\/v2\/product_brand?post=74333"},{"taxonomy":"product_cat","embeddable":true,"href":"https:\/\/exlibris.ee\/en\/wp-json\/wp\/v2\/product_cat?post=74333"},{"taxonomy":"product_tag","embeddable":true,"href":"https:\/\/exlibris.ee\/en\/wp-json\/wp\/v2\/product_tag?post=74333"},{"taxonomy":"series","embeddable":true,"href":"https:\/\/exlibris.ee\/en\/wp-json\/wp\/v2\/series?post=74333"},{"taxonomy":"publisher","embeddable":true,"href":"https:\/\/exlibris.ee\/en\/wp-json\/wp\/v2\/publisher?post=74333"}],"curies":[{"name":"wp","href":"https:\/\/api.w.org\/{rel}","templated":true}]}}