{"id":74334,"date":"2023-06-12T15:20:54","date_gmt":"2023-06-12T12:20:54","guid":{"rendered":"https:\/\/exlibris.ee\/toode\/schritte-plus-alpha-neu-3-deutsch-im-alpha-kurs-trainingsbuch\/"},"modified":"2026-04-05T15:36:00","modified_gmt":"2026-04-05T12:36:00","slug":"schritte-plus-alpha-neu-3-deutsch-im-alpha-kurs-trainingsbuch","status":"publish","type":"product","link":"https:\/\/exlibris.ee\/en\/product\/schritte-plus-alpha-neu-3-deutsch-im-alpha-kurs-trainingsbuch\/","title":{"rendered":"Schritte plus Alpha Neu 3  Deutsch im Alpha-Kurs \/ Trainingsbuch"},"content":{"rendered":"<p>Zielgruppe: Teilnehmer:innen an Alphabetisierungskursen im In- und Ausland: prim\u00e4re und funktionale Analphabet:innen sowie Zweitschriftlernende Trainingsbuch zu Schritte plus Alpha Neu 3 mit \u00dcbungen, Tests zur Selbstevaluation, Lesetexten und visualisiertem Lernwortschatz. Erg\u00e4nzend zum Kursbuch und zum Selbststudium zu Hause. \u00dcber die Hueber Media App k\u00f6nnen die Audiodateien abgerufen werden. Schritte plus Alpha Neu vermittelt Lernenden ohne jegliche Einstiegsvoraussetzungen gezielt eine Grundalphabetisierung und elementare Deutschkenntnisse im m\u00fcndlichen Bereich (Sprachunterricht ohne Schrift). Das dreib\u00e4ndige Lehrwerk entspricht den curricularen Vorgaben des BAMF f\u00fcr den Basis-Alpha-Kurs.<\/p>\n","protected":false},"excerpt":{"rendered":"<p>Zielgruppe: Teilnehmer:innen an Alphabetisierungskursen im In- und Ausland: prim\u00e4re und funktionale Analphabet:innen sowie Zweitschriftlernende Trainingsbuch zu Schritte plus Alpha Neu 3 mit \u00dcbungen, Tests zur Selbstevaluation, Lesetexten und visualisiertem Lernwortschatz. Erg\u00e4nzend zum Kursbuch und zum Selbststudium zu Hause. \u00dcber die&#8230;<\/p>\n","protected":false},"featured_media":74152,"template":"","meta":{"_acf_changed":false,"inline_featured_image":false},"product_brand":[],"product_cat":[477],"product_tag":[],"series":[{"id":1259,"name":"Schritte plus Alpha Neu","slug":"schritte-plus-alpha-neu"}],"publisher":[{"id":497,"name":"Hueber Verlag","slug":"hueber-verlag"}],"class_list":{"0":"post-74334","1":"product","2":"type-product","3":"status-publish","4":"has-post-thumbnail","6":"product_cat-lehrwerke-fur-jugendliche","7":"series-schritte-plus-alpha-neu","8":"publisher-hueber-verlag","10":"first","11":"onbackorder","12":"taxable","13":"shipping-taxable","14":"purchasable","15":"product-type-simple"},"acf":[],"_links":{"self":[{"href":"https:\/\/exlibris.ee\/en\/wp-json\/wp\/v2\/product\/74334","targetHints":{"allow":["GET"]}}],"collection":[{"href":"https:\/\/exlibris.ee\/en\/wp-json\/wp\/v2\/product"}],"about":[{"href":"https:\/\/exlibris.ee\/en\/wp-json\/wp\/v2\/types\/product"}],"wp:featuredmedia":[{"embeddable":true,"href":"https:\/\/exlibris.ee\/en\/wp-json\/wp\/v2\/media\/74152"}],"wp:attachment":[{"href":"https:\/\/exlibris.ee\/en\/wp-json\/wp\/v2\/media?parent=74334"}],"wp:term":[{"taxonomy":"product_brand","embeddable":true,"href":"https:\/\/exlibris.ee\/en\/wp-json\/wp\/v2\/product_brand?post=74334"},{"taxonomy":"product_cat","embeddable":true,"href":"https:\/\/exlibris.ee\/en\/wp-json\/wp\/v2\/product_cat?post=74334"},{"taxonomy":"product_tag","embeddable":true,"href":"https:\/\/exlibris.ee\/en\/wp-json\/wp\/v2\/product_tag?post=74334"},{"taxonomy":"series","embeddable":true,"href":"https:\/\/exlibris.ee\/en\/wp-json\/wp\/v2\/series?post=74334"},{"taxonomy":"publisher","embeddable":true,"href":"https:\/\/exlibris.ee\/en\/wp-json\/wp\/v2\/publisher?post=74334"}],"curies":[{"name":"wp","href":"https:\/\/api.w.org\/{rel}","templated":true}]}}