{"id":74886,"date":"2023-06-12T15:21:45","date_gmt":"2023-06-12T12:21:45","guid":{"rendered":"https:\/\/exlibris.ee\/toode\/schritte-plus-neu-12-arbeitsbuch-mit-audios-online\/"},"modified":"2026-04-05T15:36:57","modified_gmt":"2026-04-05T12:36:57","slug":"schritte-plus-neu-12-arbeitsbuch-mit-audios-online","status":"publish","type":"product","link":"https:\/\/exlibris.ee\/en\/product\/schritte-plus-neu-12-arbeitsbuch-mit-audios-online\/","title":{"rendered":"Schritte plus Neu 1+2  Arbeitsbuch mit Audios online"},"content":{"rendered":"<p>Arbeitsbuch der dreib\u00e4ndigen Ausgabe mit Audios online Vollband Niveau A1 &#8211; \u00dcbungen und Wiederholungs\u00fcbungen in verschiedenen Schwierigkeitsstufen zur Binnendifferenzierung &#8211; systematisch aufgebautes Schreibtraining &#8211; Wortschatztraining f\u00fcr gezielten Wortschatzerwerb &#8211; ausf\u00fchrliches Phonetikprogramm &#8211; Pr\u00fcfungsaufgaben &#8211; Lernertest mit Selbstauswertung und weiterf\u00fchrendem Trainingsprogramm &#8211; integrierte Fokus-Seiten mit besonderem Berufsschwerpunkt.<\/p>\n","protected":false},"excerpt":{"rendered":"<p>Arbeitsbuch der dreib\u00e4ndigen Ausgabe mit Audios online Vollband Niveau A1 &#8211; \u00dcbungen und Wiederholungs\u00fcbungen in verschiedenen Schwierigkeitsstufen zur Binnendifferenzierung &#8211; systematisch aufgebautes Schreibtraining &#8211; Wortschatztraining f\u00fcr gezielten Wortschatzerwerb &#8211; ausf\u00fchrliches Phonetikprogramm &#8211; Pr\u00fcfungsaufgaben &#8211; Lernertest mit Selbstauswertung und weiterf\u00fchrendem Trainingsprogramm&#8230;<\/p>\n","protected":false},"featured_media":74504,"template":"","meta":{"_acf_changed":false,"inline_featured_image":false},"product_brand":[],"product_cat":[1121],"product_tag":[],"series":[{"id":1257,"name":"Schritte plus Neu","slug":"schritte-plus-neu"}],"publisher":[{"id":497,"name":"Hueber Verlag","slug":"hueber-verlag"}],"class_list":{"0":"post-74886","1":"product","2":"type-product","3":"status-publish","4":"has-post-thumbnail","6":"product_cat-lehrwerke-fur-jugendliche-und-erwachsene","7":"series-schritte-plus-neu","8":"publisher-hueber-verlag","10":"first","11":"onbackorder","12":"taxable","13":"shipping-taxable","14":"purchasable","15":"product-type-simple"},"acf":[],"_links":{"self":[{"href":"https:\/\/exlibris.ee\/en\/wp-json\/wp\/v2\/product\/74886","targetHints":{"allow":["GET"]}}],"collection":[{"href":"https:\/\/exlibris.ee\/en\/wp-json\/wp\/v2\/product"}],"about":[{"href":"https:\/\/exlibris.ee\/en\/wp-json\/wp\/v2\/types\/product"}],"wp:featuredmedia":[{"embeddable":true,"href":"https:\/\/exlibris.ee\/en\/wp-json\/wp\/v2\/media\/74504"}],"wp:attachment":[{"href":"https:\/\/exlibris.ee\/en\/wp-json\/wp\/v2\/media?parent=74886"}],"wp:term":[{"taxonomy":"product_brand","embeddable":true,"href":"https:\/\/exlibris.ee\/en\/wp-json\/wp\/v2\/product_brand?post=74886"},{"taxonomy":"product_cat","embeddable":true,"href":"https:\/\/exlibris.ee\/en\/wp-json\/wp\/v2\/product_cat?post=74886"},{"taxonomy":"product_tag","embeddable":true,"href":"https:\/\/exlibris.ee\/en\/wp-json\/wp\/v2\/product_tag?post=74886"},{"taxonomy":"series","embeddable":true,"href":"https:\/\/exlibris.ee\/en\/wp-json\/wp\/v2\/series?post=74886"},{"taxonomy":"publisher","embeddable":true,"href":"https:\/\/exlibris.ee\/en\/wp-json\/wp\/v2\/publisher?post=74886"}],"curies":[{"name":"wp","href":"https:\/\/api.w.org\/{rel}","templated":true}]}}