{"id":74900,"date":"2023-06-12T15:21:46","date_gmt":"2023-06-12T12:21:46","guid":{"rendered":"https:\/\/exlibris.ee\/toode\/schritte-im-beruf-modul-1-5-pdf-mp3-download\/"},"modified":"2026-04-16T17:45:54","modified_gmt":"2026-04-16T14:45:54","slug":"schritte-im-beruf-modul-1-5-pdf-mp3-download","status":"publish","type":"product","link":"https:\/\/exlibris.ee\/en\/product\/schritte-im-beruf-modul-1-5-pdf-mp3-download\/","title":{"rendered":"Schritte im Beruf, Modul 1\u20135  PDF-MP3\/Download"},"content":{"rendered":"<p>Unser Online-Angebot Schritte im Beruf bietet in 5 Modulen Zusatzmaterialien zur Berufssprache, die auf Ihren Unterricht mit Schritte abgestimmt sind. Modul 1: Aktuelle Texte aus Beruf &amp; Wirtschaft Modul 2: Deutsch f\u00fcr &#8230; Ihre Berufsgruppe Modul 3: Gespr\u00e4che f\u00fchren Modul 4: Schriftliche Kommunikation Modul 5: Audio-Dateien Das Gesamt-Modul (Modul 1-5) enth\u00e4lt insg. 98 Kopiervorlagen\/H\u00f6rdateien. Einen \u00dcberblick \u00fcber die einzelnen Themen gibt Ihnen das Inhaltsverzeichnis. Mit der Bezahlung erhalten Sie Zugang (insg. f\u00fcr 2 Jahre) zu den Online-Materialien und k\u00f6nnen diese auf Ihrem Computer abspeichern.<\/p>\n","protected":false},"excerpt":{"rendered":"<p>Unser Online-Angebot Schritte im Beruf bietet in 5 Modulen Zusatzmaterialien zur Berufssprache, die auf Ihren Unterricht mit Schritte abgestimmt sind. Modul 1: Aktuelle Texte aus Beruf &amp; Wirtschaft Modul 2: Deutsch f\u00fcr &#8230; Ihre Berufsgruppe Modul 3: Gespr\u00e4che f\u00fchren Modul&#8230;<\/p>\n","protected":false},"featured_media":304231,"template":"","meta":{"_acf_changed":false,"inline_featured_image":false},"product_brand":[],"product_cat":[538],"product_tag":[],"series":[],"publisher":[{"id":497,"name":"Hueber Verlag","slug":"hueber-verlag"}],"class_list":{"0":"post-74900","1":"product","2":"type-product","3":"status-publish","4":"has-post-thumbnail","6":"product_cat-lehrwerke-fur-erwachsene","7":"publisher-hueber-verlag","9":"first","10":"onbackorder","11":"taxable","12":"shipping-taxable","13":"purchasable","14":"product-type-simple"},"acf":[],"_links":{"self":[{"href":"https:\/\/exlibris.ee\/en\/wp-json\/wp\/v2\/product\/74900","targetHints":{"allow":["GET"]}}],"collection":[{"href":"https:\/\/exlibris.ee\/en\/wp-json\/wp\/v2\/product"}],"about":[{"href":"https:\/\/exlibris.ee\/en\/wp-json\/wp\/v2\/types\/product"}],"wp:featuredmedia":[{"embeddable":true,"href":"https:\/\/exlibris.ee\/en\/wp-json\/wp\/v2\/media\/304231"}],"wp:attachment":[{"href":"https:\/\/exlibris.ee\/en\/wp-json\/wp\/v2\/media?parent=74900"}],"wp:term":[{"taxonomy":"product_brand","embeddable":true,"href":"https:\/\/exlibris.ee\/en\/wp-json\/wp\/v2\/product_brand?post=74900"},{"taxonomy":"product_cat","embeddable":true,"href":"https:\/\/exlibris.ee\/en\/wp-json\/wp\/v2\/product_cat?post=74900"},{"taxonomy":"product_tag","embeddable":true,"href":"https:\/\/exlibris.ee\/en\/wp-json\/wp\/v2\/product_tag?post=74900"},{"taxonomy":"series","embeddable":true,"href":"https:\/\/exlibris.ee\/en\/wp-json\/wp\/v2\/series?post=74900"},{"taxonomy":"publisher","embeddable":true,"href":"https:\/\/exlibris.ee\/en\/wp-json\/wp\/v2\/publisher?post=74900"}],"curies":[{"name":"wp","href":"https:\/\/api.w.org\/{rel}","templated":true}]}}