{"id":74901,"date":"2023-06-12T15:21:46","date_gmt":"2023-06-12T12:21:46","guid":{"rendered":"https:\/\/exlibris.ee\/toode\/schritte-international-im-beruf-pdf-mp3-download-modul-1-5\/"},"modified":"2026-04-13T07:22:33","modified_gmt":"2026-04-13T04:22:33","slug":"schritte-international-im-beruf-pdf-mp3-download-modul-1-5","status":"publish","type":"product","link":"https:\/\/exlibris.ee\/en\/product\/schritte-international-im-beruf-pdf-mp3-download-modul-1-5\/","title":{"rendered":"Schritte international im Beruf  PDF\/ MP3-Download Modul 1-5"},"content":{"rendered":"<p>Unser Online-Angebot Schritte international im Beruf bietet in 5 Modulen Zusatzmaterialien zur Berufssprache, die auf Ihren Unterricht mit Schritte international abgestimmt sind. Modul 1: Aktuelle Texte aus Beruf &amp; Wirtschaft Modul 2: Deutsch f\u00fcr &#8230; Ihre Berufsgruppe Modul 3: Gespr\u00e4che f\u00fchren Modul 4: Schriftliche Kommunikation Modul 5: Audio-Dateien\/Podcasts Jedes Modul enth\u00e4lt 19-20 Kopiervorlagen und H\u00f6rdateien. Insgesamt stehen Ihnen 98 Materialien zur Verf\u00fcgung. Das Inhaltsverzeichnis gibt einen \u00dcberblick \u00fcber das Angebot.<\/p>\n","protected":false},"excerpt":{"rendered":"<p>Unser Online-Angebot Schritte international im Beruf bietet in 5 Modulen Zusatzmaterialien zur Berufssprache, die auf Ihren Unterricht mit Schritte international abgestimmt sind. Modul 1: Aktuelle Texte aus Beruf &amp; Wirtschaft Modul 2: Deutsch f\u00fcr &#8230; Ihre Berufsgruppe Modul 3: Gespr\u00e4che&#8230;<\/p>\n","protected":false},"featured_media":236488,"template":"","meta":{"_acf_changed":false,"inline_featured_image":false},"product_brand":[],"product_cat":[538],"product_tag":[],"series":[{"id":1261,"name":"Schritte international im Beruf","slug":"schritte-international-im-beruf"}],"publisher":[{"id":497,"name":"Hueber Verlag","slug":"hueber-verlag"}],"class_list":{"0":"post-74901","1":"product","2":"type-product","3":"status-publish","4":"has-post-thumbnail","6":"product_cat-lehrwerke-fur-erwachsene","7":"series-schritte-international-im-beruf","8":"publisher-hueber-verlag","10":"first","11":"onbackorder","12":"taxable","13":"shipping-taxable","14":"purchasable","15":"product-type-simple"},"acf":[],"_links":{"self":[{"href":"https:\/\/exlibris.ee\/en\/wp-json\/wp\/v2\/product\/74901","targetHints":{"allow":["GET"]}}],"collection":[{"href":"https:\/\/exlibris.ee\/en\/wp-json\/wp\/v2\/product"}],"about":[{"href":"https:\/\/exlibris.ee\/en\/wp-json\/wp\/v2\/types\/product"}],"wp:featuredmedia":[{"embeddable":true,"href":"https:\/\/exlibris.ee\/en\/wp-json\/wp\/v2\/media\/236488"}],"wp:attachment":[{"href":"https:\/\/exlibris.ee\/en\/wp-json\/wp\/v2\/media?parent=74901"}],"wp:term":[{"taxonomy":"product_brand","embeddable":true,"href":"https:\/\/exlibris.ee\/en\/wp-json\/wp\/v2\/product_brand?post=74901"},{"taxonomy":"product_cat","embeddable":true,"href":"https:\/\/exlibris.ee\/en\/wp-json\/wp\/v2\/product_cat?post=74901"},{"taxonomy":"product_tag","embeddable":true,"href":"https:\/\/exlibris.ee\/en\/wp-json\/wp\/v2\/product_tag?post=74901"},{"taxonomy":"series","embeddable":true,"href":"https:\/\/exlibris.ee\/en\/wp-json\/wp\/v2\/series?post=74901"},{"taxonomy":"publisher","embeddable":true,"href":"https:\/\/exlibris.ee\/en\/wp-json\/wp\/v2\/publisher?post=74901"}],"curies":[{"name":"wp","href":"https:\/\/api.w.org\/{rel}","templated":true}]}}