{"id":75440,"date":"2023-06-12T15:22:43","date_gmt":"2023-06-12T12:22:43","guid":{"rendered":"https:\/\/exlibris.ee\/toode\/schritte-international-im-beruf-deutsch-fur-ihren-beruf-ubungsbuch\/"},"modified":"2026-04-13T07:24:02","modified_gmt":"2026-04-13T04:24:02","slug":"schritte-international-im-beruf-deutsch-fur-ihren-beruf-ubungsbuch","status":"publish","type":"product","link":"https:\/\/exlibris.ee\/en\/product\/schritte-international-im-beruf-deutsch-fur-ihren-beruf-ubungsbuch\/","title":{"rendered":"Schritte international im Beruf  Deutsch f\u00fcr &#8230; Ihren Beruf \/ \u00dcbungsbuch"},"content":{"rendered":"<p>Kopiervorlagen f\u00fcr zwanzig verschiedene Berufe vermitteln den relevanten Fachwortschatz und berufstypische Redemittel, die die Kursteilnehmer in Rollenspielen frei anzuwenden lernen. Pro Beruf umfassen die Materialien 6 bis 8 Seiten und enthalten eine gro\u00dfformatige vierfarbige Illustration des Arbeitsplatzes (z.B. Zimmerm\u00e4dchen, Au Pair, Mitarbeiter\/in an der Rezeption, Mitarbeiter\/in am Flughafen, Kaufleute). Auf den folgenden Seiten werden die f\u00fcr diesen Beruf wichtigsten Verben und Redemittel eingef\u00fchrt und einge\u00fcbt.<\/p>\n","protected":false},"excerpt":{"rendered":"<p>Kopiervorlagen f\u00fcr zwanzig verschiedene Berufe vermitteln den relevanten Fachwortschatz und berufstypische Redemittel, die die Kursteilnehmer in Rollenspielen frei anzuwenden lernen. Pro Beruf umfassen die Materialien 6 bis 8 Seiten und enthalten eine gro\u00dfformatige vierfarbige Illustration des Arbeitsplatzes (z.B. Zimmerm\u00e4dchen, Au&#8230;<\/p>\n","protected":false},"featured_media":236567,"template":"","meta":{"_acf_changed":false,"inline_featured_image":false},"product_brand":[],"product_cat":[897],"product_tag":[],"series":[{"id":1261,"name":"Schritte international im Beruf","slug":"schritte-international-im-beruf"}],"publisher":[{"id":497,"name":"Hueber Verlag","slug":"hueber-verlag"}],"class_list":{"0":"post-75440","1":"product","2":"type-product","3":"status-publish","4":"has-post-thumbnail","6":"product_cat-keeleope-leiunurk","7":"series-schritte-international-im-beruf","8":"publisher-hueber-verlag","10":"first","11":"instock","12":"taxable","13":"shipping-taxable","14":"purchasable","15":"product-type-simple"},"acf":[],"_links":{"self":[{"href":"https:\/\/exlibris.ee\/en\/wp-json\/wp\/v2\/product\/75440","targetHints":{"allow":["GET"]}}],"collection":[{"href":"https:\/\/exlibris.ee\/en\/wp-json\/wp\/v2\/product"}],"about":[{"href":"https:\/\/exlibris.ee\/en\/wp-json\/wp\/v2\/types\/product"}],"wp:featuredmedia":[{"embeddable":true,"href":"https:\/\/exlibris.ee\/en\/wp-json\/wp\/v2\/media\/236567"}],"wp:attachment":[{"href":"https:\/\/exlibris.ee\/en\/wp-json\/wp\/v2\/media?parent=75440"}],"wp:term":[{"taxonomy":"product_brand","embeddable":true,"href":"https:\/\/exlibris.ee\/en\/wp-json\/wp\/v2\/product_brand?post=75440"},{"taxonomy":"product_cat","embeddable":true,"href":"https:\/\/exlibris.ee\/en\/wp-json\/wp\/v2\/product_cat?post=75440"},{"taxonomy":"product_tag","embeddable":true,"href":"https:\/\/exlibris.ee\/en\/wp-json\/wp\/v2\/product_tag?post=75440"},{"taxonomy":"series","embeddable":true,"href":"https:\/\/exlibris.ee\/en\/wp-json\/wp\/v2\/series?post=75440"},{"taxonomy":"publisher","embeddable":true,"href":"https:\/\/exlibris.ee\/en\/wp-json\/wp\/v2\/publisher?post=75440"}],"curies":[{"name":"wp","href":"https:\/\/api.w.org\/{rel}","templated":true}]}}