{"id":75457,"date":"2023-06-12T15:22:45","date_gmt":"2023-06-12T12:22:45","guid":{"rendered":"https:\/\/exlibris.ee\/toode\/schritte-plus-neu-2-kursbuch-und-arbeitsbuch-mit-audios-online\/"},"modified":"2026-04-05T17:23:45","modified_gmt":"2026-04-05T14:23:45","slug":"schritte-plus-neu-2-kursbuch-und-arbeitsbuch-mit-audios-online","status":"publish","type":"product","link":"https:\/\/exlibris.ee\/en\/product\/schritte-plus-neu-2-kursbuch-und-arbeitsbuch-mit-audios-online\/","title":{"rendered":"Schritte plus Neu 2  Kursbuch und Arbeitsbuch mit Audios online"},"content":{"rendered":"<p>Kurs- und Arbeitsbuch der sechsb\u00e4ndigen Ausgabe mit Audios online &#8211; alle Lektionen folgen einem klaren Aufbau f\u00fcr hohe Lerntransparenz &#8211; neue Foto-H\u00f6rgeschichten als Einstieg in jede Lektion &#8211; interessante Texte und vielf\u00e4ltige Landeskunde &#8211; induktive Grammatik f\u00f6rdert Bewusstmachung und Verst\u00e4ndnis &#8211; Vorbereitung auf den Berufsalltag durch verst\u00e4rkten Berufsbezug &#8211; St\u00e4rkung der Lernerautonomie durch eine Doppelseite zu Grammatik und Redemitteln mit \u00dcbungen und Lernhilfen am Ende jeder Lektion &#8211; Transparenz durch Lernziele mit der M\u00f6glichkeit zur Selbsteinsch\u00e4tzung &#8211; flexible Erg\u00e4nzung der Lektionsinhalte durch die \u201eZwischendurch mal \u2026\u201c-Seiten Mit der kostenlosen App Hueber Media k\u00f6nnen Sie die Audios und Videos auf dem Smartphone abspielen \u2013 wo immer Sie m\u00f6chten. \u00dcberall und zu jeder Zeit. Im Unterricht, in der Pause, im Bus oder zu Hause.<\/p>\n","protected":false},"excerpt":{"rendered":"<p>Kurs- und Arbeitsbuch der sechsb\u00e4ndigen Ausgabe mit Audios online &#8211; alle Lektionen folgen einem klaren Aufbau f\u00fcr hohe Lerntransparenz &#8211; neue Foto-H\u00f6rgeschichten als Einstieg in jede Lektion &#8211; interessante Texte und vielf\u00e4ltige Landeskunde &#8211; induktive Grammatik f\u00f6rdert Bewusstmachung und Verst\u00e4ndnis&#8230;<\/p>\n","protected":false},"featured_media":75315,"template":"","meta":{"_acf_changed":false,"inline_featured_image":false},"product_brand":[],"product_cat":[1121],"product_tag":[],"series":[{"id":1257,"name":"Schritte plus Neu","slug":"schritte-plus-neu"}],"publisher":[{"id":497,"name":"Hueber Verlag","slug":"hueber-verlag"}],"class_list":{"0":"post-75457","1":"product","2":"type-product","3":"status-publish","4":"has-post-thumbnail","6":"product_cat-lehrwerke-fur-jugendliche-und-erwachsene","7":"series-schritte-plus-neu","8":"publisher-hueber-verlag","10":"first","11":"onbackorder","12":"taxable","13":"shipping-taxable","14":"purchasable","15":"product-type-simple"},"acf":[],"_links":{"self":[{"href":"https:\/\/exlibris.ee\/en\/wp-json\/wp\/v2\/product\/75457","targetHints":{"allow":["GET"]}}],"collection":[{"href":"https:\/\/exlibris.ee\/en\/wp-json\/wp\/v2\/product"}],"about":[{"href":"https:\/\/exlibris.ee\/en\/wp-json\/wp\/v2\/types\/product"}],"wp:featuredmedia":[{"embeddable":true,"href":"https:\/\/exlibris.ee\/en\/wp-json\/wp\/v2\/media\/75315"}],"wp:attachment":[{"href":"https:\/\/exlibris.ee\/en\/wp-json\/wp\/v2\/media?parent=75457"}],"wp:term":[{"taxonomy":"product_brand","embeddable":true,"href":"https:\/\/exlibris.ee\/en\/wp-json\/wp\/v2\/product_brand?post=75457"},{"taxonomy":"product_cat","embeddable":true,"href":"https:\/\/exlibris.ee\/en\/wp-json\/wp\/v2\/product_cat?post=75457"},{"taxonomy":"product_tag","embeddable":true,"href":"https:\/\/exlibris.ee\/en\/wp-json\/wp\/v2\/product_tag?post=75457"},{"taxonomy":"series","embeddable":true,"href":"https:\/\/exlibris.ee\/en\/wp-json\/wp\/v2\/series?post=75457"},{"taxonomy":"publisher","embeddable":true,"href":"https:\/\/exlibris.ee\/en\/wp-json\/wp\/v2\/publisher?post=75457"}],"curies":[{"name":"wp","href":"https:\/\/api.w.org\/{rel}","templated":true}]}}