{"id":80169,"date":"2023-06-13T10:44:04","date_gmt":"2023-06-13T07:44:04","guid":{"rendered":"https:\/\/exlibris.ee\/toode\/tamburin-2-deutsch-fur-kinder-lehrbuch\/"},"modified":"2026-04-14T19:19:58","modified_gmt":"2026-04-14T16:19:58","slug":"tamburin-2-deutsch-fur-kinder-lehrbuch","status":"publish","type":"product","link":"https:\/\/exlibris.ee\/en\/product\/tamburin-2-deutsch-fur-kinder-lehrbuch\/","title":{"rendered":"Tamburin 2  Deutsch f\u00fcr Kinder \/ Lehrbuch"},"content":{"rendered":"<p>Voraussetzungen: Vorkenntnisse auf der Basis von Tamburin 1. Zielgruppe: Der Kurs wendet sich an sieben- bis zehnj\u00e4hrige Kinder, die im In- und Ausland ohne Vorkenntnisse Deutsch lernen. Die Eigent\u00e4tigkeit der Sch\u00fcler steht von Anfang an im Mittelpunkt des Unterrichts. Der Lehrer \u00fcbernimmt zunehmend die Rolle des Helfers ein, der neues Sprachmaterial bzw. neue \u00dcbungstechniken einf\u00fchrt, dann aber zur\u00fccktritt und den Sch\u00fclern die Durchf\u00fchrung \u00fcberl\u00e4sst. Das gibt den Sch\u00fclern Gelegenheit, entdeckend zu lernen und ihre Fertigkeiten bewusst einzusetzen, und es gibt dem Lehrer Gelegenheit, gezielt dort einzugreifen, wo seine Hilfe oder Steuerung ben\u00f6tigt wird. Die \u00dcbungen und \u00dcbungsspiele sind so angelegt, dass die Sch\u00fcler sie selbst\u00e4ndig in Partner- oder Gruppenarbeit ausf\u00fchren und teilweise auch selbst kontrollieren k\u00f6nnen.<\/p>\n","protected":false},"excerpt":{"rendered":"<p>Voraussetzungen: Vorkenntnisse auf der Basis von Tamburin 1. Zielgruppe: Der Kurs wendet sich an sieben- bis zehnj\u00e4hrige Kinder, die im In- und Ausland ohne Vorkenntnisse Deutsch lernen. Die Eigent\u00e4tigkeit der Sch\u00fcler steht von Anfang an im Mittelpunkt des Unterrichts. Der&#8230;<\/p>\n","protected":false},"featured_media":269200,"template":"","meta":{"_acf_changed":false,"inline_featured_image":false},"product_brand":[],"product_cat":[471],"product_tag":[],"series":[{"id":1268,"name":"Tamburin","slug":"tamburin"}],"publisher":[{"id":497,"name":"Hueber Verlag","slug":"hueber-verlag"}],"class_list":{"0":"post-80169","1":"product","2":"type-product","3":"status-publish","4":"has-post-thumbnail","6":"product_cat-lehrwerke-fur-kinder","7":"series-tamburin","8":"publisher-hueber-verlag","10":"first","11":"instock","12":"taxable","13":"shipping-taxable","14":"purchasable","15":"product-type-simple"},"acf":[],"_links":{"self":[{"href":"https:\/\/exlibris.ee\/en\/wp-json\/wp\/v2\/product\/80169","targetHints":{"allow":["GET"]}}],"collection":[{"href":"https:\/\/exlibris.ee\/en\/wp-json\/wp\/v2\/product"}],"about":[{"href":"https:\/\/exlibris.ee\/en\/wp-json\/wp\/v2\/types\/product"}],"wp:featuredmedia":[{"embeddable":true,"href":"https:\/\/exlibris.ee\/en\/wp-json\/wp\/v2\/media\/269200"}],"wp:attachment":[{"href":"https:\/\/exlibris.ee\/en\/wp-json\/wp\/v2\/media?parent=80169"}],"wp:term":[{"taxonomy":"product_brand","embeddable":true,"href":"https:\/\/exlibris.ee\/en\/wp-json\/wp\/v2\/product_brand?post=80169"},{"taxonomy":"product_cat","embeddable":true,"href":"https:\/\/exlibris.ee\/en\/wp-json\/wp\/v2\/product_cat?post=80169"},{"taxonomy":"product_tag","embeddable":true,"href":"https:\/\/exlibris.ee\/en\/wp-json\/wp\/v2\/product_tag?post=80169"},{"taxonomy":"series","embeddable":true,"href":"https:\/\/exlibris.ee\/en\/wp-json\/wp\/v2\/series?post=80169"},{"taxonomy":"publisher","embeddable":true,"href":"https:\/\/exlibris.ee\/en\/wp-json\/wp\/v2\/publisher?post=80169"}],"curies":[{"name":"wp","href":"https:\/\/api.w.org\/{rel}","templated":true}]}}