{"id":80175,"date":"2023-06-13T10:44:05","date_gmt":"2023-06-13T07:44:05","guid":{"rendered":"https:\/\/exlibris.ee\/toode\/tangram-aktuell-1-lektion-5-8-kursbuch-arbeitsbuch-mit-audio-cd-zum-arbeitsbuch\/"},"modified":"2026-04-04T03:14:57","modified_gmt":"2026-04-04T00:14:57","slug":"tangram-aktuell-1-lektion-5-8-kursbuch-arbeitsbuch-mit-audio-cd-zum-arbeitsbuch","status":"publish","type":"product","link":"https:\/\/exlibris.ee\/en\/product\/tangram-aktuell-1-lektion-5-8-kursbuch-arbeitsbuch-mit-audio-cd-zum-arbeitsbuch\/","title":{"rendered":"Tangram aktuell 1 \u2013 Lektion 5\u20138  Kursbuch + Arbeitsbuch mit Audio-CD zum Arbeitsbuch"},"content":{"rendered":"<p>Tangram aktuell ist die \u00fcberarbeitete Ausgabe von Tangram und richtet sich genau an den Vorgaben des Referenzrahmens aus. Das Lehrwerk f\u00fchrt auf die Pr\u00fcfungen Start Deutsch 1 und Start Deutsch 2 sowie auf das Zertifikat Deutsch hin. Zielgruppe: Erwachsene und Jugendliche ab 16 Jahren in allen Grundstufenkursen (A1-B1) weltweit.<\/p>\n","protected":false},"excerpt":{"rendered":"<p>Tangram aktuell ist die \u00fcberarbeitete Ausgabe von Tangram und richtet sich genau an den Vorgaben des Referenzrahmens aus. Das Lehrwerk f\u00fchrt auf die Pr\u00fcfungen Start Deutsch 1 und Start Deutsch 2 sowie auf das Zertifikat Deutsch hin. Zielgruppe: Erwachsene und&#8230;<\/p>\n","protected":false},"featured_media":80126,"template":"","meta":{"_acf_changed":false,"inline_featured_image":false},"product_brand":[],"product_cat":[1121],"product_tag":[],"series":[{"id":1272,"name":"Tangram aktuell","slug":"tangram-aktuell"}],"publisher":[{"id":497,"name":"Hueber Verlag","slug":"hueber-verlag"}],"class_list":{"0":"post-80175","1":"product","2":"type-product","3":"status-publish","4":"has-post-thumbnail","6":"product_cat-lehrwerke-fur-jugendliche-und-erwachsene","7":"series-tangram-aktuell","8":"publisher-hueber-verlag","10":"first","11":"instock","12":"taxable","13":"shipping-taxable","14":"purchasable","15":"product-type-simple"},"acf":[],"_links":{"self":[{"href":"https:\/\/exlibris.ee\/en\/wp-json\/wp\/v2\/product\/80175","targetHints":{"allow":["GET"]}}],"collection":[{"href":"https:\/\/exlibris.ee\/en\/wp-json\/wp\/v2\/product"}],"about":[{"href":"https:\/\/exlibris.ee\/en\/wp-json\/wp\/v2\/types\/product"}],"wp:featuredmedia":[{"embeddable":true,"href":"https:\/\/exlibris.ee\/en\/wp-json\/wp\/v2\/media\/80126"}],"wp:attachment":[{"href":"https:\/\/exlibris.ee\/en\/wp-json\/wp\/v2\/media?parent=80175"}],"wp:term":[{"taxonomy":"product_brand","embeddable":true,"href":"https:\/\/exlibris.ee\/en\/wp-json\/wp\/v2\/product_brand?post=80175"},{"taxonomy":"product_cat","embeddable":true,"href":"https:\/\/exlibris.ee\/en\/wp-json\/wp\/v2\/product_cat?post=80175"},{"taxonomy":"product_tag","embeddable":true,"href":"https:\/\/exlibris.ee\/en\/wp-json\/wp\/v2\/product_tag?post=80175"},{"taxonomy":"series","embeddable":true,"href":"https:\/\/exlibris.ee\/en\/wp-json\/wp\/v2\/series?post=80175"},{"taxonomy":"publisher","embeddable":true,"href":"https:\/\/exlibris.ee\/en\/wp-json\/wp\/v2\/publisher?post=80175"}],"curies":[{"name":"wp","href":"https:\/\/api.w.org\/{rel}","templated":true}]}}