{"id":80178,"date":"2023-06-13T10:44:05","date_gmt":"2023-06-13T07:44:05","guid":{"rendered":"https:\/\/exlibris.ee\/toode\/starke-verben-unregelmasige-verben-des-deutschen-zum-uben-nachschlagen-buch\/"},"modified":"2026-04-18T15:31:55","modified_gmt":"2026-04-18T12:31:55","slug":"starke-verben-unregelmasige-verben-des-deutschen-zum-uben-nachschlagen-buch","status":"publish","type":"product","link":"https:\/\/exlibris.ee\/en\/product\/starke-verben-unregelmasige-verben-des-deutschen-zum-uben-nachschlagen-buch\/","title":{"rendered":"Starke Verben  Unregelm\u00e4\u00dfige Verben des Deutschen zum \u00dcben &amp; Nachschlagen \/ Buch"},"content":{"rendered":"<p>Dieses \u00dcbungsbuch trainiert die wichtigsten unregelm\u00e4\u00dfigen Verben der deutschen Sprache und zeigt sie in ihren verschiedenen Bedeutungsvarianten. Zahlreiche \u00dcbungen helfen, den Gebrauch zu sichern. Eine umfangreiche Verbliste mit authentischen Beispiels\u00e4tzen hilft beim Lernen und Nachschlagen. Ein \u00dcbungsbuch f\u00fcr die Grund-, Mittel- und Oberstufe.<\/p>\n","protected":false},"excerpt":{"rendered":"<p>Dieses \u00dcbungsbuch trainiert die wichtigsten unregelm\u00e4\u00dfigen Verben der deutschen Sprache und zeigt sie in ihren verschiedenen Bedeutungsvarianten. Zahlreiche \u00dcbungen helfen, den Gebrauch zu sichern. Eine umfangreiche Verbliste mit authentischen Beispiels\u00e4tzen hilft beim Lernen und Nachschlagen. Ein \u00dcbungsbuch f\u00fcr die Grund-,&#8230;<\/p>\n","protected":false},"featured_media":337772,"template":"","meta":{"_acf_changed":false,"inline_featured_image":false},"product_brand":[],"product_cat":[480],"product_tag":[],"series":[{"id":1273,"name":"Starke Verben","slug":"starke-verben"}],"publisher":[{"id":497,"name":"Hueber Verlag","slug":"hueber-verlag"}],"class_list":{"0":"post-80178","1":"product","2":"type-product","3":"status-publish","4":"has-post-thumbnail","6":"product_cat-grammatiken","7":"series-starke-verben","8":"publisher-hueber-verlag","10":"first","11":"instock","12":"taxable","13":"shipping-taxable","14":"purchasable","15":"product-type-simple"},"acf":[],"_links":{"self":[{"href":"https:\/\/exlibris.ee\/en\/wp-json\/wp\/v2\/product\/80178","targetHints":{"allow":["GET"]}}],"collection":[{"href":"https:\/\/exlibris.ee\/en\/wp-json\/wp\/v2\/product"}],"about":[{"href":"https:\/\/exlibris.ee\/en\/wp-json\/wp\/v2\/types\/product"}],"wp:featuredmedia":[{"embeddable":true,"href":"https:\/\/exlibris.ee\/en\/wp-json\/wp\/v2\/media\/337772"}],"wp:attachment":[{"href":"https:\/\/exlibris.ee\/en\/wp-json\/wp\/v2\/media?parent=80178"}],"wp:term":[{"taxonomy":"product_brand","embeddable":true,"href":"https:\/\/exlibris.ee\/en\/wp-json\/wp\/v2\/product_brand?post=80178"},{"taxonomy":"product_cat","embeddable":true,"href":"https:\/\/exlibris.ee\/en\/wp-json\/wp\/v2\/product_cat?post=80178"},{"taxonomy":"product_tag","embeddable":true,"href":"https:\/\/exlibris.ee\/en\/wp-json\/wp\/v2\/product_tag?post=80178"},{"taxonomy":"series","embeddable":true,"href":"https:\/\/exlibris.ee\/en\/wp-json\/wp\/v2\/series?post=80178"},{"taxonomy":"publisher","embeddable":true,"href":"https:\/\/exlibris.ee\/en\/wp-json\/wp\/v2\/publisher?post=80178"}],"curies":[{"name":"wp","href":"https:\/\/api.w.org\/{rel}","templated":true}]}}