{"id":80181,"date":"2023-06-13T10:44:06","date_gmt":"2023-06-13T07:44:06","guid":{"rendered":"https:\/\/exlibris.ee\/toode\/tamburin-1-deutsch-fur-kinder-arbeitsbuch\/"},"modified":"2026-04-04T03:15:56","modified_gmt":"2026-04-04T00:15:56","slug":"tamburin-1-deutsch-fur-kinder-arbeitsbuch","status":"publish","type":"product","link":"https:\/\/exlibris.ee\/en\/product\/tamburin-1-deutsch-fur-kinder-arbeitsbuch\/","title":{"rendered":"Tamburin 1  Deutsch f\u00fcr Kinder \/ Arbeitsbuch"},"content":{"rendered":"<p>Das Arbeitsbuch bietet eine F\u00fclle von \u00dcbungsformen zum Intensivieren und Differenzieren der Arbeit im Unterricht und zu Hause. Zu jeder \u00dcbung im Arbeitsbuch ist die Bezugs\u00fcbung im Lehrbuch und der Differenzierungsgrad ausgewiesen.<\/p>\n","protected":false},"excerpt":{"rendered":"<p>Das Arbeitsbuch bietet eine F\u00fclle von \u00dcbungsformen zum Intensivieren und Differenzieren der Arbeit im Unterricht und zu Hause. Zu jeder \u00dcbung im Arbeitsbuch ist die Bezugs\u00fcbung im Lehrbuch und der Differenzierungsgrad ausgewiesen.<\/p>\n","protected":false},"featured_media":80150,"template":"","meta":{"_acf_changed":false,"inline_featured_image":false},"product_brand":[],"product_cat":[471],"product_tag":[],"series":[{"id":1268,"name":"Tamburin","slug":"tamburin"}],"publisher":[{"id":497,"name":"Hueber Verlag","slug":"hueber-verlag"}],"class_list":{"0":"post-80181","1":"product","2":"type-product","3":"status-publish","4":"has-post-thumbnail","6":"product_cat-lehrwerke-fur-kinder","7":"series-tamburin","8":"publisher-hueber-verlag","10":"first","11":"instock","12":"taxable","13":"shipping-taxable","14":"purchasable","15":"product-type-simple"},"acf":[],"_links":{"self":[{"href":"https:\/\/exlibris.ee\/en\/wp-json\/wp\/v2\/product\/80181","targetHints":{"allow":["GET"]}}],"collection":[{"href":"https:\/\/exlibris.ee\/en\/wp-json\/wp\/v2\/product"}],"about":[{"href":"https:\/\/exlibris.ee\/en\/wp-json\/wp\/v2\/types\/product"}],"wp:featuredmedia":[{"embeddable":true,"href":"https:\/\/exlibris.ee\/en\/wp-json\/wp\/v2\/media\/80150"}],"wp:attachment":[{"href":"https:\/\/exlibris.ee\/en\/wp-json\/wp\/v2\/media?parent=80181"}],"wp:term":[{"taxonomy":"product_brand","embeddable":true,"href":"https:\/\/exlibris.ee\/en\/wp-json\/wp\/v2\/product_brand?post=80181"},{"taxonomy":"product_cat","embeddable":true,"href":"https:\/\/exlibris.ee\/en\/wp-json\/wp\/v2\/product_cat?post=80181"},{"taxonomy":"product_tag","embeddable":true,"href":"https:\/\/exlibris.ee\/en\/wp-json\/wp\/v2\/product_tag?post=80181"},{"taxonomy":"series","embeddable":true,"href":"https:\/\/exlibris.ee\/en\/wp-json\/wp\/v2\/series?post=80181"},{"taxonomy":"publisher","embeddable":true,"href":"https:\/\/exlibris.ee\/en\/wp-json\/wp\/v2\/publisher?post=80181"}],"curies":[{"name":"wp","href":"https:\/\/api.w.org\/{rel}","templated":true}]}}