{"id":80185,"date":"2023-06-13T10:44:06","date_gmt":"2023-06-13T07:44:06","guid":{"rendered":"https:\/\/exlibris.ee\/toode\/tamburin-1-unterrichtspraktische-hinweise-transkription-der-hortexte-und-ubungen-zur-aussprache-lehrplanubersicht-lehrerhandbuch\/"},"modified":"2026-04-04T03:16:02","modified_gmt":"2026-04-04T00:16:02","slug":"tamburin-1-unterrichtspraktische-hinweise-transkription-der-hortexte-und-ubungen-zur-aussprache-lehrplanubersicht-lehrerhandbuch","status":"publish","type":"product","link":"https:\/\/exlibris.ee\/en\/product\/tamburin-1-unterrichtspraktische-hinweise-transkription-der-hortexte-und-ubungen-zur-aussprache-lehrplanubersicht-lehrerhandbuch\/","title":{"rendered":"Tamburin 1  Unterrichtspraktische Hinweise, Transkription der H\u00f6rtexte und \u00dcbungen zur Aussprache, Lehrplan\u00fcbersicht \/ Lehrerhandbuch"},"content":{"rendered":"<p>Das Lehrerhandbuch gibt in \u00fcbersichtlicher Form unterrichtspraktische Hinweise zum Lehrwerk. Au\u00dferdem bietet es eine ausf\u00fchrliche Lehrplan\u00fcbersicht, in der die Lernziele, Lerninhalte und Unterrichtsverfahren zu allen Lektionen aufgelistet sind. Die Transkriptionen der H\u00f6r- und Nachsprechtexte aus dem Lehrbuch schlie\u00dfen das Lehrerhandbuch ab.<\/p>\n","protected":false},"excerpt":{"rendered":"<p>Das Lehrerhandbuch gibt in \u00fcbersichtlicher Form unterrichtspraktische Hinweise zum Lehrwerk. Au\u00dferdem bietet es eine ausf\u00fchrliche Lehrplan\u00fcbersicht, in der die Lernziele, Lerninhalte und Unterrichtsverfahren zu allen Lektionen aufgelistet sind. Die Transkriptionen der H\u00f6r- und Nachsprechtexte aus dem Lehrbuch schlie\u00dfen das Lehrerhandbuch&#8230;<\/p>\n","protected":false},"featured_media":80162,"template":"","meta":{"_acf_changed":false,"inline_featured_image":false},"product_brand":[],"product_cat":[471],"product_tag":[],"series":[{"id":1268,"name":"Tamburin","slug":"tamburin"}],"publisher":[{"id":497,"name":"Hueber Verlag","slug":"hueber-verlag"}],"class_list":{"0":"post-80185","1":"product","2":"type-product","3":"status-publish","4":"has-post-thumbnail","6":"product_cat-lehrwerke-fur-kinder","7":"series-tamburin","8":"publisher-hueber-verlag","10":"first","11":"instock","12":"taxable","13":"shipping-taxable","14":"purchasable","15":"product-type-simple"},"acf":[],"_links":{"self":[{"href":"https:\/\/exlibris.ee\/en\/wp-json\/wp\/v2\/product\/80185","targetHints":{"allow":["GET"]}}],"collection":[{"href":"https:\/\/exlibris.ee\/en\/wp-json\/wp\/v2\/product"}],"about":[{"href":"https:\/\/exlibris.ee\/en\/wp-json\/wp\/v2\/types\/product"}],"wp:featuredmedia":[{"embeddable":true,"href":"https:\/\/exlibris.ee\/en\/wp-json\/wp\/v2\/media\/80162"}],"wp:attachment":[{"href":"https:\/\/exlibris.ee\/en\/wp-json\/wp\/v2\/media?parent=80185"}],"wp:term":[{"taxonomy":"product_brand","embeddable":true,"href":"https:\/\/exlibris.ee\/en\/wp-json\/wp\/v2\/product_brand?post=80185"},{"taxonomy":"product_cat","embeddable":true,"href":"https:\/\/exlibris.ee\/en\/wp-json\/wp\/v2\/product_cat?post=80185"},{"taxonomy":"product_tag","embeddable":true,"href":"https:\/\/exlibris.ee\/en\/wp-json\/wp\/v2\/product_tag?post=80185"},{"taxonomy":"series","embeddable":true,"href":"https:\/\/exlibris.ee\/en\/wp-json\/wp\/v2\/series?post=80185"},{"taxonomy":"publisher","embeddable":true,"href":"https:\/\/exlibris.ee\/en\/wp-json\/wp\/v2\/publisher?post=80185"}],"curies":[{"name":"wp","href":"https:\/\/api.w.org\/{rel}","templated":true}]}}