{"id":80259,"date":"2023-06-13T10:45:17","date_gmt":"2023-06-13T07:45:17","guid":{"rendered":"https:\/\/exlibris.ee\/toode\/tangram-aktuell-2-lektion-5-8-lehrerhandbuch\/"},"modified":"2026-04-05T15:28:39","modified_gmt":"2026-04-05T12:28:39","slug":"tangram-aktuell-2-lektion-5-8-lehrerhandbuch","status":"publish","type":"product","link":"https:\/\/exlibris.ee\/en\/product\/tangram-aktuell-2-lektion-5-8-lehrerhandbuch\/","title":{"rendered":"Tangram aktuell 2 \u2013 Lektion 5\u20138  Lehrerhandbuch"},"content":{"rendered":"<p>Das Lehrerhandbuch zu Tangram aktuell 2 enth\u00e4lt: \u2013 Unterrichtsvorschl\u00e4ge, methodische Anregungen und weitere Hinweise zu jeder Kursbuchseite; \u2013 landeskundliche Informationen und Spiele; \u2013 Kopiervorlagen f\u00fcr weitere Kursaktivit\u00e4ten. Hinweise zur Durchf\u00fchrung der Pr\u00fcfung sowie die Transkriptionen der H\u00f6rtexte erg\u00e4nzen das Angebot.<\/p>\n","protected":false},"excerpt":{"rendered":"<p>Das Lehrerhandbuch zu Tangram aktuell 2 enth\u00e4lt: \u2013 Unterrichtsvorschl\u00e4ge, methodische Anregungen und weitere Hinweise zu jeder Kursbuchseite; \u2013 landeskundliche Informationen und Spiele; \u2013 Kopiervorlagen f\u00fcr weitere Kursaktivit\u00e4ten. Hinweise zur Durchf\u00fchrung der Pr\u00fcfung sowie die Transkriptionen der H\u00f6rtexte erg\u00e4nzen das Angebot.<\/p>\n","protected":false},"featured_media":80206,"template":"","meta":{"_acf_changed":false,"inline_featured_image":false},"product_brand":[],"product_cat":[1121],"product_tag":[],"series":[{"id":1272,"name":"Tangram aktuell","slug":"tangram-aktuell"}],"publisher":[{"id":497,"name":"Hueber Verlag","slug":"hueber-verlag"}],"class_list":{"0":"post-80259","1":"product","2":"type-product","3":"status-publish","4":"has-post-thumbnail","6":"product_cat-lehrwerke-fur-jugendliche-und-erwachsene","7":"series-tangram-aktuell","8":"publisher-hueber-verlag","10":"first","11":"instock","12":"taxable","13":"shipping-taxable","14":"purchasable","15":"product-type-simple"},"acf":[],"_links":{"self":[{"href":"https:\/\/exlibris.ee\/en\/wp-json\/wp\/v2\/product\/80259","targetHints":{"allow":["GET"]}}],"collection":[{"href":"https:\/\/exlibris.ee\/en\/wp-json\/wp\/v2\/product"}],"about":[{"href":"https:\/\/exlibris.ee\/en\/wp-json\/wp\/v2\/types\/product"}],"wp:featuredmedia":[{"embeddable":true,"href":"https:\/\/exlibris.ee\/en\/wp-json\/wp\/v2\/media\/80206"}],"wp:attachment":[{"href":"https:\/\/exlibris.ee\/en\/wp-json\/wp\/v2\/media?parent=80259"}],"wp:term":[{"taxonomy":"product_brand","embeddable":true,"href":"https:\/\/exlibris.ee\/en\/wp-json\/wp\/v2\/product_brand?post=80259"},{"taxonomy":"product_cat","embeddable":true,"href":"https:\/\/exlibris.ee\/en\/wp-json\/wp\/v2\/product_cat?post=80259"},{"taxonomy":"product_tag","embeddable":true,"href":"https:\/\/exlibris.ee\/en\/wp-json\/wp\/v2\/product_tag?post=80259"},{"taxonomy":"series","embeddable":true,"href":"https:\/\/exlibris.ee\/en\/wp-json\/wp\/v2\/series?post=80259"},{"taxonomy":"publisher","embeddable":true,"href":"https:\/\/exlibris.ee\/en\/wp-json\/wp\/v2\/publisher?post=80259"}],"curies":[{"name":"wp","href":"https:\/\/api.w.org\/{rel}","templated":true}]}}