{"id":80260,"date":"2023-06-13T10:45:17","date_gmt":"2023-06-13T07:45:17","guid":{"rendered":"https:\/\/exlibris.ee\/toode\/sindbad-der-seefahrer-leseheft\/"},"modified":"2026-04-05T15:28:39","modified_gmt":"2026-04-05T12:28:39","slug":"sindbad-der-seefahrer-leseheft","status":"publish","type":"product","link":"https:\/\/exlibris.ee\/en\/product\/sindbad-der-seefahrer-leseheft\/","title":{"rendered":"Sindbad der Seefahrer  Leseheft"},"content":{"rendered":"<p>Leseclub&#8221; ist eine Reihe mit Lekt\u00fcren f\u00fcr Kinder in der Grundstufe. Auf der Niveaustufe A1 werden M\u00e4rchen nacherz\u00e4hlt. Die durchgehend vierfarbigen Illustrationen stehen im Mittelpunkt und unterst\u00fctzen das Verst\u00e4ndnis des Textes. Der zentrale Wortschatz ist am Anfang des Buches aufgelistet. Auf einer seiner Handelsreisen erleidet Sindbad Schiffbruch. Ein gro\u00dfer Vogel bringt ihn auf den Diamanten-Berg. In einem schweren Sturm rettet er sich sp\u00e4ter auf die Affen-Insel.<\/p>\n","protected":false},"excerpt":{"rendered":"<p>Leseclub&#8221; ist eine Reihe mit Lekt\u00fcren f\u00fcr Kinder in der Grundstufe. Auf der Niveaustufe A1 werden M\u00e4rchen nacherz\u00e4hlt. Die durchgehend vierfarbigen Illustrationen stehen im Mittelpunkt und unterst\u00fctzen das Verst\u00e4ndnis des Textes. Der zentrale Wortschatz ist am Anfang des Buches aufgelistet&#8230;.<\/p>\n","protected":false},"featured_media":80209,"template":"","meta":{"_acf_changed":false,"inline_featured_image":false},"product_brand":[],"product_cat":[851],"product_tag":[],"series":[],"publisher":[{"id":497,"name":"Hueber Verlag","slug":"hueber-verlag"}],"class_list":{"0":"post-80260","1":"product","2":"type-product","3":"status-publish","4":"has-post-thumbnail","6":"product_cat-lesetexte-deutsch","7":"publisher-hueber-verlag","9":"first","10":"instock","11":"taxable","12":"shipping-taxable","13":"purchasable","14":"product-type-simple"},"acf":[],"_links":{"self":[{"href":"https:\/\/exlibris.ee\/en\/wp-json\/wp\/v2\/product\/80260","targetHints":{"allow":["GET"]}}],"collection":[{"href":"https:\/\/exlibris.ee\/en\/wp-json\/wp\/v2\/product"}],"about":[{"href":"https:\/\/exlibris.ee\/en\/wp-json\/wp\/v2\/types\/product"}],"wp:featuredmedia":[{"embeddable":true,"href":"https:\/\/exlibris.ee\/en\/wp-json\/wp\/v2\/media\/80209"}],"wp:attachment":[{"href":"https:\/\/exlibris.ee\/en\/wp-json\/wp\/v2\/media?parent=80260"}],"wp:term":[{"taxonomy":"product_brand","embeddable":true,"href":"https:\/\/exlibris.ee\/en\/wp-json\/wp\/v2\/product_brand?post=80260"},{"taxonomy":"product_cat","embeddable":true,"href":"https:\/\/exlibris.ee\/en\/wp-json\/wp\/v2\/product_cat?post=80260"},{"taxonomy":"product_tag","embeddable":true,"href":"https:\/\/exlibris.ee\/en\/wp-json\/wp\/v2\/product_tag?post=80260"},{"taxonomy":"series","embeddable":true,"href":"https:\/\/exlibris.ee\/en\/wp-json\/wp\/v2\/series?post=80260"},{"taxonomy":"publisher","embeddable":true,"href":"https:\/\/exlibris.ee\/en\/wp-json\/wp\/v2\/publisher?post=80260"}],"curies":[{"name":"wp","href":"https:\/\/api.w.org\/{rel}","templated":true}]}}