{"id":80261,"date":"2023-06-13T10:45:17","date_gmt":"2023-06-13T07:45:17","guid":{"rendered":"https:\/\/exlibris.ee\/toode\/so-gelingts-a-german-course-for-beginners-interaktive-version\/"},"modified":"2026-04-18T15:33:55","modified_gmt":"2026-04-18T12:33:55","slug":"so-gelingts-a-german-course-for-beginners-interaktive-version","status":"publish","type":"product","link":"https:\/\/exlibris.ee\/en\/product\/so-gelingts-a-german-course-for-beginners-interaktive-version\/","title":{"rendered":"So gelingt\u00b4s!  A German Course for Beginners \/ Interaktive Version"},"content":{"rendered":"<p>Zielgruppe Selbstlernende mit Lernerfahrung und guten Englischkenntnissen; auch geeignet f\u00fcr den Unterricht mit ehrenamtlichen Sprachbegleitern oder in Integrationskursen; die Beherrschung des lateinischen Alphabets wird vorausgesetzt &#8211; f\u00fcr den Selbstunterricht sowie f\u00fcr den lehrergelenkten Unterricht (Integrationskursen, Willkommensklassen etc) geeignet &#8211; klarer Lektionsaufbau und \u00fcbersichtliches Layout. &#8211; f\u00fchrt zum Niveau B1 in einem Band durch eine steile Progression. &#8211; Texte als Ausgangspunkt f\u00fcr den Aufbau von Wortschatz und Grammatik &#8211; landeskundliche und kulturelle Hintergrundinformationen helfen bei der Integration &#8211; zahlreiche \u00dcbungen und spielerische Extras wie Kreuzwortr\u00e4tsel -.ausf\u00fchrlicher Anhang mit L\u00f6sungsschl\u00fcssel und Wortregister sowie alphabetischen Listen der Grammatikregeln, grammatischen Fachbegriffe und unregelm\u00e4\u00dfigen Verben &#8211; alle Texte und Erkl\u00e4rungen mit englischer \u00dcbersetzung Audioaufnahmen der 45 Texte sind kostenlos \u00fcber die integrierte MP3-CD und als kostenloser MP3-Download zug\u00e4nglich.<\/p>\n","protected":false},"excerpt":{"rendered":"<p>Zielgruppe Selbstlernende mit Lernerfahrung und guten Englischkenntnissen; auch geeignet f\u00fcr den Unterricht mit ehrenamtlichen Sprachbegleitern oder in Integrationskursen; die Beherrschung des lateinischen Alphabets wird vorausgesetzt &#8211; f\u00fcr den Selbstunterricht sowie f\u00fcr den lehrergelenkten Unterricht (Integrationskursen, Willkommensklassen etc) geeignet &#8211; klarer&#8230;<\/p>\n","protected":false},"featured_media":337872,"template":"","meta":{"_acf_changed":false,"inline_featured_image":false},"product_brand":[],"product_cat":[538],"product_tag":[],"series":[{"id":1275,"name":"So gelingt\u00b4s!","slug":"so-gelingts"}],"publisher":[{"id":497,"name":"Hueber Verlag","slug":"hueber-verlag"}],"class_list":{"0":"post-80261","1":"product","2":"type-product","3":"status-publish","4":"has-post-thumbnail","6":"product_cat-lehrwerke-fur-erwachsene","7":"series-so-gelingts","8":"publisher-hueber-verlag","10":"first","11":"onbackorder","12":"taxable","13":"shipping-taxable","14":"purchasable","15":"product-type-simple"},"acf":[],"_links":{"self":[{"href":"https:\/\/exlibris.ee\/en\/wp-json\/wp\/v2\/product\/80261","targetHints":{"allow":["GET"]}}],"collection":[{"href":"https:\/\/exlibris.ee\/en\/wp-json\/wp\/v2\/product"}],"about":[{"href":"https:\/\/exlibris.ee\/en\/wp-json\/wp\/v2\/types\/product"}],"wp:featuredmedia":[{"embeddable":true,"href":"https:\/\/exlibris.ee\/en\/wp-json\/wp\/v2\/media\/337872"}],"wp:attachment":[{"href":"https:\/\/exlibris.ee\/en\/wp-json\/wp\/v2\/media?parent=80261"}],"wp:term":[{"taxonomy":"product_brand","embeddable":true,"href":"https:\/\/exlibris.ee\/en\/wp-json\/wp\/v2\/product_brand?post=80261"},{"taxonomy":"product_cat","embeddable":true,"href":"https:\/\/exlibris.ee\/en\/wp-json\/wp\/v2\/product_cat?post=80261"},{"taxonomy":"product_tag","embeddable":true,"href":"https:\/\/exlibris.ee\/en\/wp-json\/wp\/v2\/product_tag?post=80261"},{"taxonomy":"series","embeddable":true,"href":"https:\/\/exlibris.ee\/en\/wp-json\/wp\/v2\/series?post=80261"},{"taxonomy":"publisher","embeddable":true,"href":"https:\/\/exlibris.ee\/en\/wp-json\/wp\/v2\/publisher?post=80261"}],"curies":[{"name":"wp","href":"https:\/\/api.w.org\/{rel}","templated":true}]}}