{"id":80263,"date":"2023-06-13T10:45:17","date_gmt":"2023-06-13T07:45:17","guid":{"rendered":"https:\/\/exlibris.ee\/toode\/siegfrieds-tod-nach-motiven-aus-dem-nibelungenlied-frei-erzahlt-von-franz-specht-pdf-mp3-download\/"},"modified":"2026-04-06T09:11:38","modified_gmt":"2026-04-06T06:11:38","slug":"siegfrieds-tod-nach-motiven-aus-dem-nibelungenlied-frei-erzahlt-von-franz-specht-pdf-mp3-download","status":"publish","type":"product","link":"https:\/\/exlibris.ee\/en\/product\/siegfrieds-tod-nach-motiven-aus-dem-nibelungenlied-frei-erzahlt-von-franz-specht-pdf-mp3-download\/","title":{"rendered":"Siegfrieds Tod  nach Motiven aus dem Nibelungenlied frei erz\u00e4hlt von Franz Specht \/ PDF\/MP3-Download"},"content":{"rendered":"<p>Reduziert auf die f\u00fcnf Hauptfiguren Kriemhild, Siegfried, Gunther, Hagen und Br\u00fcnhild werden wichtige Motive aus dem ersten Teil des Nibelungenlieds nacherz\u00e4hlt \u2013 von Kriemhilds Falkentraum bis zu Siegfrieds Tod. Die Geschichte l\u00e4sst keine jener Zutaten aus, die heute auch Kinofilme oder TV-Serien spannend machen: Liebe, Neid, Eifersucht, Entt\u00e4uschung, Intrige, Hass und Trauer. Mittelalter? So lang kann das nicht her sein, oder?.<\/p>\n","protected":false},"excerpt":{"rendered":"<p>Reduziert auf die f\u00fcnf Hauptfiguren Kriemhild, Siegfried, Gunther, Hagen und Br\u00fcnhild werden wichtige Motive aus dem ersten Teil des Nibelungenlieds nacherz\u00e4hlt \u2013 von Kriemhilds Falkentraum bis zu Siegfrieds Tod. Die Geschichte l\u00e4sst keine jener Zutaten aus, die heute auch Kinofilme&#8230;<\/p>\n","protected":false},"featured_media":80218,"template":"","meta":{"_acf_changed":false,"inline_featured_image":false},"product_brand":[],"product_cat":[851],"product_tag":[],"series":[{"id":1271,"name":"Siegfrieds Tod","slug":"siegfrieds-tod"}],"publisher":[{"id":497,"name":"Hueber Verlag","slug":"hueber-verlag"}],"class_list":{"0":"post-80263","1":"product","2":"type-product","3":"status-publish","4":"has-post-thumbnail","6":"product_cat-lesetexte-deutsch","7":"series-siegfrieds-tod","8":"publisher-hueber-verlag","10":"first","11":"onbackorder","12":"taxable","13":"shipping-taxable","14":"purchasable","15":"product-type-simple"},"acf":[],"_links":{"self":[{"href":"https:\/\/exlibris.ee\/en\/wp-json\/wp\/v2\/product\/80263","targetHints":{"allow":["GET"]}}],"collection":[{"href":"https:\/\/exlibris.ee\/en\/wp-json\/wp\/v2\/product"}],"about":[{"href":"https:\/\/exlibris.ee\/en\/wp-json\/wp\/v2\/types\/product"}],"wp:featuredmedia":[{"embeddable":true,"href":"https:\/\/exlibris.ee\/en\/wp-json\/wp\/v2\/media\/80218"}],"wp:attachment":[{"href":"https:\/\/exlibris.ee\/en\/wp-json\/wp\/v2\/media?parent=80263"}],"wp:term":[{"taxonomy":"product_brand","embeddable":true,"href":"https:\/\/exlibris.ee\/en\/wp-json\/wp\/v2\/product_brand?post=80263"},{"taxonomy":"product_cat","embeddable":true,"href":"https:\/\/exlibris.ee\/en\/wp-json\/wp\/v2\/product_cat?post=80263"},{"taxonomy":"product_tag","embeddable":true,"href":"https:\/\/exlibris.ee\/en\/wp-json\/wp\/v2\/product_tag?post=80263"},{"taxonomy":"series","embeddable":true,"href":"https:\/\/exlibris.ee\/en\/wp-json\/wp\/v2\/series?post=80263"},{"taxonomy":"publisher","embeddable":true,"href":"https:\/\/exlibris.ee\/en\/wp-json\/wp\/v2\/publisher?post=80263"}],"curies":[{"name":"wp","href":"https:\/\/api.w.org\/{rel}","templated":true}]}}