{"id":80268,"date":"2023-06-13T10:45:17","date_gmt":"2023-06-13T07:45:17","guid":{"rendered":"https:\/\/exlibris.ee\/toode\/tamtam-erster-kontakt-deutsch-fur-kinder-arbeitsbuch\/"},"modified":"2026-04-17T15:37:50","modified_gmt":"2026-04-17T12:37:50","slug":"tamtam-erster-kontakt-deutsch-fur-kinder-arbeitsbuch","status":"publish","type":"product","link":"https:\/\/exlibris.ee\/en\/product\/tamtam-erster-kontakt-deutsch-fur-kinder-arbeitsbuch\/","title":{"rendered":"Tamtam  Erster Kontakt Deutsch f\u00fcr Kinder \/ Arbeitsbuch"},"content":{"rendered":"<p>Der Sprachkurs vermittelt auf spielerische Weise erste S\u00e4tze und einfache Strukturen. Ein integrierter Leselehrgang und die Einf\u00fchrung der Buchstaben des lateinischen Alphabets f\u00fchren zum Erkennen von Wortbildern und dem Schreiben erster W\u00f6rter und S\u00e4tze.<\/p>\n","protected":false},"excerpt":{"rendered":"<p>Der Sprachkurs vermittelt auf spielerische Weise erste S\u00e4tze und einfache Strukturen. Ein integrierter Leselehrgang und die Einf\u00fchrung der Buchstaben des lateinischen Alphabets f\u00fchren zum Erkennen von Wortbildern und dem Schreiben erster W\u00f6rter und S\u00e4tze.<\/p>\n","protected":false},"featured_media":320958,"template":"","meta":{"_acf_changed":false,"inline_featured_image":false},"product_brand":[],"product_cat":[471],"product_tag":[],"series":[{"id":1274,"name":"Tamtam","slug":"tamtam"}],"publisher":[{"id":497,"name":"Hueber Verlag","slug":"hueber-verlag"}],"class_list":{"0":"post-80268","1":"product","2":"type-product","3":"status-publish","4":"has-post-thumbnail","6":"product_cat-lehrwerke-fur-kinder","7":"series-tamtam","8":"publisher-hueber-verlag","10":"first","11":"instock","12":"taxable","13":"shipping-taxable","14":"purchasable","15":"product-type-simple"},"acf":[],"_links":{"self":[{"href":"https:\/\/exlibris.ee\/en\/wp-json\/wp\/v2\/product\/80268","targetHints":{"allow":["GET"]}}],"collection":[{"href":"https:\/\/exlibris.ee\/en\/wp-json\/wp\/v2\/product"}],"about":[{"href":"https:\/\/exlibris.ee\/en\/wp-json\/wp\/v2\/types\/product"}],"wp:featuredmedia":[{"embeddable":true,"href":"https:\/\/exlibris.ee\/en\/wp-json\/wp\/v2\/media\/320958"}],"wp:attachment":[{"href":"https:\/\/exlibris.ee\/en\/wp-json\/wp\/v2\/media?parent=80268"}],"wp:term":[{"taxonomy":"product_brand","embeddable":true,"href":"https:\/\/exlibris.ee\/en\/wp-json\/wp\/v2\/product_brand?post=80268"},{"taxonomy":"product_cat","embeddable":true,"href":"https:\/\/exlibris.ee\/en\/wp-json\/wp\/v2\/product_cat?post=80268"},{"taxonomy":"product_tag","embeddable":true,"href":"https:\/\/exlibris.ee\/en\/wp-json\/wp\/v2\/product_tag?post=80268"},{"taxonomy":"series","embeddable":true,"href":"https:\/\/exlibris.ee\/en\/wp-json\/wp\/v2\/series?post=80268"},{"taxonomy":"publisher","embeddable":true,"href":"https:\/\/exlibris.ee\/en\/wp-json\/wp\/v2\/publisher?post=80268"}],"curies":[{"name":"wp","href":"https:\/\/api.w.org\/{rel}","templated":true}]}}