{"id":80367,"date":"2023-06-13T10:47:15","date_gmt":"2023-06-13T07:47:15","guid":{"rendered":"https:\/\/exlibris.ee\/toode\/tangram-aktuell-1-ubungsheft\/"},"modified":"2026-04-05T15:33:55","modified_gmt":"2026-04-05T12:33:55","slug":"tangram-aktuell-1-ubungsheft","status":"publish","type":"product","link":"https:\/\/exlibris.ee\/en\/product\/tangram-aktuell-1-ubungsheft\/","title":{"rendered":"Tangram aktuell 1  \u00dcbungsheft"},"content":{"rendered":"<p>Das \u00dcbungsheft zu Tangram aktuell 1 enth\u00e4lt Zusatz\u00fcbungen, mit denen die Lernenden den Grammatikstoff einer Lektion selbstst\u00e4ndig wiederholen k\u00f6nnen.<\/p>\n","protected":false},"excerpt":{"rendered":"<p>Das \u00dcbungsheft zu Tangram aktuell 1 enth\u00e4lt Zusatz\u00fcbungen, mit denen die Lernenden den Grammatikstoff einer Lektion selbstst\u00e4ndig wiederholen k\u00f6nnen.<\/p>\n","protected":false},"featured_media":80336,"template":"","meta":{"_acf_changed":false,"inline_featured_image":false},"product_brand":[],"product_cat":[897],"product_tag":[],"series":[{"id":1272,"name":"Tangram aktuell","slug":"tangram-aktuell"}],"publisher":[{"id":497,"name":"Hueber Verlag","slug":"hueber-verlag"}],"class_list":{"0":"post-80367","1":"product","2":"type-product","3":"status-publish","4":"has-post-thumbnail","6":"product_cat-keeleope-leiunurk","7":"series-tangram-aktuell","8":"publisher-hueber-verlag","10":"first","11":"instock","12":"taxable","13":"shipping-taxable","14":"purchasable","15":"product-type-simple"},"acf":[],"_links":{"self":[{"href":"https:\/\/exlibris.ee\/en\/wp-json\/wp\/v2\/product\/80367","targetHints":{"allow":["GET"]}}],"collection":[{"href":"https:\/\/exlibris.ee\/en\/wp-json\/wp\/v2\/product"}],"about":[{"href":"https:\/\/exlibris.ee\/en\/wp-json\/wp\/v2\/types\/product"}],"wp:featuredmedia":[{"embeddable":true,"href":"https:\/\/exlibris.ee\/en\/wp-json\/wp\/v2\/media\/80336"}],"wp:attachment":[{"href":"https:\/\/exlibris.ee\/en\/wp-json\/wp\/v2\/media?parent=80367"}],"wp:term":[{"taxonomy":"product_brand","embeddable":true,"href":"https:\/\/exlibris.ee\/en\/wp-json\/wp\/v2\/product_brand?post=80367"},{"taxonomy":"product_cat","embeddable":true,"href":"https:\/\/exlibris.ee\/en\/wp-json\/wp\/v2\/product_cat?post=80367"},{"taxonomy":"product_tag","embeddable":true,"href":"https:\/\/exlibris.ee\/en\/wp-json\/wp\/v2\/product_tag?post=80367"},{"taxonomy":"series","embeddable":true,"href":"https:\/\/exlibris.ee\/en\/wp-json\/wp\/v2\/series?post=80367"},{"taxonomy":"publisher","embeddable":true,"href":"https:\/\/exlibris.ee\/en\/wp-json\/wp\/v2\/publisher?post=80367"}],"curies":[{"name":"wp","href":"https:\/\/api.w.org\/{rel}","templated":true}]}}