{"id":80368,"date":"2023-06-13T10:47:16","date_gmt":"2023-06-13T07:47:16","guid":{"rendered":"https:\/\/exlibris.ee\/toode\/tangram-aktuell-2-ubungsheft\/"},"modified":"2026-04-16T17:38:18","modified_gmt":"2026-04-16T14:38:18","slug":"tangram-aktuell-2-ubungsheft","status":"publish","type":"product","link":"https:\/\/exlibris.ee\/en\/product\/tangram-aktuell-2-ubungsheft\/","title":{"rendered":"Tangram aktuell 2  \u00dcbungsheft"},"content":{"rendered":"<p>Das \u00dcbungsheft zu den beiden Teilb\u00e4nden von Tangram aktuell 2 enth\u00e4lt zus\u00e4tzliche \u00dcbungen f\u00fcr die Lektionen 1\u20137, mit denen die Lernenden den Grammatikstoff jeder Lektion selbstst\u00e4ndig wiederholen und sich so auf die Pr\u00fcfung der Niveaustufe A2 (Start Deutsch 2) vorbereiten k\u00f6nnen.<\/p>\n","protected":false},"excerpt":{"rendered":"<p>Das \u00dcbungsheft zu den beiden Teilb\u00e4nden von Tangram aktuell 2 enth\u00e4lt zus\u00e4tzliche \u00dcbungen f\u00fcr die Lektionen 1\u20137, mit denen die Lernenden den Grammatikstoff jeder Lektion selbstst\u00e4ndig wiederholen und sich so auf die Pr\u00fcfung der Niveaustufe A2 (Start Deutsch 2) vorbereiten&#8230;<\/p>\n","protected":false},"featured_media":303876,"template":"","meta":{"_acf_changed":false,"inline_featured_image":false},"product_brand":[],"product_cat":[897],"product_tag":[],"series":[{"id":1272,"name":"Tangram aktuell","slug":"tangram-aktuell"}],"publisher":[{"id":497,"name":"Hueber Verlag","slug":"hueber-verlag"}],"class_list":{"0":"post-80368","1":"product","2":"type-product","3":"status-publish","4":"has-post-thumbnail","6":"product_cat-keeleope-leiunurk","7":"series-tangram-aktuell","8":"publisher-hueber-verlag","10":"first","11":"instock","12":"taxable","13":"shipping-taxable","14":"purchasable","15":"product-type-simple"},"acf":[],"_links":{"self":[{"href":"https:\/\/exlibris.ee\/en\/wp-json\/wp\/v2\/product\/80368","targetHints":{"allow":["GET"]}}],"collection":[{"href":"https:\/\/exlibris.ee\/en\/wp-json\/wp\/v2\/product"}],"about":[{"href":"https:\/\/exlibris.ee\/en\/wp-json\/wp\/v2\/types\/product"}],"wp:featuredmedia":[{"embeddable":true,"href":"https:\/\/exlibris.ee\/en\/wp-json\/wp\/v2\/media\/303876"}],"wp:attachment":[{"href":"https:\/\/exlibris.ee\/en\/wp-json\/wp\/v2\/media?parent=80368"}],"wp:term":[{"taxonomy":"product_brand","embeddable":true,"href":"https:\/\/exlibris.ee\/en\/wp-json\/wp\/v2\/product_brand?post=80368"},{"taxonomy":"product_cat","embeddable":true,"href":"https:\/\/exlibris.ee\/en\/wp-json\/wp\/v2\/product_cat?post=80368"},{"taxonomy":"product_tag","embeddable":true,"href":"https:\/\/exlibris.ee\/en\/wp-json\/wp\/v2\/product_tag?post=80368"},{"taxonomy":"series","embeddable":true,"href":"https:\/\/exlibris.ee\/en\/wp-json\/wp\/v2\/series?post=80368"},{"taxonomy":"publisher","embeddable":true,"href":"https:\/\/exlibris.ee\/en\/wp-json\/wp\/v2\/publisher?post=80368"}],"curies":[{"name":"wp","href":"https:\/\/api.w.org\/{rel}","templated":true}]}}