{"id":80372,"date":"2023-06-13T10:47:16","date_gmt":"2023-06-13T07:47:16","guid":{"rendered":"https:\/\/exlibris.ee\/toode\/sicher-im-beruf-c1-berufsmaterialien-pdf-download\/"},"modified":"2026-04-18T15:41:12","modified_gmt":"2026-04-18T12:41:12","slug":"sicher-im-beruf-c1-berufsmaterialien-pdf-download","status":"publish","type":"product","link":"https:\/\/exlibris.ee\/en\/product\/sicher-im-beruf-c1-berufsmaterialien-pdf-download\/","title":{"rendered":"Sicher! im Beruf C1  Berufsmaterialien PDF-Download"},"content":{"rendered":"<p>Die Berufsmaterialien von Sicher! C1 bieten f\u00fcr jede Lektion zwei didaktisierte Arbeitsbl\u00e4tter f\u00fcr die Bearbeitung im Kurs. Die Arbeitsbl\u00e4tter sind thematisch an die Lektion angebunden, aber mit berufsorientiertem Inhalt.<\/p>\n","protected":false},"excerpt":{"rendered":"<p>Die Berufsmaterialien von Sicher! C1 bieten f\u00fcr jede Lektion zwei didaktisierte Arbeitsbl\u00e4tter f\u00fcr die Bearbeitung im Kurs. Die Arbeitsbl\u00e4tter sind thematisch an die Lektion angebunden, aber mit berufsorientiertem Inhalt.<\/p>\n","protected":false},"featured_media":338186,"template":"","meta":{"_acf_changed":false,"inline_featured_image":false},"product_brand":[],"product_cat":[885],"product_tag":[],"series":[{"id":1278,"name":"Sicher! im Beruf","slug":"sicher-im-beruf"}],"publisher":[{"id":497,"name":"Hueber Verlag","slug":"hueber-verlag"}],"class_list":{"0":"post-80372","1":"product","2":"type-product","3":"status-publish","4":"has-post-thumbnail","6":"product_cat-berufssprache","7":"series-sicher-im-beruf","8":"publisher-hueber-verlag","10":"first","11":"onbackorder","12":"taxable","13":"shipping-taxable","14":"purchasable","15":"product-type-simple"},"acf":[],"_links":{"self":[{"href":"https:\/\/exlibris.ee\/en\/wp-json\/wp\/v2\/product\/80372","targetHints":{"allow":["GET"]}}],"collection":[{"href":"https:\/\/exlibris.ee\/en\/wp-json\/wp\/v2\/product"}],"about":[{"href":"https:\/\/exlibris.ee\/en\/wp-json\/wp\/v2\/types\/product"}],"wp:featuredmedia":[{"embeddable":true,"href":"https:\/\/exlibris.ee\/en\/wp-json\/wp\/v2\/media\/338186"}],"wp:attachment":[{"href":"https:\/\/exlibris.ee\/en\/wp-json\/wp\/v2\/media?parent=80372"}],"wp:term":[{"taxonomy":"product_brand","embeddable":true,"href":"https:\/\/exlibris.ee\/en\/wp-json\/wp\/v2\/product_brand?post=80372"},{"taxonomy":"product_cat","embeddable":true,"href":"https:\/\/exlibris.ee\/en\/wp-json\/wp\/v2\/product_cat?post=80372"},{"taxonomy":"product_tag","embeddable":true,"href":"https:\/\/exlibris.ee\/en\/wp-json\/wp\/v2\/product_tag?post=80372"},{"taxonomy":"series","embeddable":true,"href":"https:\/\/exlibris.ee\/en\/wp-json\/wp\/v2\/series?post=80372"},{"taxonomy":"publisher","embeddable":true,"href":"https:\/\/exlibris.ee\/en\/wp-json\/wp\/v2\/publisher?post=80372"}],"curies":[{"name":"wp","href":"https:\/\/api.w.org\/{rel}","templated":true}]}}