{"id":80373,"date":"2023-06-13T10:47:16","date_gmt":"2023-06-13T07:47:16","guid":{"rendered":"https:\/\/exlibris.ee\/toode\/sicher-in-alltag-und-beruf-c1-2-lehrerhandbuch\/"},"modified":"2026-04-13T05:35:01","modified_gmt":"2026-04-13T02:35:01","slug":"sicher-in-alltag-und-beruf-c1-2-lehrerhandbuch","status":"publish","type":"product","link":"https:\/\/exlibris.ee\/en\/product\/sicher-in-alltag-und-beruf-c1-2-lehrerhandbuch\/","title":{"rendered":"Sicher in Alltag und Beruf! C1.2  Lehrerhandbuch"},"content":{"rendered":"<p>Das Lehrerhandbuch enth\u00e4lt: &#8211; Konzeptbeschreibung &#8211; methodisch-didaktische Hinweise zu jeder Seite im Kursbuch mit praktischen Tipps zu Unterrichtsmethoden und zur Binnendifferenzierung (Vertiefungsaufgaben), Verkn\u00fcpfung der Arbeitsbuchaufgaben, Hinweise zu Mein Dossier, Phonetik, Lernwortschatz und Tests &#8211; L\u00f6sungen der Aufgaben im Kursbuch &#8211; Kopiervorlagen und Tests &#8211; Methodenglossar: alphabetische Auflistung und Erkl\u00e4rung der vorgeschlagenen Methoden &#8211; Transkripte der H\u00f6rtexte des Kursbuchs und der DVD &#8211; L\u00f6sungen zu den Tests.<\/p>\n","protected":false},"excerpt":{"rendered":"<p>Das Lehrerhandbuch enth\u00e4lt: &#8211; Konzeptbeschreibung &#8211; methodisch-didaktische Hinweise zu jeder Seite im Kursbuch mit praktischen Tipps zu Unterrichtsmethoden und zur Binnendifferenzierung (Vertiefungsaufgaben), Verkn\u00fcpfung der Arbeitsbuchaufgaben, Hinweise zu Mein Dossier, Phonetik, Lernwortschatz und Tests &#8211; L\u00f6sungen der Aufgaben im Kursbuch &#8211;&#8230;<\/p>\n","protected":false},"featured_media":236033,"template":"","meta":{"_acf_changed":false,"inline_featured_image":false},"product_brand":[],"product_cat":[885],"product_tag":[],"series":[{"id":1267,"name":"Sicher in Alltag und Beruf!","slug":"sicher-in-alltag-und-beruf"}],"publisher":[{"id":497,"name":"Hueber Verlag","slug":"hueber-verlag"}],"class_list":{"0":"post-80373","1":"product","2":"type-product","3":"status-publish","4":"has-post-thumbnail","6":"product_cat-berufssprache","7":"series-sicher-in-alltag-und-beruf","8":"publisher-hueber-verlag","10":"first","11":"onbackorder","12":"taxable","13":"shipping-taxable","14":"purchasable","15":"product-type-simple"},"acf":[],"_links":{"self":[{"href":"https:\/\/exlibris.ee\/en\/wp-json\/wp\/v2\/product\/80373","targetHints":{"allow":["GET"]}}],"collection":[{"href":"https:\/\/exlibris.ee\/en\/wp-json\/wp\/v2\/product"}],"about":[{"href":"https:\/\/exlibris.ee\/en\/wp-json\/wp\/v2\/types\/product"}],"wp:featuredmedia":[{"embeddable":true,"href":"https:\/\/exlibris.ee\/en\/wp-json\/wp\/v2\/media\/236033"}],"wp:attachment":[{"href":"https:\/\/exlibris.ee\/en\/wp-json\/wp\/v2\/media?parent=80373"}],"wp:term":[{"taxonomy":"product_brand","embeddable":true,"href":"https:\/\/exlibris.ee\/en\/wp-json\/wp\/v2\/product_brand?post=80373"},{"taxonomy":"product_cat","embeddable":true,"href":"https:\/\/exlibris.ee\/en\/wp-json\/wp\/v2\/product_cat?post=80373"},{"taxonomy":"product_tag","embeddable":true,"href":"https:\/\/exlibris.ee\/en\/wp-json\/wp\/v2\/product_tag?post=80373"},{"taxonomy":"series","embeddable":true,"href":"https:\/\/exlibris.ee\/en\/wp-json\/wp\/v2\/series?post=80373"},{"taxonomy":"publisher","embeddable":true,"href":"https:\/\/exlibris.ee\/en\/wp-json\/wp\/v2\/publisher?post=80373"}],"curies":[{"name":"wp","href":"https:\/\/api.w.org\/{rel}","templated":true}]}}