{"id":80374,"date":"2023-06-13T10:47:16","date_gmt":"2023-06-13T07:47:16","guid":{"rendered":"https:\/\/exlibris.ee\/toode\/sicher-c1-interaktive-digitale-ausgabe-digitalisiertes-arbeitsbuch-mit-integrierten-audiodateien-und-interaktiven-ubungen\/"},"modified":"2026-04-08T15:19:58","modified_gmt":"2026-04-08T12:19:58","slug":"sicher-c1-interaktive-digitale-ausgabe-digitalisiertes-arbeitsbuch-mit-integrierten-audiodateien-und-interaktiven-ubungen","status":"publish","type":"product","link":"https:\/\/exlibris.ee\/en\/product\/sicher-c1-interaktive-digitale-ausgabe-digitalisiertes-arbeitsbuch-mit-integrierten-audiodateien-und-interaktiven-ubungen\/","title":{"rendered":"Sicher! C1 \u2013 Interaktive digitale Ausgabe  Digitalisiertes Arbeitsbuch mit integrierten Audiodateien und interaktiven \u00dcbungen"},"content":{"rendered":"<p>Digitales Arbeitsbuch mit integrierten Audiodateien und zahlreichen interaktiven \u00dcbungen &#8211; vertiefende \u00dcbungen zu Wortschatz, Grammatik und allen Fertigkeiten &#8211; zu Beginn jeder Lektion Wiederholung wichtiger Wortfelder aus den vorhergehenden Stufen &#8211; Vorentlastung komplexer Grammatikthemen durch wiederholende Aufgaben &#8211; Selbsttest am Ende jeder Lektion &#8211; mit integrierten MP3-Dateien Zus\u00e4tzliche Funktionen auf der Lern-Plattform BlinkLearning In der Version f\u00fcr Lernende: Notenanzeige und Leistungsstandspeicherung bei den interaktiven \u00dcbungen. In der Version f\u00fcr Lehrkr\u00e4fte: Der Leistungsstand Ihrer einzelnen Sch\u00fcler\/innen und Ihrer Klasse wird Ihnen \u00fcbersichtlich angezeigt. Mit einem Klick k\u00f6nnen Sie Ihren Sch\u00fcler\/innen eine passende \u00dcbung zuweisen.<\/p>\n","protected":false},"excerpt":{"rendered":"<p>Digitales Arbeitsbuch mit integrierten Audiodateien und zahlreichen interaktiven \u00dcbungen &#8211; vertiefende \u00dcbungen zu Wortschatz, Grammatik und allen Fertigkeiten &#8211; zu Beginn jeder Lektion Wiederholung wichtiger Wortfelder aus den vorhergehenden Stufen &#8211; Vorentlastung komplexer Grammatikthemen durch wiederholende Aufgaben &#8211; Selbsttest am&#8230;<\/p>\n","protected":false},"featured_media":80357,"template":"","meta":{"_acf_changed":false,"inline_featured_image":false},"product_brand":[],"product_cat":[885],"product_tag":[],"series":[{"id":526,"name":"Sicher! C1","slug":"sicher-c1"}],"publisher":[{"id":497,"name":"Hueber Verlag","slug":"hueber-verlag"}],"class_list":{"0":"post-80374","1":"product","2":"type-product","3":"status-publish","4":"has-post-thumbnail","6":"product_cat-berufssprache","7":"series-sicher-c1","8":"publisher-hueber-verlag","10":"first","11":"onbackorder","12":"taxable","13":"shipping-taxable","14":"purchasable","15":"product-type-simple"},"acf":[],"_links":{"self":[{"href":"https:\/\/exlibris.ee\/en\/wp-json\/wp\/v2\/product\/80374","targetHints":{"allow":["GET"]}}],"collection":[{"href":"https:\/\/exlibris.ee\/en\/wp-json\/wp\/v2\/product"}],"about":[{"href":"https:\/\/exlibris.ee\/en\/wp-json\/wp\/v2\/types\/product"}],"wp:featuredmedia":[{"embeddable":true,"href":"https:\/\/exlibris.ee\/en\/wp-json\/wp\/v2\/media\/80357"}],"wp:attachment":[{"href":"https:\/\/exlibris.ee\/en\/wp-json\/wp\/v2\/media?parent=80374"}],"wp:term":[{"taxonomy":"product_brand","embeddable":true,"href":"https:\/\/exlibris.ee\/en\/wp-json\/wp\/v2\/product_brand?post=80374"},{"taxonomy":"product_cat","embeddable":true,"href":"https:\/\/exlibris.ee\/en\/wp-json\/wp\/v2\/product_cat?post=80374"},{"taxonomy":"product_tag","embeddable":true,"href":"https:\/\/exlibris.ee\/en\/wp-json\/wp\/v2\/product_tag?post=80374"},{"taxonomy":"series","embeddable":true,"href":"https:\/\/exlibris.ee\/en\/wp-json\/wp\/v2\/series?post=80374"},{"taxonomy":"publisher","embeddable":true,"href":"https:\/\/exlibris.ee\/en\/wp-json\/wp\/v2\/publisher?post=80374"}],"curies":[{"name":"wp","href":"https:\/\/api.w.org\/{rel}","templated":true}]}}