{"id":80415,"date":"2023-06-13T10:48:14","date_gmt":"2023-06-13T07:48:14","guid":{"rendered":"https:\/\/exlibris.ee\/toode\/sicher-in-alltag-und-beruf-b1-digitale-ausgabe-digitalisiertes-kurs-und-arbeitsbuch-mit-integrierten-audio-und-videodateien\/"},"modified":"2026-04-13T05:35:05","modified_gmt":"2026-04-13T02:35:05","slug":"sicher-in-alltag-und-beruf-b1-digitale-ausgabe-digitalisiertes-kurs-und-arbeitsbuch-mit-integrierten-audio-und-videodateien","status":"publish","type":"product","link":"https:\/\/exlibris.ee\/en\/product\/sicher-in-alltag-und-beruf-b1-digitale-ausgabe-digitalisiertes-kurs-und-arbeitsbuch-mit-integrierten-audio-und-videodateien\/","title":{"rendered":"Sicher in Alltag und Beruf! B1+ \u2013 Digitale Ausgabe  Digitalisiertes Kurs- und Arbeitsbuch mit integrierten Audio- und Videodateien"},"content":{"rendered":"<p>Digitale Ausgabe mit integrierten Audio- und Videodateien Sicher in Alltag und Beruf! ist die Deutsch-als-Zweitsprache-Ausgabe des Erfolgslehrwerks Sicher! Mit dem bekannten modularen Baukastensystem von Sicher! bietet das Lehrwerk zielgruppengerechte Aufgaben und Themen f\u00fcr allgemeinsprachliche und berufssprachliche Kurse in Deutschland, \u00d6sterreich und der Schweiz und international.  &#8211; Viele Themen, Aufgaben und Details aus Sicher! wurden erneuert oder ver\u00e4ndert und somit der Zielgruppe der Erwachsenen und jungen Erwachsenen im deutschsprachigen Inland sowie im Ausland noch besser angepasst. &#8211; Neu ist auch, dass in Sicher in Alltag und Beruf! auf jede zweite Lektion vier Seiten \u201eExtra: Beruf\u201c folgen. Darin werden verschiedene Aspekte der Berufswelt thematisiert. &#8211; In jedem \u201eExtra: Beruf\u201c gibt es einen Protagonisten und ein Spezialthema (z. B. Anerkennung von Berufsabschl\u00fcssen oder Stellenanzeigen lesen und verstehen). &#8211; Gute Handhabbarkeit, Baukastensystem (gro\u00dfe Flexibilit\u00e4t!), \u00dcbersichtlichkeit. Durch das ausgeglichene Verh\u00e4ltnis von allgemeinsprachlichen und berufssprachlichen Themen bietet das Lehrwerk Sicher in Alltag und Beruf! eine perfekte Grundlage f\u00fcr den Unterricht in Berufssprachkursen.<\/p>\n","protected":false},"excerpt":{"rendered":"<p>Digitale Ausgabe mit integrierten Audio- und Videodateien Sicher in Alltag und Beruf! ist die Deutsch-als-Zweitsprache-Ausgabe des Erfolgslehrwerks Sicher! Mit dem bekannten modularen Baukastensystem von Sicher! bietet das Lehrwerk zielgruppengerechte Aufgaben und Themen f\u00fcr allgemeinsprachliche und berufssprachliche Kurse in Deutschland, \u00d6sterreich&#8230;<\/p>\n","protected":false},"featured_media":236055,"template":"","meta":{"_acf_changed":false,"inline_featured_image":false},"product_brand":[],"product_cat":[885],"product_tag":[],"series":[{"id":1267,"name":"Sicher in Alltag und Beruf!","slug":"sicher-in-alltag-und-beruf"}],"publisher":[{"id":497,"name":"Hueber Verlag","slug":"hueber-verlag"}],"class_list":{"0":"post-80415","1":"product","2":"type-product","3":"status-publish","4":"has-post-thumbnail","6":"product_cat-berufssprache","7":"series-sicher-in-alltag-und-beruf","8":"publisher-hueber-verlag","10":"first","11":"onbackorder","12":"taxable","13":"shipping-taxable","14":"purchasable","15":"product-type-simple"},"acf":[],"_links":{"self":[{"href":"https:\/\/exlibris.ee\/en\/wp-json\/wp\/v2\/product\/80415","targetHints":{"allow":["GET"]}}],"collection":[{"href":"https:\/\/exlibris.ee\/en\/wp-json\/wp\/v2\/product"}],"about":[{"href":"https:\/\/exlibris.ee\/en\/wp-json\/wp\/v2\/types\/product"}],"wp:featuredmedia":[{"embeddable":true,"href":"https:\/\/exlibris.ee\/en\/wp-json\/wp\/v2\/media\/236055"}],"wp:attachment":[{"href":"https:\/\/exlibris.ee\/en\/wp-json\/wp\/v2\/media?parent=80415"}],"wp:term":[{"taxonomy":"product_brand","embeddable":true,"href":"https:\/\/exlibris.ee\/en\/wp-json\/wp\/v2\/product_brand?post=80415"},{"taxonomy":"product_cat","embeddable":true,"href":"https:\/\/exlibris.ee\/en\/wp-json\/wp\/v2\/product_cat?post=80415"},{"taxonomy":"product_tag","embeddable":true,"href":"https:\/\/exlibris.ee\/en\/wp-json\/wp\/v2\/product_tag?post=80415"},{"taxonomy":"series","embeddable":true,"href":"https:\/\/exlibris.ee\/en\/wp-json\/wp\/v2\/series?post=80415"},{"taxonomy":"publisher","embeddable":true,"href":"https:\/\/exlibris.ee\/en\/wp-json\/wp\/v2\/publisher?post=80415"}],"curies":[{"name":"wp","href":"https:\/\/api.w.org\/{rel}","templated":true}]}}