{"id":80420,"date":"2023-06-13T10:48:15","date_gmt":"2023-06-13T07:48:15","guid":{"rendered":"https:\/\/exlibris.ee\/toode\/sicher-ubungsgrammatik\/"},"modified":"2026-04-14T19:29:20","modified_gmt":"2026-04-14T16:29:20","slug":"sicher-ubungsgrammatik","status":"publish","type":"product","link":"https:\/\/exlibris.ee\/en\/product\/sicher-ubungsgrammatik\/","title":{"rendered":"Sicher! \u00dcbungsgrammatik"},"content":{"rendered":"<p>ideale Erg\u00e4nzung zum Lehrwerk Sicher! &#8211; auch lehrwerksunabh\u00e4ngig einsetzbar &#8211; Vertiefung und Wiederholung der Grund- und Mittelstufengrammatik &#8211; \u00dcberblick \u00fcber die frequenten Ph\u00e4nomene der deutschen Grammatik &#8211; Doppelseitenkonzept: links \u201eDarstellungsseite\u201c mit Strukturen und Regeln, rechts \u201e\u00dcbungsseite\u201c mit vielf\u00e4ltigem \u00dcbungsangebot &#8211; Betrachtung der Ph\u00e4nomene mit Bezug auf typische Schwierigkeiten &#8211; gleichm\u00e4\u00dfige Lernportionen &#8211; \u00dcbungen nach drei Schwierigkeitsstufen gestaffelt &#8211; separater L\u00f6sungsschl\u00fcssel in Buchmitte geklammert beigelegt &#8211; geeignet f\u00fcr den Einsatz im Unterricht und das Selbststudium zu Hause.<\/p>\n","protected":false},"excerpt":{"rendered":"<p>ideale Erg\u00e4nzung zum Lehrwerk Sicher! &#8211; auch lehrwerksunabh\u00e4ngig einsetzbar &#8211; Vertiefung und Wiederholung der Grund- und Mittelstufengrammatik &#8211; \u00dcberblick \u00fcber die frequenten Ph\u00e4nomene der deutschen Grammatik &#8211; Doppelseitenkonzept: links \u201eDarstellungsseite\u201c mit Strukturen und Regeln, rechts \u201e\u00dcbungsseite\u201c mit vielf\u00e4ltigem \u00dcbungsangebot &#8211;&#8230;<\/p>\n","protected":false},"featured_media":269777,"template":"","meta":{"_acf_changed":false,"inline_featured_image":false},"product_brand":[],"product_cat":[885],"product_tag":[],"series":[{"id":1279,"name":"Sicher! \u00dcbungsgrammatik","slug":"sicher-ubungsgrammatik"}],"publisher":[{"id":497,"name":"Hueber Verlag","slug":"hueber-verlag"}],"class_list":{"0":"post-80420","1":"product","2":"type-product","3":"status-publish","4":"has-post-thumbnail","6":"product_cat-berufssprache","7":"series-sicher-ubungsgrammatik","8":"publisher-hueber-verlag","10":"first","11":"instock","12":"taxable","13":"shipping-taxable","14":"purchasable","15":"product-type-simple"},"acf":[],"_links":{"self":[{"href":"https:\/\/exlibris.ee\/en\/wp-json\/wp\/v2\/product\/80420","targetHints":{"allow":["GET"]}}],"collection":[{"href":"https:\/\/exlibris.ee\/en\/wp-json\/wp\/v2\/product"}],"about":[{"href":"https:\/\/exlibris.ee\/en\/wp-json\/wp\/v2\/types\/product"}],"wp:featuredmedia":[{"embeddable":true,"href":"https:\/\/exlibris.ee\/en\/wp-json\/wp\/v2\/media\/269777"}],"wp:attachment":[{"href":"https:\/\/exlibris.ee\/en\/wp-json\/wp\/v2\/media?parent=80420"}],"wp:term":[{"taxonomy":"product_brand","embeddable":true,"href":"https:\/\/exlibris.ee\/en\/wp-json\/wp\/v2\/product_brand?post=80420"},{"taxonomy":"product_cat","embeddable":true,"href":"https:\/\/exlibris.ee\/en\/wp-json\/wp\/v2\/product_cat?post=80420"},{"taxonomy":"product_tag","embeddable":true,"href":"https:\/\/exlibris.ee\/en\/wp-json\/wp\/v2\/product_tag?post=80420"},{"taxonomy":"series","embeddable":true,"href":"https:\/\/exlibris.ee\/en\/wp-json\/wp\/v2\/series?post=80420"},{"taxonomy":"publisher","embeddable":true,"href":"https:\/\/exlibris.ee\/en\/wp-json\/wp\/v2\/publisher?post=80420"}],"curies":[{"name":"wp","href":"https:\/\/api.w.org\/{rel}","templated":true}]}}