{"id":80424,"date":"2023-06-13T10:48:15","date_gmt":"2023-06-13T07:48:15","guid":{"rendered":"https:\/\/exlibris.ee\/toode\/sicher-aktuell-b2-paket-lehrerhandbuch-b2-1-und-b2-2\/"},"modified":"2026-04-18T15:43:07","modified_gmt":"2026-04-18T12:43:07","slug":"sicher-aktuell-b2-paket-lehrerhandbuch-b2-1-und-b2-2","status":"publish","type":"product","link":"https:\/\/exlibris.ee\/en\/product\/sicher-aktuell-b2-paket-lehrerhandbuch-b2-1-und-b2-2\/","title":{"rendered":"Sicher! aktuell B2  Paket Lehrerhandbuch B2.1 und B2.2"},"content":{"rendered":"<p>Konzeptbeschreibung &#8211; ausf\u00fchrliches Unterrichtsraster mit Tipps zu Methodik, Landeskunde uvm. &#8211; zus\u00e4tzliche Kopiervorlagen zu den Lektionen &#8211; Transkriptionen der H\u00f6rtexte &#8211; L\u00f6sungen zum Kurs- und Arbeitsbuch.<\/p>\n","protected":false},"excerpt":{"rendered":"<p>Konzeptbeschreibung &#8211; ausf\u00fchrliches Unterrichtsraster mit Tipps zu Methodik, Landeskunde uvm. &#8211; zus\u00e4tzliche Kopiervorlagen zu den Lektionen &#8211; Transkriptionen der H\u00f6rtexte &#8211; L\u00f6sungen zum Kurs- und Arbeitsbuch.<\/p>\n","protected":false},"featured_media":338300,"template":"","meta":{"_acf_changed":false,"inline_featured_image":false},"product_brand":[],"product_cat":[885],"product_tag":[],"series":[{"id":1280,"name":"Sicher! aktuell B2","slug":"sicher-aktuell-b2"}],"publisher":[{"id":497,"name":"Hueber Verlag","slug":"hueber-verlag"}],"class_list":{"0":"post-80424","1":"product","2":"type-product","3":"status-publish","4":"has-post-thumbnail","6":"product_cat-berufssprache","7":"series-sicher-aktuell-b2","8":"publisher-hueber-verlag","10":"first","11":"onbackorder","12":"taxable","13":"shipping-taxable","14":"purchasable","15":"product-type-simple"},"acf":[],"_links":{"self":[{"href":"https:\/\/exlibris.ee\/en\/wp-json\/wp\/v2\/product\/80424","targetHints":{"allow":["GET"]}}],"collection":[{"href":"https:\/\/exlibris.ee\/en\/wp-json\/wp\/v2\/product"}],"about":[{"href":"https:\/\/exlibris.ee\/en\/wp-json\/wp\/v2\/types\/product"}],"wp:featuredmedia":[{"embeddable":true,"href":"https:\/\/exlibris.ee\/en\/wp-json\/wp\/v2\/media\/338300"}],"wp:attachment":[{"href":"https:\/\/exlibris.ee\/en\/wp-json\/wp\/v2\/media?parent=80424"}],"wp:term":[{"taxonomy":"product_brand","embeddable":true,"href":"https:\/\/exlibris.ee\/en\/wp-json\/wp\/v2\/product_brand?post=80424"},{"taxonomy":"product_cat","embeddable":true,"href":"https:\/\/exlibris.ee\/en\/wp-json\/wp\/v2\/product_cat?post=80424"},{"taxonomy":"product_tag","embeddable":true,"href":"https:\/\/exlibris.ee\/en\/wp-json\/wp\/v2\/product_tag?post=80424"},{"taxonomy":"series","embeddable":true,"href":"https:\/\/exlibris.ee\/en\/wp-json\/wp\/v2\/series?post=80424"},{"taxonomy":"publisher","embeddable":true,"href":"https:\/\/exlibris.ee\/en\/wp-json\/wp\/v2\/publisher?post=80424"}],"curies":[{"name":"wp","href":"https:\/\/api.w.org\/{rel}","templated":true}]}}