{"id":80427,"date":"2023-06-13T10:48:15","date_gmt":"2023-06-13T07:48:15","guid":{"rendered":"https:\/\/exlibris.ee\/toode\/sicher-aktuell-b2-interaktive-digitale-ausgabe-digitalisiertes-arbeitsbuch-mit-integrierten-audio-und-videodateien-und-interaktiven-zusatzubungen\/"},"modified":"2026-04-18T15:44:50","modified_gmt":"2026-04-18T12:44:50","slug":"sicher-aktuell-b2-interaktive-digitale-ausgabe-digitalisiertes-arbeitsbuch-mit-integrierten-audio-und-videodateien-und-interaktiven-zusatzubungen","status":"publish","type":"product","link":"https:\/\/exlibris.ee\/en\/product\/sicher-aktuell-b2-interaktive-digitale-ausgabe-digitalisiertes-arbeitsbuch-mit-integrierten-audio-und-videodateien-und-interaktiven-zusatzubungen\/","title":{"rendered":"Sicher! aktuell B2 \u2013 Interaktive digitale Ausgabe  Digitalisiertes Arbeitsbuch mit integrierten Audio- und Videodateien und interaktiven Zusatz\u00fcbungen"},"content":{"rendered":"<p>Digitales Arbeitsbuch mit integrierten Audio- und Videodateien und zahlreichen interaktiven \u00dcbungen &#8211; vertiefende \u00dcbungen zu Wortschatz, Grammatik und allen Fertigkeiten- zu Beginn jeder Lektion Wiederholung wichtiger Wortfelder aus den vorhergehenden Stufen &#8211; Vorentlastung komplexer Grammatikthemen durch wiederholende Aufgaben &#8211; Selbsttest am Ende jeder Lektion Zus\u00e4tzliche Funktionen auf der Lern-Plattform BlinkLearning In der Sch\u00fclerversion: Notenanzeige und Leistungsstandspeicherung bei den interaktiven \u00dcbungen. In der Version f\u00fcr Lehrkr\u00e4fte: Der Leistungsstand Ihrer einzelnen Sch\u00fcler\/innen und Ihrer Klasse wird Ihnen \u00fcbersichtlich angezeigt. Mit einem Klick k\u00f6nnen Sie Ihren Sch\u00fcler\/innen eine passende \u00dcbung zuweisen.<\/p>\n","protected":false},"excerpt":{"rendered":"<p>Digitales Arbeitsbuch mit integrierten Audio- und Videodateien und zahlreichen interaktiven \u00dcbungen &#8211; vertiefende \u00dcbungen zu Wortschatz, Grammatik und allen Fertigkeiten- zu Beginn jeder Lektion Wiederholung wichtiger Wortfelder aus den vorhergehenden Stufen &#8211; Vorentlastung komplexer Grammatikthemen durch wiederholende Aufgaben &#8211; Selbsttest&#8230;<\/p>\n","protected":false},"featured_media":338342,"template":"","meta":{"_acf_changed":false,"inline_featured_image":false},"product_brand":[],"product_cat":[885],"product_tag":[],"series":[{"id":1280,"name":"Sicher! aktuell B2","slug":"sicher-aktuell-b2"}],"publisher":[{"id":497,"name":"Hueber Verlag","slug":"hueber-verlag"}],"class_list":{"0":"post-80427","1":"product","2":"type-product","3":"status-publish","4":"has-post-thumbnail","6":"product_cat-berufssprache","7":"series-sicher-aktuell-b2","8":"publisher-hueber-verlag","10":"first","11":"onbackorder","12":"taxable","13":"shipping-taxable","14":"purchasable","15":"product-type-simple"},"acf":[],"_links":{"self":[{"href":"https:\/\/exlibris.ee\/en\/wp-json\/wp\/v2\/product\/80427","targetHints":{"allow":["GET"]}}],"collection":[{"href":"https:\/\/exlibris.ee\/en\/wp-json\/wp\/v2\/product"}],"about":[{"href":"https:\/\/exlibris.ee\/en\/wp-json\/wp\/v2\/types\/product"}],"wp:featuredmedia":[{"embeddable":true,"href":"https:\/\/exlibris.ee\/en\/wp-json\/wp\/v2\/media\/338342"}],"wp:attachment":[{"href":"https:\/\/exlibris.ee\/en\/wp-json\/wp\/v2\/media?parent=80427"}],"wp:term":[{"taxonomy":"product_brand","embeddable":true,"href":"https:\/\/exlibris.ee\/en\/wp-json\/wp\/v2\/product_brand?post=80427"},{"taxonomy":"product_cat","embeddable":true,"href":"https:\/\/exlibris.ee\/en\/wp-json\/wp\/v2\/product_cat?post=80427"},{"taxonomy":"product_tag","embeddable":true,"href":"https:\/\/exlibris.ee\/en\/wp-json\/wp\/v2\/product_tag?post=80427"},{"taxonomy":"series","embeddable":true,"href":"https:\/\/exlibris.ee\/en\/wp-json\/wp\/v2\/series?post=80427"},{"taxonomy":"publisher","embeddable":true,"href":"https:\/\/exlibris.ee\/en\/wp-json\/wp\/v2\/publisher?post=80427"}],"curies":[{"name":"wp","href":"https:\/\/api.w.org\/{rel}","templated":true}]}}